{"id":8962,"date":"2021-09-16T12:20:56","date_gmt":"2021-09-16T12:20:56","guid":{"rendered":"https:\/\/inelcogrinders.wpengine.com\/parts-for-truncator\/"},"modified":"2026-03-12T14:47:10","modified_gmt":"2026-03-12T14:47:10","slug":"parts-for-truncator","status":"publish","type":"page","link":"https:\/\/inelco-grinders.com\/da\/parts-for-truncator\/","title":{"rendered":"Reservedele til Stumpsliber"},"content":{"rendered":"\n<p>Her kan du finde forskellige reservedele og tilbeh\u00f8r til vores Stumpsliber og Stumpsliber-S. Hvis d\u00e9t, du leder efter, ikke findes p\u00e5 denne side, s\u00e5 <a href=\"https:\/\/inelco-grinders.com\/contact\/?lang=da\">kontakt os<\/a> venligst.  <\/p>\n","protected":false},"excerpt":{"rendered":"<p>Her kan du finde forskellige reservedele og tilbeh\u00f8r til vores Stumpsliber og Stumpsliber-S. Hvis d\u00e9t, du leder efter, ikke findes p\u00e5 denne side, s\u00e5 kontakt os venligst.<\/p>\n","protected":false},"author":1,"featured_media":0,"parent":0,"menu_order":18,"comment_status":"closed","ping_status":"closed","template":"parts-template.php","meta":{"_acf_changed":false,"inline_featured_image":false,"footnotes":""},"class_list":["post-8962","page","type-page","status-publish","hentry"],"acf":[],"yoast_head":"<!-- This site is optimized with the Yoast SEO plugin v27.0 - https:\/\/yoast.com\/product\/yoast-seo-wordpress\/ -->\n<title>Reservedele til Truncator | Inelco Grinders<\/title>\n<meta name=\"description\" content=\"Find reservedele og tilbeh\u00f8r til Truncator. Se bl.a. diamant skive, skruer, ramme og komponenter til vedligeholdelse af din TIG elektrodesliber.\" \/>\n<meta name=\"robots\" content=\"index, follow, max-snippet:-1, max-image-preview:large, max-video-preview:-1\" \/>\n<link rel=\"canonical\" href=\"https:\/\/inelco-grinders.com\/da\/parts-for-truncator\/\" \/>\n<meta property=\"og:locale\" content=\"da_DK\" \/>\n<meta property=\"og:type\" content=\"article\" \/>\n<meta property=\"og:title\" content=\"Reservedele til Truncator | Inelco Grinders\" \/>\n<meta property=\"og:description\" content=\"Find reservedele og tilbeh\u00f8r til Truncator. Se bl.a. diamant skive, skruer, ramme og komponenter til vedligeholdelse af din TIG elektrodesliber.\" \/>\n<meta property=\"og:url\" content=\"https:\/\/inelco-grinders.com\/da\/parts-for-truncator\/\" \/>\n<meta property=\"og:site_name\" content=\"Inelco Grinders\" \/>\n<meta property=\"article:publisher\" content=\"https:\/\/www.facebook.com\/inelcogrinders\" \/>\n<meta property=\"article:modified_time\" content=\"2026-03-12T14:47:10+00:00\" \/>\n<meta property=\"og:image\" content=\"https:\/\/inelco-grinders.com\/wp-content\/uploads\/2025\/10\/default_media_image.jpg\" \/>\n\t<meta property=\"og:image:width\" content=\"1200\" \/>\n\t<meta property=\"og:image:height\" content=\"675\" \/>\n\t<meta property=\"og:image:type\" content=\"image\/jpeg\" \/>\n<meta name=\"twitter:card\" content=\"summary_large_image\" \/>\n<meta name=\"twitter:label1\" content=\"Estimeret l\u00e6setid\" \/>\n\t<meta name=\"twitter:data1\" content=\"1 minut\" \/>\n<!-- \/ Yoast SEO plugin. -->","yoast_head_json":{"title":"Reservedele til Truncator | Inelco Grinders","description":"Find reservedele og tilbeh\u00f8r til Truncator. Se bl.a. diamant skive, skruer, ramme og komponenter til vedligeholdelse af din TIG elektrodesliber.","robots":{"index":"index","follow":"follow","max-snippet":"max-snippet:-1","max-image-preview":"max-image-preview:large","max-video-preview":"max-video-preview:-1"},"canonical":"https:\/\/inelco-grinders.com\/da\/parts-for-truncator\/","og_locale":"da_DK","og_type":"article","og_title":"Reservedele til Truncator | Inelco Grinders","og_description":"Find reservedele og tilbeh\u00f8r til Truncator. Se bl.a. diamant skive, skruer, ramme og komponenter til vedligeholdelse af din TIG elektrodesliber.","og_url":"https:\/\/inelco-grinders.com\/da\/parts-for-truncator\/","og_site_name":"Inelco Grinders","article_publisher":"https:\/\/www.facebook.com\/inelcogrinders","article_modified_time":"2026-03-12T14:47:10+00:00","og_image":[{"width":1200,"height":675,"url":"https:\/\/inelco-grinders.com\/wp-content\/uploads\/2025\/10\/default_media_image.jpg","type":"image\/jpeg"}],"twitter_card":"summary_large_image","twitter_misc":{"Estimeret l\u00e6setid":"1 minut"},"schema":{"@context":"https:\/\/schema.org","@graph":[{"@type":"WebPage","@id":"https:\/\/inelco-grinders.com\/da\/parts-for-truncator\/","url":"https:\/\/inelco-grinders.com\/da\/parts-for-truncator\/","name":"Reservedele til Truncator | Inelco Grinders","isPartOf":{"@id":"https:\/\/inelco-grinders.com\/da\/#website"},"datePublished":"2021-09-16T12:20:56+00:00","dateModified":"2026-03-12T14:47:10+00:00","description":"Find reservedele og tilbeh\u00f8r til Truncator. Se bl.a. diamant skive, skruer, ramme og komponenter til vedligeholdelse af din TIG elektrodesliber.","inLanguage":"da-DK","potentialAction":[{"@type":"ReadAction","target":["https:\/\/inelco-grinders.com\/da\/parts-for-truncator\/"]}]},{"@type":"WebSite","@id":"https:\/\/inelco-grinders.com\/da\/#website","url":"https:\/\/inelco-grinders.com\/da\/","name":"Inelco Grinders","description":"Grind tungsten electrodes safely &amp; economically","publisher":{"@id":"https:\/\/inelco-grinders.com\/da\/#organization"},"potentialAction":[{"@type":"SearchAction","target":{"@type":"EntryPoint","urlTemplate":"https:\/\/inelco-grinders.com\/da\/?s={search_term_string}"},"query-input":{"@type":"PropertyValueSpecification","valueRequired":true,"valueName":"search_term_string"}}],"inLanguage":"da-DK"},{"@type":"Organization","@id":"https:\/\/inelco-grinders.com\/da\/#organization","name":"Inelco Grinders","url":"https:\/\/inelco-grinders.com\/da\/","logo":{"@type":"ImageObject","inLanguage":"da-DK","@id":"https:\/\/inelco-grinders.com\/da\/#\/schema\/logo\/image\/","url":"https:\/\/inelco-grinders.com\/wp-content\/uploads\/2025\/10\/favicon-196x196-1.png","contentUrl":"https:\/\/inelco-grinders.com\/wp-content\/uploads\/2025\/10\/favicon-196x196-1.png","width":196,"height":196,"caption":"Inelco Grinders"},"image":{"@id":"https:\/\/inelco-grinders.com\/da\/#\/schema\/logo\/image\/"},"sameAs":["https:\/\/www.facebook.com\/inelcogrinders"]}]}},"featured_image_src":null,"featured_image_src_square":null,"_links":{"self":[{"href":"https:\/\/inelco-grinders.com\/da\/wp-json\/wp\/v2\/pages\/8962","targetHints":{"allow":["GET"]}}],"collection":[{"href":"https:\/\/inelco-grinders.com\/da\/wp-json\/wp\/v2\/pages"}],"about":[{"href":"https:\/\/inelco-grinders.com\/da\/wp-json\/wp\/v2\/types\/page"}],"author":[{"embeddable":true,"href":"https:\/\/inelco-grinders.com\/da\/wp-json\/wp\/v2\/users\/1"}],"replies":[{"embeddable":true,"href":"https:\/\/inelco-grinders.com\/da\/wp-json\/wp\/v2\/comments?post=8962"}],"version-history":[{"count":0,"href":"https:\/\/inelco-grinders.com\/da\/wp-json\/wp\/v2\/pages\/8962\/revisions"}],"wp:attachment":[{"href":"https:\/\/inelco-grinders.com\/da\/wp-json\/wp\/v2\/media?parent=8962"}],"curies":[{"name":"wp","href":"https:\/\/api.w.org\/{rel}","templated":true}]}}