{"id":16985,"date":"2026-03-10T09:37:37","date_gmt":"2026-03-10T09:37:37","guid":{"rendered":"https:\/\/inelco-grinders.com\/?post_type=product&#038;p=16985"},"modified":"2026-03-10T09:55:15","modified_gmt":"2026-03-10T09:55:15","slug":"trolley","status":"publish","type":"product","link":"https:\/\/inelco-grinders.com\/da\/product\/trolley\/","title":{"rendered":"Trolley"},"content":{"rendered":"\n<p>F\u00e5 en trolley til din wolfram-sliber og dit svejseudstyr.<\/p>\n\n\n\n<p>Opbevar dit vigtigste udstyr inden for r\u00e6kkevidde med vores trolley. Den er designet til at transportere din wolfram-sliber, slibev\u00e6ske, reservedele, svejsehjelm, wolframelektroder og meget mere \u2013 med alt samlet \u00e9t sted. Trolleyen er robust, lille og let at flytte, s\u00e5 den kan f\u00f8lge dig rundt i v\u00e6rkstedet, og du kan fokusere p\u00e5 arbejdet i stedet for at lede efter dit v\u00e6rkt\u00f8j.<\/p>\n\n\n\n<h4 class=\"wp-block-heading\">Egenskaber<\/h4>\n\n\n\n<ul class=\"wp-block-list\">\n<li>Medbring alt, hvad du har brug for<\/li>\n\n\n\n<li>Mobil og fleksibel l\u00f8sning<\/li>\n\n\n\n<li>Nem at flytte rundt<\/li>\n<\/ul>\n","protected":false},"featured_media":16848,"parent":0,"template":"","class_list":["post-16985","product","type-product","status-publish","has-post-thumbnail","hentry"],"acf":[],"yoast_head":"<!-- This site is optimized with the Yoast SEO plugin v27.0 - https:\/\/yoast.com\/product\/yoast-seo-wordpress\/ -->\n<title>Inelco Grinders&#039; Trolley<\/title>\n<meta name=\"description\" content=\"F\u00e5 en trolley til din wolfram-sliber og dit svejseudstyr. Opbevar dit vigtigste udstyr inden for r\u00e6kkevidde med vores trolley. Den er designet til at\" \/>\n<meta name=\"robots\" content=\"index, follow, max-snippet:-1, max-image-preview:large, max-video-preview:-1\" \/>\n<link rel=\"canonical\" href=\"https:\/\/inelco-grinders.com\/da\/product\/trolley\/\" \/>\n<meta property=\"og:locale\" content=\"da_DK\" \/>\n<meta property=\"og:type\" content=\"article\" \/>\n<meta property=\"og:title\" content=\"Inelco Grinders&#039; Trolley\" \/>\n<meta property=\"og:description\" content=\"F\u00e5 en trolley til din wolfram-sliber og dit svejseudstyr. Opbevar dit vigtigste udstyr inden for r\u00e6kkevidde med vores trolley. Den er designet til at\" \/>\n<meta property=\"og:url\" content=\"https:\/\/inelco-grinders.com\/da\/product\/trolley\/\" \/>\n<meta property=\"og:site_name\" content=\"Inelco Grinders\" \/>\n<meta property=\"article:publisher\" content=\"https:\/\/www.facebook.com\/inelcogrinders\" \/>\n<meta property=\"article:modified_time\" content=\"2026-03-10T09:55:15+00:00\" \/>\n<meta property=\"og:image\" content=\"https:\/\/inelco-grinders.com\/wp-content\/uploads\/2026\/02\/trolley_t_img1.jpg\" \/>\n\t<meta property=\"og:image:width\" content=\"288\" \/>\n\t<meta property=\"og:image:height\" content=\"234\" \/>\n\t<meta property=\"og:image:type\" content=\"image\/jpeg\" \/>\n<meta name=\"twitter:card\" content=\"summary_large_image\" \/>\n<meta name=\"twitter:label1\" content=\"Estimeret l\u00e6setid\" \/>\n\t<meta name=\"twitter:data1\" content=\"5 minutter\" \/>\n<!-- \/ Yoast SEO plugin. -->","yoast_head_json":{"title":"Inelco Grinders' Trolley","description":"F\u00e5 en trolley til din wolfram-sliber og dit svejseudstyr. Opbevar dit vigtigste udstyr inden for r\u00e6kkevidde med vores trolley. Den er designet til at","robots":{"index":"index","follow":"follow","max-snippet":"max-snippet:-1","max-image-preview":"max-image-preview:large","max-video-preview":"max-video-preview:-1"},"canonical":"https:\/\/inelco-grinders.com\/da\/product\/trolley\/","og_locale":"da_DK","og_type":"article","og_title":"Inelco Grinders' Trolley","og_description":"F\u00e5 en trolley til din wolfram-sliber og dit svejseudstyr. Opbevar dit vigtigste udstyr inden for r\u00e6kkevidde med vores trolley. Den er designet til at","og_url":"https:\/\/inelco-grinders.com\/da\/product\/trolley\/","og_site_name":"Inelco Grinders","article_publisher":"https:\/\/www.facebook.com\/inelcogrinders","article_modified_time":"2026-03-10T09:55:15+00:00","og_image":[{"width":288,"height":234,"url":"https:\/\/inelco-grinders.com\/wp-content\/uploads\/2026\/02\/trolley_t_img1.jpg","type":"image\/jpeg"}],"twitter_card":"summary_large_image","twitter_misc":{"Estimeret l\u00e6setid":"5 minutter"},"schema":{"@context":"https:\/\/schema.org","@graph":[{"@type":"WebPage","@id":"https:\/\/inelco-grinders.com\/da\/product\/trolley\/","url":"https:\/\/inelco-grinders.com\/da\/product\/trolley\/","name":"Inelco Grinders' Trolley","isPartOf":{"@id":"https:\/\/inelco-grinders.com\/da\/#website"},"primaryImageOfPage":{"@id":"https:\/\/inelco-grinders.com\/da\/product\/trolley\/#primaryimage"},"image":{"@id":"https:\/\/inelco-grinders.com\/da\/product\/trolley\/#primaryimage"},"thumbnailUrl":"https:\/\/inelco-grinders.com\/wp-content\/uploads\/2026\/02\/trolley_t_img1.jpg","datePublished":"2026-03-10T09:37:37+00:00","dateModified":"2026-03-10T09:55:15+00:00","description":"F\u00e5 en trolley til din wolfram-sliber og dit svejseudstyr. Opbevar dit vigtigste udstyr inden for r\u00e6kkevidde med vores trolley. Den er designet til at","inLanguage":"da-DK","potentialAction":[{"@type":"ReadAction","target":["https:\/\/inelco-grinders.com\/da\/product\/trolley\/"]}]},{"@type":"ImageObject","inLanguage":"da-DK","@id":"https:\/\/inelco-grinders.com\/da\/product\/trolley\/#primaryimage","url":"https:\/\/inelco-grinders.com\/wp-content\/uploads\/2026\/02\/trolley_t_img1.jpg","contentUrl":"https:\/\/inelco-grinders.com\/wp-content\/uploads\/2026\/02\/trolley_t_img1.jpg","width":288,"height":234},{"@type":"WebSite","@id":"https:\/\/inelco-grinders.com\/da\/#website","url":"https:\/\/inelco-grinders.com\/da\/","name":"Inelco Grinders","description":"Grind tungsten electrodes safely &amp; economically","publisher":{"@id":"https:\/\/inelco-grinders.com\/da\/#organization"},"potentialAction":[{"@type":"SearchAction","target":{"@type":"EntryPoint","urlTemplate":"https:\/\/inelco-grinders.com\/da\/?s={search_term_string}"},"query-input":{"@type":"PropertyValueSpecification","valueRequired":true,"valueName":"search_term_string"}}],"inLanguage":"da-DK"},{"@type":"Organization","@id":"https:\/\/inelco-grinders.com\/da\/#organization","name":"Inelco Grinders","url":"https:\/\/inelco-grinders.com\/da\/","logo":{"@type":"ImageObject","inLanguage":"da-DK","@id":"https:\/\/inelco-grinders.com\/da\/#\/schema\/logo\/image\/","url":"https:\/\/inelco-grinders.com\/wp-content\/uploads\/2025\/10\/favicon-196x196-1.png","contentUrl":"https:\/\/inelco-grinders.com\/wp-content\/uploads\/2025\/10\/favicon-196x196-1.png","width":196,"height":196,"caption":"Inelco Grinders"},"image":{"@id":"https:\/\/inelco-grinders.com\/da\/#\/schema\/logo\/image\/"},"sameAs":["https:\/\/www.facebook.com\/inelcogrinders"]}]}},"_links":{"self":[{"href":"https:\/\/inelco-grinders.com\/da\/wp-json\/wp\/v2\/product\/16985","targetHints":{"allow":["GET"]}}],"collection":[{"href":"https:\/\/inelco-grinders.com\/da\/wp-json\/wp\/v2\/product"}],"about":[{"href":"https:\/\/inelco-grinders.com\/da\/wp-json\/wp\/v2\/types\/product"}],"wp:featuredmedia":[{"embeddable":true,"href":"https:\/\/inelco-grinders.com\/da\/wp-json\/wp\/v2\/media\/16848"}],"wp:attachment":[{"href":"https:\/\/inelco-grinders.com\/da\/wp-json\/wp\/v2\/media?parent=16985"}],"curies":[{"name":"wp","href":"https:\/\/api.w.org\/{rel}","templated":true}]}}