{"id":8299,"date":"2021-07-01T16:27:27","date_gmt":"2021-07-01T16:27:27","guid":{"rendered":"https:\/\/inelcogrinders.wpengine.com\/product\/neutrix\/"},"modified":"2023-10-13T05:59:10","modified_gmt":"2023-10-13T05:59:10","slug":"neutrix","status":"publish","type":"product","link":"https:\/\/inelco-grinders.com\/da\/product\/neutrix\/","title":{"rendered":"Neutrix"},"content":{"rendered":"\n<p>Neutrix er en h\u00e5ndholdt og b\u00e6rbar t\u00f8rslibemaskine til slibning af wolframelektroder, perfekt til montagesvejsning. Det p\u00e5monterede st\u00f8vfilter og en st\u00f8vopsamler bidrager til et mere sikkert milj\u00f8 for svejseren \u2013 ogs\u00e5 uden for v\u00e6rkstedet.<\/p>\n\n\n\n<h4 class=\"wp-block-heading\">Egenskaber<\/h4>\n\n\n\n<ul class=\"wp-block-list\">\n<li>Lukket slibekammer og st\u00f8vfilter beskytter brugeren<\/li>\n\n\n\n<li>Trinl\u00f8s vinkelindstilling giver mere fleksibilitet<\/li>\n\n\n\n<li>Skueglas g\u00f8r det muligt at f\u00f8lge slibeprocessen<\/li>\n\n\n\n<li>Elektrodeholder sikrer centrering af spidsen og mindsker elektrode spild<\/li>\n\n\n\n<li>3 positioner p\u00e5 diamantskiven giver optimal udnyttelse<\/li>\n\n\n\n<li>St\u00e6rk motor med hastighedsjustering<\/li>\n<\/ul>\n","protected":false},"featured_media":124,"parent":0,"template":"","class_list":["post-8299","product","type-product","status-publish","has-post-thumbnail","hentry"],"acf":[],"yoast_head":"<!-- This site is optimized with the Yoast SEO plugin v27.0 - https:\/\/yoast.com\/product\/yoast-seo-wordpress\/ -->\n<title>Neutrix Wolfram Sliber | H\u00e5ndholdt og B\u00e6rbar | Inelco Grinders<\/title>\n<meta name=\"description\" content=\"Inelco Grinders&#039; Neutrix Wolfram Sliber er en h\u00e5ndholdt og transportabel t\u00f8rsliber til wolframelektroder. Book en gratis demo i dag!\" \/>\n<meta name=\"robots\" content=\"index, follow, max-snippet:-1, max-image-preview:large, max-video-preview:-1\" \/>\n<link rel=\"canonical\" href=\"https:\/\/inelco-grinders.com\/da\/product\/neutrix\/\" \/>\n<meta property=\"og:locale\" content=\"da_DK\" \/>\n<meta property=\"og:type\" content=\"article\" \/>\n<meta property=\"og:title\" content=\"Neutrix Wolfram Sliber | H\u00e5ndholdt og B\u00e6rbar | Inelco Grinders\" \/>\n<meta property=\"og:description\" content=\"Inelco Grinders&#039; Neutrix Wolfram Sliber er en h\u00e5ndholdt og transportabel t\u00f8rsliber til wolframelektroder. Book en gratis demo i dag!\" \/>\n<meta property=\"og:url\" content=\"https:\/\/inelco-grinders.com\/da\/product\/neutrix\/\" \/>\n<meta property=\"og:site_name\" content=\"Inelco Grinders\" \/>\n<meta property=\"article:publisher\" content=\"https:\/\/www.facebook.com\/inelcogrinders\" \/>\n<meta property=\"article:modified_time\" content=\"2023-10-13T05:59:10+00:00\" \/>\n<meta property=\"og:image\" content=\"https:\/\/inelco-grinders.com\/wp-content\/uploads\/2021\/07\/Neutrix.png\" \/>\n\t<meta property=\"og:image:width\" content=\"272\" \/>\n\t<meta property=\"og:image:height\" content=\"290\" \/>\n\t<meta property=\"og:image:type\" content=\"image\/png\" \/>\n<meta name=\"twitter:card\" content=\"summary_large_image\" \/>\n<meta name=\"twitter:label1\" content=\"Estimeret l\u00e6setid\" \/>\n\t<meta name=\"twitter:data1\" content=\"1 minut\" \/>\n<!-- \/ Yoast SEO plugin. -->","yoast_head_json":{"title":"Neutrix Wolfram Sliber | H\u00e5ndholdt og B\u00e6rbar | Inelco Grinders","description":"Inelco Grinders' Neutrix Wolfram Sliber er en h\u00e5ndholdt og transportabel t\u00f8rsliber til wolframelektroder. Book en gratis demo i dag!","robots":{"index":"index","follow":"follow","max-snippet":"max-snippet:-1","max-image-preview":"max-image-preview:large","max-video-preview":"max-video-preview:-1"},"canonical":"https:\/\/inelco-grinders.com\/da\/product\/neutrix\/","og_locale":"da_DK","og_type":"article","og_title":"Neutrix Wolfram Sliber | H\u00e5ndholdt og B\u00e6rbar | Inelco Grinders","og_description":"Inelco Grinders' Neutrix Wolfram Sliber er en h\u00e5ndholdt og transportabel t\u00f8rsliber til wolframelektroder. Book en gratis demo i dag!","og_url":"https:\/\/inelco-grinders.com\/da\/product\/neutrix\/","og_site_name":"Inelco Grinders","article_publisher":"https:\/\/www.facebook.com\/inelcogrinders","article_modified_time":"2023-10-13T05:59:10+00:00","og_image":[{"width":272,"height":290,"url":"https:\/\/inelco-grinders.com\/wp-content\/uploads\/2021\/07\/Neutrix.png","type":"image\/png"}],"twitter_card":"summary_large_image","twitter_misc":{"Estimeret l\u00e6setid":"1 minut"},"schema":{"@context":"https:\/\/schema.org","@graph":[{"@type":"WebPage","@id":"https:\/\/inelco-grinders.com\/da\/product\/neutrix\/","url":"https:\/\/inelco-grinders.com\/da\/product\/neutrix\/","name":"Neutrix Wolfram Sliber | H\u00e5ndholdt og B\u00e6rbar | Inelco Grinders","isPartOf":{"@id":"https:\/\/inelco-grinders.com\/da\/#website"},"primaryImageOfPage":{"@id":"https:\/\/inelco-grinders.com\/da\/product\/neutrix\/#primaryimage"},"image":{"@id":"https:\/\/inelco-grinders.com\/da\/product\/neutrix\/#primaryimage"},"thumbnailUrl":"https:\/\/inelco-grinders.com\/wp-content\/uploads\/2021\/07\/Neutrix.png","datePublished":"2021-07-01T16:27:27+00:00","dateModified":"2023-10-13T05:59:10+00:00","description":"Inelco Grinders' Neutrix Wolfram Sliber er en h\u00e5ndholdt og transportabel t\u00f8rsliber til wolframelektroder. Book en gratis demo i dag!","inLanguage":"da-DK","potentialAction":[{"@type":"ReadAction","target":["https:\/\/inelco-grinders.com\/da\/product\/neutrix\/"]}]},{"@type":"ImageObject","inLanguage":"da-DK","@id":"https:\/\/inelco-grinders.com\/da\/product\/neutrix\/#primaryimage","url":"https:\/\/inelco-grinders.com\/wp-content\/uploads\/2021\/07\/Neutrix.png","contentUrl":"https:\/\/inelco-grinders.com\/wp-content\/uploads\/2021\/07\/Neutrix.png","width":272,"height":290},{"@type":"WebSite","@id":"https:\/\/inelco-grinders.com\/da\/#website","url":"https:\/\/inelco-grinders.com\/da\/","name":"Inelco Grinders","description":"Grind tungsten electrodes safely &amp; economically","publisher":{"@id":"https:\/\/inelco-grinders.com\/da\/#organization"},"potentialAction":[{"@type":"SearchAction","target":{"@type":"EntryPoint","urlTemplate":"https:\/\/inelco-grinders.com\/da\/?s={search_term_string}"},"query-input":{"@type":"PropertyValueSpecification","valueRequired":true,"valueName":"search_term_string"}}],"inLanguage":"da-DK"},{"@type":"Organization","@id":"https:\/\/inelco-grinders.com\/da\/#organization","name":"Inelco Grinders","url":"https:\/\/inelco-grinders.com\/da\/","logo":{"@type":"ImageObject","inLanguage":"da-DK","@id":"https:\/\/inelco-grinders.com\/da\/#\/schema\/logo\/image\/","url":"https:\/\/inelco-grinders.com\/wp-content\/uploads\/2025\/10\/favicon-196x196-1.png","contentUrl":"https:\/\/inelco-grinders.com\/wp-content\/uploads\/2025\/10\/favicon-196x196-1.png","width":196,"height":196,"caption":"Inelco Grinders"},"image":{"@id":"https:\/\/inelco-grinders.com\/da\/#\/schema\/logo\/image\/"},"sameAs":["https:\/\/www.facebook.com\/inelcogrinders"]}]}},"_links":{"self":[{"href":"https:\/\/inelco-grinders.com\/da\/wp-json\/wp\/v2\/product\/8299","targetHints":{"allow":["GET"]}}],"collection":[{"href":"https:\/\/inelco-grinders.com\/da\/wp-json\/wp\/v2\/product"}],"about":[{"href":"https:\/\/inelco-grinders.com\/da\/wp-json\/wp\/v2\/types\/product"}],"wp:featuredmedia":[{"embeddable":true,"href":"https:\/\/inelco-grinders.com\/da\/wp-json\/wp\/v2\/media\/124"}],"wp:attachment":[{"href":"https:\/\/inelco-grinders.com\/da\/wp-json\/wp\/v2\/media?parent=8299"}],"curies":[{"name":"wp","href":"https:\/\/api.w.org\/{rel}","templated":true}]}}