{"id":8301,"date":"2021-07-08T10:58:07","date_gmt":"2021-07-08T10:58:07","guid":{"rendered":"https:\/\/inelcogrinders.wpengine.com\/product\/ep770-grinding-fluid\/"},"modified":"2025-05-13T13:53:32","modified_gmt":"2025-05-13T13:53:32","slug":"ep770-grinding-fluid","status":"publish","type":"product","link":"https:\/\/inelco-grinders.com\/da\/product\/ep770-grinding-fluid\/","title":{"rendered":"EP770 \u2013 Slibev\u00e6ske"},"content":{"rendered":"\n<p>Vores slibev\u00e6ske er specielt udviklet til vores v\u00e5dslibere Ultima-TIG<sup>\u00ae<\/sup>, Ultima-TIG<sup>\u00ae<\/sup>-Cut, Ultima-TIG<sup>\u00ae<\/sup>-S og Neutra. Det afk\u00f8ler og sm\u00f8rer slibeprocessen for at sikre optimale slibeforhold.<\/p>\n\n\n\n<h4 class=\"wp-block-heading\">Egenskaber<\/h4>\n\n\n\n<ul class=\"wp-block-list\"><li>Beskytter&nbsp;mod&nbsp;korrosion&nbsp;af&nbsp;alle&nbsp;dele&nbsp;i&nbsp;slibekammeret<\/li><li>Har&nbsp;en&nbsp;k\u00f8lende&nbsp;effekt&nbsp;under&nbsp;slibningen&nbsp;af&nbsp;b\u00e5de&nbsp;diamantskive&nbsp;og&nbsp;elektrode<\/li><li>Giver&nbsp;forbedret&nbsp;sliberesultat&nbsp;med&nbsp;en&nbsp;finere&nbsp;slebet&nbsp;overflade&nbsp;p\u00e5&nbsp;elektroden<\/li><li>Er holdbar mindst 6 m\u00e5neder i u\u00e5bnet tilstand og mindst 1 m\u00e5ned i \u00e5bnet tilstand.<\/li><\/ul>\n","protected":false},"featured_media":259,"parent":0,"template":"","class_list":["post-8301","product","type-product","status-publish","has-post-thumbnail","hentry"],"acf":[],"yoast_head":"<!-- This site is optimized with the Yoast SEO plugin v27.0 - https:\/\/yoast.com\/product\/yoast-seo-wordpress\/ -->\n<title>EP770 \u2013 Slibev\u00e6ske | Inelco Grinders<\/title>\n<meta name=\"description\" content=\"Vores slibev\u00e6ske er specielt udviklet til vores v\u00e5dslibere Ultima-TIG\u00ae, Ultima-TIG\u00ae-Cut, Ultima-TIG\u00ae-S og Neutra. Det afk\u00f8ler og sm\u00f8rer slibeprocessen for\" \/>\n<meta name=\"robots\" content=\"index, follow, max-snippet:-1, max-image-preview:large, max-video-preview:-1\" \/>\n<link rel=\"canonical\" href=\"https:\/\/inelco-grinders.com\/da\/product\/ep770-grinding-fluid\/\" \/>\n<meta property=\"og:locale\" content=\"da_DK\" \/>\n<meta property=\"og:type\" content=\"article\" \/>\n<meta property=\"og:title\" content=\"EP770 \u2013 Slibev\u00e6ske | Inelco Grinders\" \/>\n<meta property=\"og:description\" content=\"Vores slibev\u00e6ske er specielt udviklet til vores v\u00e5dslibere Ultima-TIG\u00ae, Ultima-TIG\u00ae-Cut, Ultima-TIG\u00ae-S og Neutra. Det afk\u00f8ler og sm\u00f8rer slibeprocessen for\" \/>\n<meta property=\"og:url\" content=\"https:\/\/inelco-grinders.com\/da\/product\/ep770-grinding-fluid\/\" \/>\n<meta property=\"og:site_name\" content=\"Inelco Grinders\" \/>\n<meta property=\"article:publisher\" content=\"https:\/\/www.facebook.com\/inelcogrinders\" \/>\n<meta property=\"article:modified_time\" content=\"2025-05-13T13:53:32+00:00\" \/>\n<meta property=\"og:image\" content=\"https:\/\/inelco-grinders.com\/wp-content\/uploads\/2021\/07\/grinding-liquid-1.png\" \/>\n\t<meta property=\"og:image:width\" content=\"246\" \/>\n\t<meta property=\"og:image:height\" content=\"343\" \/>\n\t<meta property=\"og:image:type\" content=\"image\/png\" \/>\n<meta name=\"twitter:card\" content=\"summary_large_image\" \/>\n<meta name=\"twitter:label1\" content=\"Estimeret l\u00e6setid\" \/>\n\t<meta name=\"twitter:data1\" content=\"5 minutter\" \/>\n<!-- \/ Yoast SEO plugin. -->","yoast_head_json":{"title":"EP770 \u2013 Slibev\u00e6ske | Inelco Grinders","description":"Vores slibev\u00e6ske er specielt udviklet til vores v\u00e5dslibere Ultima-TIG\u00ae, Ultima-TIG\u00ae-Cut, Ultima-TIG\u00ae-S og Neutra. Det afk\u00f8ler og sm\u00f8rer slibeprocessen for","robots":{"index":"index","follow":"follow","max-snippet":"max-snippet:-1","max-image-preview":"max-image-preview:large","max-video-preview":"max-video-preview:-1"},"canonical":"https:\/\/inelco-grinders.com\/da\/product\/ep770-grinding-fluid\/","og_locale":"da_DK","og_type":"article","og_title":"EP770 \u2013 Slibev\u00e6ske | Inelco Grinders","og_description":"Vores slibev\u00e6ske er specielt udviklet til vores v\u00e5dslibere Ultima-TIG\u00ae, Ultima-TIG\u00ae-Cut, Ultima-TIG\u00ae-S og Neutra. Det afk\u00f8ler og sm\u00f8rer slibeprocessen for","og_url":"https:\/\/inelco-grinders.com\/da\/product\/ep770-grinding-fluid\/","og_site_name":"Inelco Grinders","article_publisher":"https:\/\/www.facebook.com\/inelcogrinders","article_modified_time":"2025-05-13T13:53:32+00:00","og_image":[{"width":246,"height":343,"url":"https:\/\/inelco-grinders.com\/wp-content\/uploads\/2021\/07\/grinding-liquid-1.png","type":"image\/png"}],"twitter_card":"summary_large_image","twitter_misc":{"Estimeret l\u00e6setid":"5 minutter"},"schema":{"@context":"https:\/\/schema.org","@graph":[{"@type":"WebPage","@id":"https:\/\/inelco-grinders.com\/da\/product\/ep770-grinding-fluid\/","url":"https:\/\/inelco-grinders.com\/da\/product\/ep770-grinding-fluid\/","name":"EP770 \u2013 Slibev\u00e6ske | Inelco Grinders","isPartOf":{"@id":"https:\/\/inelco-grinders.com\/da\/#website"},"primaryImageOfPage":{"@id":"https:\/\/inelco-grinders.com\/da\/product\/ep770-grinding-fluid\/#primaryimage"},"image":{"@id":"https:\/\/inelco-grinders.com\/da\/product\/ep770-grinding-fluid\/#primaryimage"},"thumbnailUrl":"https:\/\/inelco-grinders.com\/wp-content\/uploads\/2021\/07\/grinding-liquid-1.png","datePublished":"2021-07-08T10:58:07+00:00","dateModified":"2025-05-13T13:53:32+00:00","description":"Vores slibev\u00e6ske er specielt udviklet til vores v\u00e5dslibere Ultima-TIG\u00ae, Ultima-TIG\u00ae-Cut, Ultima-TIG\u00ae-S og Neutra. Det afk\u00f8ler og sm\u00f8rer slibeprocessen for","inLanguage":"da-DK","potentialAction":[{"@type":"ReadAction","target":["https:\/\/inelco-grinders.com\/da\/product\/ep770-grinding-fluid\/"]}]},{"@type":"ImageObject","inLanguage":"da-DK","@id":"https:\/\/inelco-grinders.com\/da\/product\/ep770-grinding-fluid\/#primaryimage","url":"https:\/\/inelco-grinders.com\/wp-content\/uploads\/2021\/07\/grinding-liquid-1.png","contentUrl":"https:\/\/inelco-grinders.com\/wp-content\/uploads\/2021\/07\/grinding-liquid-1.png","width":246,"height":343},{"@type":"WebSite","@id":"https:\/\/inelco-grinders.com\/da\/#website","url":"https:\/\/inelco-grinders.com\/da\/","name":"Inelco Grinders","description":"Grind tungsten electrodes safely &amp; economically","publisher":{"@id":"https:\/\/inelco-grinders.com\/da\/#organization"},"potentialAction":[{"@type":"SearchAction","target":{"@type":"EntryPoint","urlTemplate":"https:\/\/inelco-grinders.com\/da\/?s={search_term_string}"},"query-input":{"@type":"PropertyValueSpecification","valueRequired":true,"valueName":"search_term_string"}}],"inLanguage":"da-DK"},{"@type":"Organization","@id":"https:\/\/inelco-grinders.com\/da\/#organization","name":"Inelco Grinders","url":"https:\/\/inelco-grinders.com\/da\/","logo":{"@type":"ImageObject","inLanguage":"da-DK","@id":"https:\/\/inelco-grinders.com\/da\/#\/schema\/logo\/image\/","url":"https:\/\/inelco-grinders.com\/wp-content\/uploads\/2025\/10\/favicon-196x196-1.png","contentUrl":"https:\/\/inelco-grinders.com\/wp-content\/uploads\/2025\/10\/favicon-196x196-1.png","width":196,"height":196,"caption":"Inelco Grinders"},"image":{"@id":"https:\/\/inelco-grinders.com\/da\/#\/schema\/logo\/image\/"},"sameAs":["https:\/\/www.facebook.com\/inelcogrinders"]}]}},"_links":{"self":[{"href":"https:\/\/inelco-grinders.com\/da\/wp-json\/wp\/v2\/product\/8301","targetHints":{"allow":["GET"]}}],"collection":[{"href":"https:\/\/inelco-grinders.com\/da\/wp-json\/wp\/v2\/product"}],"about":[{"href":"https:\/\/inelco-grinders.com\/da\/wp-json\/wp\/v2\/types\/product"}],"wp:featuredmedia":[{"embeddable":true,"href":"https:\/\/inelco-grinders.com\/da\/wp-json\/wp\/v2\/media\/259"}],"wp:attachment":[{"href":"https:\/\/inelco-grinders.com\/da\/wp-json\/wp\/v2\/media?parent=8301"}],"curies":[{"name":"wp","href":"https:\/\/api.w.org\/{rel}","templated":true}]}}