{"id":8303,"date":"2021-07-01T16:29:35","date_gmt":"2021-07-01T16:29:35","guid":{"rendered":"https:\/\/inelcogrinders.wpengine.com\/product\/truncator\/"},"modified":"2023-10-13T05:59:51","modified_gmt":"2023-10-13T05:59:51","slug":"truncator","status":"publish","type":"product","link":"https:\/\/inelco-grinders.com\/da\/product\/truncator\/","title":{"rendered":"Stumpsliber"},"content":{"rendered":"\n<p>Stumpsliber-modulet er udviklet med henblik p\u00e5 at undg\u00e5 de 2 situationer, der virkelig belaster din wolframelektrode ved TIG-svejsning. Nemlig svejsning med h\u00f8j str\u00f8mstyrke og AC-svejsning, f.eks. i aluminium. I begge situationer kan du reducere risikoen for at afsmelte spidsen ved at stumpslibe din wolframelektrode.<\/p>\n\n\n\n<h4 class=\"wp-block-heading\">Egenskaber<\/h4>\n\n\n\n<ul class=\"wp-block-list\">\n<li>Pr\u00e6cis stumpslibning af wolframelektroder<\/li>\n\n\n\n<li>Flere positioner p\u00e5 slibeskiven<\/li>\n\n\n\n<li>Ingen forurenet svejsning p\u00e5 grund af afsmeltet spids<\/li>\n\n\n\n<li>Ideel til AC-svejsning, da risikoen for dannelse af en stor kugle p\u00e5 spidsen reduceres<\/li>\n<\/ul>\n","protected":false},"featured_media":117,"parent":0,"template":"","class_list":["post-8303","product","type-product","status-publish","has-post-thumbnail","hentry"],"acf":[],"yoast_head":"<!-- This site is optimized with the Yoast SEO plugin v27.0 - https:\/\/yoast.com\/product\/yoast-seo-wordpress\/ -->\n<title>Stumpsliber | Inelco Grinders<\/title>\n<meta name=\"description\" content=\"Stumpsliber-modulet er udviklet med henblik p\u00e5 at undg\u00e5 de 2 situationer, der virkelig belaster din wolframelektrode ved TIG-svejsning. Nemlig svejsning\" \/>\n<meta name=\"robots\" content=\"index, follow, max-snippet:-1, max-image-preview:large, max-video-preview:-1\" \/>\n<link rel=\"canonical\" href=\"https:\/\/inelco-grinders.com\/da\/product\/truncator\/\" \/>\n<meta property=\"og:locale\" content=\"da_DK\" \/>\n<meta property=\"og:type\" content=\"article\" \/>\n<meta property=\"og:title\" content=\"Stumpsliber | Inelco Grinders\" \/>\n<meta property=\"og:description\" content=\"Stumpsliber-modulet er udviklet med henblik p\u00e5 at undg\u00e5 de 2 situationer, der virkelig belaster din wolframelektrode ved TIG-svejsning. Nemlig svejsning\" \/>\n<meta property=\"og:url\" content=\"https:\/\/inelco-grinders.com\/da\/product\/truncator\/\" \/>\n<meta property=\"og:site_name\" content=\"Inelco Grinders\" \/>\n<meta property=\"article:publisher\" content=\"https:\/\/www.facebook.com\/inelcogrinders\" \/>\n<meta property=\"article:modified_time\" content=\"2023-10-13T05:59:51+00:00\" \/>\n<meta property=\"og:image\" content=\"https:\/\/inelco-grinders.com\/wp-content\/uploads\/2021\/07\/Truncator.png\" \/>\n\t<meta property=\"og:image:width\" content=\"246\" \/>\n\t<meta property=\"og:image:height\" content=\"322\" \/>\n\t<meta property=\"og:image:type\" content=\"image\/png\" \/>\n<meta name=\"twitter:card\" content=\"summary_large_image\" \/>\n<meta name=\"twitter:label1\" content=\"Estimeret l\u00e6setid\" \/>\n\t<meta name=\"twitter:data1\" content=\"1 minut\" \/>\n<!-- \/ Yoast SEO plugin. -->","yoast_head_json":{"title":"Stumpsliber | Inelco Grinders","description":"Stumpsliber-modulet er udviklet med henblik p\u00e5 at undg\u00e5 de 2 situationer, der virkelig belaster din wolframelektrode ved TIG-svejsning. Nemlig svejsning","robots":{"index":"index","follow":"follow","max-snippet":"max-snippet:-1","max-image-preview":"max-image-preview:large","max-video-preview":"max-video-preview:-1"},"canonical":"https:\/\/inelco-grinders.com\/da\/product\/truncator\/","og_locale":"da_DK","og_type":"article","og_title":"Stumpsliber | Inelco Grinders","og_description":"Stumpsliber-modulet er udviklet med henblik p\u00e5 at undg\u00e5 de 2 situationer, der virkelig belaster din wolframelektrode ved TIG-svejsning. Nemlig svejsning","og_url":"https:\/\/inelco-grinders.com\/da\/product\/truncator\/","og_site_name":"Inelco Grinders","article_publisher":"https:\/\/www.facebook.com\/inelcogrinders","article_modified_time":"2023-10-13T05:59:51+00:00","og_image":[{"width":246,"height":322,"url":"https:\/\/inelco-grinders.com\/wp-content\/uploads\/2021\/07\/Truncator.png","type":"image\/png"}],"twitter_card":"summary_large_image","twitter_misc":{"Estimeret l\u00e6setid":"1 minut"},"schema":{"@context":"https:\/\/schema.org","@graph":[{"@type":"WebPage","@id":"https:\/\/inelco-grinders.com\/da\/product\/truncator\/","url":"https:\/\/inelco-grinders.com\/da\/product\/truncator\/","name":"Stumpsliber | Inelco Grinders","isPartOf":{"@id":"https:\/\/inelco-grinders.com\/da\/#website"},"primaryImageOfPage":{"@id":"https:\/\/inelco-grinders.com\/da\/product\/truncator\/#primaryimage"},"image":{"@id":"https:\/\/inelco-grinders.com\/da\/product\/truncator\/#primaryimage"},"thumbnailUrl":"https:\/\/inelco-grinders.com\/wp-content\/uploads\/2021\/07\/Truncator.png","datePublished":"2021-07-01T16:29:35+00:00","dateModified":"2023-10-13T05:59:51+00:00","description":"Stumpsliber-modulet er udviklet med henblik p\u00e5 at undg\u00e5 de 2 situationer, der virkelig belaster din wolframelektrode ved TIG-svejsning. Nemlig svejsning","inLanguage":"da-DK","potentialAction":[{"@type":"ReadAction","target":["https:\/\/inelco-grinders.com\/da\/product\/truncator\/"]}]},{"@type":"ImageObject","inLanguage":"da-DK","@id":"https:\/\/inelco-grinders.com\/da\/product\/truncator\/#primaryimage","url":"https:\/\/inelco-grinders.com\/wp-content\/uploads\/2021\/07\/Truncator.png","contentUrl":"https:\/\/inelco-grinders.com\/wp-content\/uploads\/2021\/07\/Truncator.png","width":246,"height":322},{"@type":"WebSite","@id":"https:\/\/inelco-grinders.com\/da\/#website","url":"https:\/\/inelco-grinders.com\/da\/","name":"Inelco Grinders","description":"Grind tungsten electrodes safely &amp; economically","publisher":{"@id":"https:\/\/inelco-grinders.com\/da\/#organization"},"potentialAction":[{"@type":"SearchAction","target":{"@type":"EntryPoint","urlTemplate":"https:\/\/inelco-grinders.com\/da\/?s={search_term_string}"},"query-input":{"@type":"PropertyValueSpecification","valueRequired":true,"valueName":"search_term_string"}}],"inLanguage":"da-DK"},{"@type":"Organization","@id":"https:\/\/inelco-grinders.com\/da\/#organization","name":"Inelco Grinders","url":"https:\/\/inelco-grinders.com\/da\/","logo":{"@type":"ImageObject","inLanguage":"da-DK","@id":"https:\/\/inelco-grinders.com\/da\/#\/schema\/logo\/image\/","url":"https:\/\/inelco-grinders.com\/wp-content\/uploads\/2025\/10\/favicon-196x196-1.png","contentUrl":"https:\/\/inelco-grinders.com\/wp-content\/uploads\/2025\/10\/favicon-196x196-1.png","width":196,"height":196,"caption":"Inelco Grinders"},"image":{"@id":"https:\/\/inelco-grinders.com\/da\/#\/schema\/logo\/image\/"},"sameAs":["https:\/\/www.facebook.com\/inelcogrinders"]}]}},"_links":{"self":[{"href":"https:\/\/inelco-grinders.com\/da\/wp-json\/wp\/v2\/product\/8303","targetHints":{"allow":["GET"]}}],"collection":[{"href":"https:\/\/inelco-grinders.com\/da\/wp-json\/wp\/v2\/product"}],"about":[{"href":"https:\/\/inelco-grinders.com\/da\/wp-json\/wp\/v2\/types\/product"}],"wp:featuredmedia":[{"embeddable":true,"href":"https:\/\/inelco-grinders.com\/da\/wp-json\/wp\/v2\/media\/117"}],"wp:attachment":[{"href":"https:\/\/inelco-grinders.com\/da\/wp-json\/wp\/v2\/media?parent=8303"}],"curies":[{"name":"wp","href":"https:\/\/api.w.org\/{rel}","templated":true}]}}