{"id":1318,"date":"2021-08-10T08:51:37","date_gmt":"2021-08-10T08:51:37","guid":{"rendered":"https:\/\/inelcogrinders.wpengine.com\/parts-for-neutra\/"},"modified":"2026-03-12T14:45:38","modified_gmt":"2026-03-12T14:45:38","slug":"parts-for-neutra","status":"publish","type":"page","link":"https:\/\/inelco-grinders.com\/de\/parts-for-neutra\/","title":{"rendered":"Ersatzteile f\u00fcr Neutra"},"content":{"rendered":"\n<p>Hier finden Sie verschiedene Ersatzteile und Zubeh\u00f6r f\u00fcr unsere Neutra. Wenn Sie etwas suchen, das Sie auf dieser Seite nicht finden, <a href=\"https:\/\/inelco-grinders.com\/contact\/?lang=de\"><a href=\"https:\/\/inelco-grinders.com\/contact\/\">senden Sie uns bitte eine Anfrage<\/a><\/a>.<\/p>\n","protected":false},"excerpt":{"rendered":"<p>Hier finden Sie verschiedene Ersatzteile und Zubeh\u00f6r f\u00fcr unsere Neutra. Wenn Sie etwas suchen, das Sie auf dieser Seite nicht finden, senden Sie uns bitte eine Anfrage.<\/p>\n","protected":false},"author":1,"featured_media":0,"parent":0,"menu_order":18,"comment_status":"closed","ping_status":"closed","template":"parts-template.php","meta":{"_acf_changed":false,"inline_featured_image":false,"footnotes":""},"class_list":["post-1318","page","type-page","status-publish","hentry"],"acf":[],"yoast_head":"<!-- This site is optimized with the Yoast SEO plugin v27.0 - https:\/\/yoast.com\/product\/yoast-seo-wordpress\/ -->\n<title>Neutra Ersatzteile und Zubeh\u00f6r | Inelco Grinders<\/title>\n<meta name=\"description\" content=\"Entdecken Sie Ersatzteile und Zubeh\u00f6r f\u00fcr den Neutra Wolfram-Schleifer. Finden Sie Diamantscheiben, Elektrodenklemmen und mehr.\" \/>\n<meta name=\"robots\" content=\"index, follow, max-snippet:-1, max-image-preview:large, max-video-preview:-1\" \/>\n<link rel=\"canonical\" href=\"https:\/\/inelco-grinders.com\/de\/parts-for-neutra\/\" \/>\n<meta property=\"og:locale\" content=\"de_DE\" \/>\n<meta property=\"og:type\" content=\"article\" \/>\n<meta property=\"og:title\" content=\"Neutra Ersatzteile und Zubeh\u00f6r | Inelco Grinders\" \/>\n<meta property=\"og:description\" content=\"Entdecken Sie Ersatzteile und Zubeh\u00f6r f\u00fcr den Neutra Wolfram-Schleifer. Finden Sie Diamantscheiben, Elektrodenklemmen und mehr.\" \/>\n<meta property=\"og:url\" content=\"https:\/\/inelco-grinders.com\/de\/parts-for-neutra\/\" \/>\n<meta property=\"og:site_name\" content=\"Inelco Grinders\" \/>\n<meta property=\"article:publisher\" content=\"https:\/\/www.facebook.com\/inelcogrinders\" \/>\n<meta property=\"article:modified_time\" content=\"2026-03-12T14:45:38+00:00\" \/>\n<meta property=\"og:image\" content=\"https:\/\/inelco-grinders.com\/wp-content\/uploads\/2025\/10\/default_media_image.jpg\" \/>\n\t<meta property=\"og:image:width\" content=\"1200\" \/>\n\t<meta property=\"og:image:height\" content=\"675\" \/>\n\t<meta property=\"og:image:type\" content=\"image\/jpeg\" \/>\n<meta name=\"twitter:card\" content=\"summary_large_image\" \/>\n<meta name=\"twitter:label1\" content=\"Gesch\u00e4tzte Lesezeit\" \/>\n\t<meta name=\"twitter:data1\" content=\"1 Minute\" \/>\n<!-- \/ Yoast SEO plugin. -->","yoast_head_json":{"title":"Neutra Ersatzteile und Zubeh\u00f6r | Inelco Grinders","description":"Entdecken Sie Ersatzteile und Zubeh\u00f6r f\u00fcr den Neutra Wolfram-Schleifer. Finden Sie Diamantscheiben, Elektrodenklemmen und mehr.","robots":{"index":"index","follow":"follow","max-snippet":"max-snippet:-1","max-image-preview":"max-image-preview:large","max-video-preview":"max-video-preview:-1"},"canonical":"https:\/\/inelco-grinders.com\/de\/parts-for-neutra\/","og_locale":"de_DE","og_type":"article","og_title":"Neutra Ersatzteile und Zubeh\u00f6r | Inelco Grinders","og_description":"Entdecken Sie Ersatzteile und Zubeh\u00f6r f\u00fcr den Neutra Wolfram-Schleifer. Finden Sie Diamantscheiben, Elektrodenklemmen und mehr.","og_url":"https:\/\/inelco-grinders.com\/de\/parts-for-neutra\/","og_site_name":"Inelco Grinders","article_publisher":"https:\/\/www.facebook.com\/inelcogrinders","article_modified_time":"2026-03-12T14:45:38+00:00","og_image":[{"width":1200,"height":675,"url":"https:\/\/inelco-grinders.com\/wp-content\/uploads\/2025\/10\/default_media_image.jpg","type":"image\/jpeg"}],"twitter_card":"summary_large_image","twitter_misc":{"Gesch\u00e4tzte Lesezeit":"1 Minute"},"schema":{"@context":"https:\/\/schema.org","@graph":[{"@type":"WebPage","@id":"https:\/\/inelco-grinders.com\/de\/parts-for-neutra\/","url":"https:\/\/inelco-grinders.com\/de\/parts-for-neutra\/","name":"Neutra Ersatzteile und Zubeh\u00f6r | Inelco Grinders","isPartOf":{"@id":"https:\/\/inelco-grinders.com\/de\/#website"},"datePublished":"2021-08-10T08:51:37+00:00","dateModified":"2026-03-12T14:45:38+00:00","description":"Entdecken Sie Ersatzteile und Zubeh\u00f6r f\u00fcr den Neutra Wolfram-Schleifer. Finden Sie Diamantscheiben, Elektrodenklemmen und mehr.","inLanguage":"de-DE","potentialAction":[{"@type":"ReadAction","target":["https:\/\/inelco-grinders.com\/de\/parts-for-neutra\/"]}]},{"@type":"WebSite","@id":"https:\/\/inelco-grinders.com\/de\/#website","url":"https:\/\/inelco-grinders.com\/de\/","name":"Inelco Grinders","description":"Grind tungsten electrodes safely &amp; economically","publisher":{"@id":"https:\/\/inelco-grinders.com\/de\/#organization"},"potentialAction":[{"@type":"SearchAction","target":{"@type":"EntryPoint","urlTemplate":"https:\/\/inelco-grinders.com\/de\/?s={search_term_string}"},"query-input":{"@type":"PropertyValueSpecification","valueRequired":true,"valueName":"search_term_string"}}],"inLanguage":"de-DE"},{"@type":"Organization","@id":"https:\/\/inelco-grinders.com\/de\/#organization","name":"Inelco Grinders","url":"https:\/\/inelco-grinders.com\/de\/","logo":{"@type":"ImageObject","inLanguage":"de-DE","@id":"https:\/\/inelco-grinders.com\/de\/#\/schema\/logo\/image\/","url":"https:\/\/inelco-grinders.com\/wp-content\/uploads\/2025\/10\/favicon-196x196-1.png","contentUrl":"https:\/\/inelco-grinders.com\/wp-content\/uploads\/2025\/10\/favicon-196x196-1.png","width":196,"height":196,"caption":"Inelco Grinders"},"image":{"@id":"https:\/\/inelco-grinders.com\/de\/#\/schema\/logo\/image\/"},"sameAs":["https:\/\/www.facebook.com\/inelcogrinders"]}]}},"featured_image_src":null,"featured_image_src_square":null,"_links":{"self":[{"href":"https:\/\/inelco-grinders.com\/de\/wp-json\/wp\/v2\/pages\/1318","targetHints":{"allow":["GET"]}}],"collection":[{"href":"https:\/\/inelco-grinders.com\/de\/wp-json\/wp\/v2\/pages"}],"about":[{"href":"https:\/\/inelco-grinders.com\/de\/wp-json\/wp\/v2\/types\/page"}],"author":[{"embeddable":true,"href":"https:\/\/inelco-grinders.com\/de\/wp-json\/wp\/v2\/users\/1"}],"replies":[{"embeddable":true,"href":"https:\/\/inelco-grinders.com\/de\/wp-json\/wp\/v2\/comments?post=1318"}],"version-history":[{"count":0,"href":"https:\/\/inelco-grinders.com\/de\/wp-json\/wp\/v2\/pages\/1318\/revisions"}],"wp:attachment":[{"href":"https:\/\/inelco-grinders.com\/de\/wp-json\/wp\/v2\/media?parent=1318"}],"curies":[{"name":"wp","href":"https:\/\/api.w.org\/{rel}","templated":true}]}}