{"id":1363,"date":"2021-07-16T06:09:58","date_gmt":"2021-07-16T06:09:58","guid":{"rendered":"https:\/\/inelcogrinders.wpengine.com\/orbital-welding\/"},"modified":"2026-03-12T14:45:32","modified_gmt":"2026-03-12T14:45:32","slug":"orbital-welding","status":"publish","type":"page","link":"https:\/\/inelco-grinders.com\/de\/applications\/orbital-welding\/","title":{"rendered":"Orbitalschwei\u00dfen"},"content":{"rendered":"","protected":false},"excerpt":{"rendered":"","protected":false},"author":1,"featured_media":8281,"parent":1398,"menu_order":1,"comment_status":"closed","ping_status":"closed","template":"","meta":{"_acf_changed":true,"inline_featured_image":false,"footnotes":""},"class_list":["post-1363","page","type-page","status-publish","has-post-thumbnail","hentry"],"acf":[],"yoast_head":"<!-- This site is optimized with the Yoast SEO plugin v27.0 - https:\/\/yoast.com\/product\/yoast-seo-wordpress\/ -->\n<title>Orbitalschwei\u00dfen | Wolfram Schleifen Inelco Grinders<\/title>\n<meta name=\"description\" content=\"Optimieren Sie Orbitalschwei\u00dfen mit pr\u00e4zisem Schleifen von Wolframelektroden. Stabiler Lichtbogen, einfache Z\u00fcndung und konstante Qualit\u00e4t.\" \/>\n<meta name=\"robots\" content=\"index, follow, max-snippet:-1, max-image-preview:large, max-video-preview:-1\" \/>\n<link rel=\"canonical\" href=\"https:\/\/inelco-grinders.com\/de\/applications\/orbital-welding\/\" \/>\n<meta property=\"og:locale\" content=\"de_DE\" \/>\n<meta property=\"og:type\" content=\"article\" \/>\n<meta property=\"og:title\" content=\"Orbitalschwei\u00dfen | Wolfram Schleifen Inelco Grinders\" \/>\n<meta property=\"og:description\" content=\"Optimieren Sie Orbitalschwei\u00dfen mit pr\u00e4zisem Schleifen von Wolframelektroden. Stabiler Lichtbogen, einfache Z\u00fcndung und konstante Qualit\u00e4t.\" \/>\n<meta property=\"og:url\" content=\"https:\/\/inelco-grinders.com\/de\/applications\/orbital-welding\/\" \/>\n<meta property=\"og:site_name\" content=\"Inelco Grinders\" \/>\n<meta property=\"article:publisher\" content=\"https:\/\/www.facebook.com\/inelcogrinders\" \/>\n<meta property=\"article:modified_time\" content=\"2026-03-12T14:45:32+00:00\" \/>\n<meta property=\"og:image\" content=\"https:\/\/inelco-grinders.com\/wp-content\/uploads\/2021\/09\/Orbital-welding.jpg\" \/>\n\t<meta property=\"og:image:width\" content=\"586\" \/>\n\t<meta property=\"og:image:height\" content=\"382\" \/>\n\t<meta property=\"og:image:type\" content=\"image\/jpeg\" \/>\n<meta name=\"twitter:card\" content=\"summary_large_image\" \/>\n<meta name=\"twitter:label1\" content=\"Gesch\u00e4tzte Lesezeit\" \/>\n\t<meta name=\"twitter:data1\" content=\"4 Minuten\" \/>\n<!-- \/ Yoast SEO plugin. -->","yoast_head_json":{"title":"Orbitalschwei\u00dfen | Wolfram Schleifen Inelco Grinders","description":"Optimieren Sie Orbitalschwei\u00dfen mit pr\u00e4zisem Schleifen von Wolframelektroden. Stabiler Lichtbogen, einfache Z\u00fcndung und konstante Qualit\u00e4t.","robots":{"index":"index","follow":"follow","max-snippet":"max-snippet:-1","max-image-preview":"max-image-preview:large","max-video-preview":"max-video-preview:-1"},"canonical":"https:\/\/inelco-grinders.com\/de\/applications\/orbital-welding\/","og_locale":"de_DE","og_type":"article","og_title":"Orbitalschwei\u00dfen | Wolfram Schleifen Inelco Grinders","og_description":"Optimieren Sie Orbitalschwei\u00dfen mit pr\u00e4zisem Schleifen von Wolframelektroden. Stabiler Lichtbogen, einfache Z\u00fcndung und konstante Qualit\u00e4t.","og_url":"https:\/\/inelco-grinders.com\/de\/applications\/orbital-welding\/","og_site_name":"Inelco Grinders","article_publisher":"https:\/\/www.facebook.com\/inelcogrinders","article_modified_time":"2026-03-12T14:45:32+00:00","og_image":[{"width":586,"height":382,"url":"https:\/\/inelco-grinders.com\/wp-content\/uploads\/2021\/09\/Orbital-welding.jpg","type":"image\/jpeg"}],"twitter_card":"summary_large_image","twitter_misc":{"Gesch\u00e4tzte Lesezeit":"4 Minuten"},"schema":{"@context":"https:\/\/schema.org","@graph":[{"@type":"WebPage","@id":"https:\/\/inelco-grinders.com\/de\/applications\/orbital-welding\/","url":"https:\/\/inelco-grinders.com\/de\/applications\/orbital-welding\/","name":"Orbitalschwei\u00dfen | Wolfram Schleifen Inelco Grinders","isPartOf":{"@id":"https:\/\/inelco-grinders.com\/de\/#website"},"primaryImageOfPage":{"@id":"https:\/\/inelco-grinders.com\/de\/applications\/orbital-welding\/#primaryimage"},"image":{"@id":"https:\/\/inelco-grinders.com\/de\/applications\/orbital-welding\/#primaryimage"},"thumbnailUrl":"https:\/\/inelco-grinders.com\/wp-content\/uploads\/2021\/09\/Orbital-welding.jpg","datePublished":"2021-07-16T06:09:58+00:00","dateModified":"2026-03-12T14:45:32+00:00","description":"Optimieren Sie Orbitalschwei\u00dfen mit pr\u00e4zisem Schleifen von Wolframelektroden. Stabiler Lichtbogen, einfache Z\u00fcndung und konstante Qualit\u00e4t.","breadcrumb":{"@id":"https:\/\/inelco-grinders.com\/de\/applications\/orbital-welding\/#breadcrumb"},"inLanguage":"de-DE","potentialAction":[{"@type":"ReadAction","target":["https:\/\/inelco-grinders.com\/de\/applications\/orbital-welding\/"]}]},{"@type":"ImageObject","inLanguage":"de-DE","@id":"https:\/\/inelco-grinders.com\/de\/applications\/orbital-welding\/#primaryimage","url":"https:\/\/inelco-grinders.com\/wp-content\/uploads\/2021\/09\/Orbital-welding.jpg","contentUrl":"https:\/\/inelco-grinders.com\/wp-content\/uploads\/2021\/09\/Orbital-welding.jpg","width":586,"height":382},{"@type":"BreadcrumbList","@id":"https:\/\/inelco-grinders.com\/de\/applications\/orbital-welding\/#breadcrumb","itemListElement":[{"@type":"ListItem","position":1,"name":"Anwendungen","item":"https:\/\/inelco-grinders.com\/de\/applications\/"},{"@type":"ListItem","position":2,"name":"Orbitalschwei\u00dfen"}]},{"@type":"WebSite","@id":"https:\/\/inelco-grinders.com\/de\/#website","url":"https:\/\/inelco-grinders.com\/de\/","name":"Inelco Grinders","description":"Grind tungsten electrodes safely &amp; economically","publisher":{"@id":"https:\/\/inelco-grinders.com\/de\/#organization"},"potentialAction":[{"@type":"SearchAction","target":{"@type":"EntryPoint","urlTemplate":"https:\/\/inelco-grinders.com\/de\/?s={search_term_string}"},"query-input":{"@type":"PropertyValueSpecification","valueRequired":true,"valueName":"search_term_string"}}],"inLanguage":"de-DE"},{"@type":"Organization","@id":"https:\/\/inelco-grinders.com\/de\/#organization","name":"Inelco Grinders","url":"https:\/\/inelco-grinders.com\/de\/","logo":{"@type":"ImageObject","inLanguage":"de-DE","@id":"https:\/\/inelco-grinders.com\/de\/#\/schema\/logo\/image\/","url":"https:\/\/inelco-grinders.com\/wp-content\/uploads\/2025\/10\/favicon-196x196-1.png","contentUrl":"https:\/\/inelco-grinders.com\/wp-content\/uploads\/2025\/10\/favicon-196x196-1.png","width":196,"height":196,"caption":"Inelco Grinders"},"image":{"@id":"https:\/\/inelco-grinders.com\/de\/#\/schema\/logo\/image\/"},"sameAs":["https:\/\/www.facebook.com\/inelcogrinders"]}]}},"featured_image_src":"https:\/\/inelco-grinders.com\/wp-content\/uploads\/2021\/09\/Orbital-welding.jpg","featured_image_src_square":"https:\/\/inelco-grinders.com\/wp-content\/uploads\/2021\/09\/Orbital-welding.jpg","_links":{"self":[{"href":"https:\/\/inelco-grinders.com\/de\/wp-json\/wp\/v2\/pages\/1363","targetHints":{"allow":["GET"]}}],"collection":[{"href":"https:\/\/inelco-grinders.com\/de\/wp-json\/wp\/v2\/pages"}],"about":[{"href":"https:\/\/inelco-grinders.com\/de\/wp-json\/wp\/v2\/types\/page"}],"author":[{"embeddable":true,"href":"https:\/\/inelco-grinders.com\/de\/wp-json\/wp\/v2\/users\/1"}],"replies":[{"embeddable":true,"href":"https:\/\/inelco-grinders.com\/de\/wp-json\/wp\/v2\/comments?post=1363"}],"version-history":[{"count":0,"href":"https:\/\/inelco-grinders.com\/de\/wp-json\/wp\/v2\/pages\/1363\/revisions"}],"up":[{"embeddable":true,"href":"https:\/\/inelco-grinders.com\/de\/wp-json\/wp\/v2\/pages\/1398"}],"wp:featuredmedia":[{"embeddable":true,"href":"https:\/\/inelco-grinders.com\/de\/wp-json\/wp\/v2\/media\/8281"}],"wp:attachment":[{"href":"https:\/\/inelco-grinders.com\/de\/wp-json\/wp\/v2\/media?parent=1363"}],"curies":[{"name":"wp","href":"https:\/\/api.w.org\/{rel}","templated":true}]}}