{"id":14226,"date":"2023-11-23T15:14:44","date_gmt":"2023-11-23T15:14:44","guid":{"rendered":"https:\/\/inelco-grinders.com\/?page_id=14226"},"modified":"2026-03-12T14:45:44","modified_gmt":"2026-03-12T14:45:44","slug":"wig-wolfram-schleifmaschine","status":"publish","type":"page","link":"https:\/\/inelco-grinders.com\/de\/wig-wolfram-schleifmaschine\/","title":{"rendered":"WIG-Wolfram-Schleifmaschine"},"content":{"rendered":"","protected":false},"excerpt":{"rendered":"","protected":false},"author":1,"featured_media":0,"parent":0,"menu_order":0,"comment_status":"closed","ping_status":"closed","template":"","meta":{"_acf_changed":true,"inline_featured_image":false,"footnotes":""},"class_list":["post-14226","page","type-page","status-publish","hentry"],"acf":[],"yoast_head":"<!-- This site is optimized with the Yoast SEO plugin v27.0 - https:\/\/yoast.com\/product\/yoast-seo-wordpress\/ -->\n<title>WIG Wolfram Schleifmaschine | Pr\u00e4zision | Inelco<\/title>\n<meta name=\"description\" content=\"WIG Wolfram Schleifmaschine f\u00fcr pr\u00e4zises Schleifen von Wolframelektroden. Verbessert Schwei\u00dfqualit\u00e4t, Sicherheit und reduziert Elektrodenabfall.\" \/>\n<meta name=\"robots\" content=\"index, follow, max-snippet:-1, max-image-preview:large, max-video-preview:-1\" \/>\n<link rel=\"canonical\" href=\"https:\/\/inelco-grinders.com\/de\/wig-wolfram-schleifmaschine\/\" \/>\n<meta property=\"og:locale\" content=\"de_DE\" \/>\n<meta property=\"og:type\" content=\"article\" \/>\n<meta property=\"og:title\" content=\"WIG Wolfram Schleifmaschine | Pr\u00e4zision | Inelco\" \/>\n<meta property=\"og:description\" content=\"WIG Wolfram Schleifmaschine f\u00fcr pr\u00e4zises Schleifen von Wolframelektroden. Verbessert Schwei\u00dfqualit\u00e4t, Sicherheit und reduziert Elektrodenabfall.\" \/>\n<meta property=\"og:url\" content=\"https:\/\/inelco-grinders.com\/de\/wig-wolfram-schleifmaschine\/\" \/>\n<meta property=\"og:site_name\" content=\"Inelco Grinders\" \/>\n<meta property=\"article:publisher\" content=\"https:\/\/www.facebook.com\/inelcogrinders\" \/>\n<meta property=\"article:modified_time\" content=\"2026-03-12T14:45:44+00:00\" \/>\n<meta property=\"og:image\" content=\"https:\/\/inelco-grinders.com\/wp-content\/uploads\/2025\/10\/default_media_image.jpg\" \/>\n\t<meta property=\"og:image:width\" content=\"1200\" \/>\n\t<meta property=\"og:image:height\" content=\"675\" \/>\n\t<meta property=\"og:image:type\" content=\"image\/jpeg\" \/>\n<meta name=\"twitter:card\" content=\"summary_large_image\" \/>\n<meta name=\"twitter:label1\" content=\"Gesch\u00e4tzte Lesezeit\" \/>\n\t<meta name=\"twitter:data1\" content=\"4 Minuten\" \/>\n<!-- \/ Yoast SEO plugin. -->","yoast_head_json":{"title":"WIG Wolfram Schleifmaschine | Pr\u00e4zision | Inelco","description":"WIG Wolfram Schleifmaschine f\u00fcr pr\u00e4zises Schleifen von Wolframelektroden. Verbessert Schwei\u00dfqualit\u00e4t, Sicherheit und reduziert Elektrodenabfall.","robots":{"index":"index","follow":"follow","max-snippet":"max-snippet:-1","max-image-preview":"max-image-preview:large","max-video-preview":"max-video-preview:-1"},"canonical":"https:\/\/inelco-grinders.com\/de\/wig-wolfram-schleifmaschine\/","og_locale":"de_DE","og_type":"article","og_title":"WIG Wolfram Schleifmaschine | Pr\u00e4zision | Inelco","og_description":"WIG Wolfram Schleifmaschine f\u00fcr pr\u00e4zises Schleifen von Wolframelektroden. Verbessert Schwei\u00dfqualit\u00e4t, Sicherheit und reduziert Elektrodenabfall.","og_url":"https:\/\/inelco-grinders.com\/de\/wig-wolfram-schleifmaschine\/","og_site_name":"Inelco Grinders","article_publisher":"https:\/\/www.facebook.com\/inelcogrinders","article_modified_time":"2026-03-12T14:45:44+00:00","og_image":[{"width":1200,"height":675,"url":"https:\/\/inelco-grinders.com\/wp-content\/uploads\/2025\/10\/default_media_image.jpg","type":"image\/jpeg"}],"twitter_card":"summary_large_image","twitter_misc":{"Gesch\u00e4tzte Lesezeit":"4 Minuten"},"schema":{"@context":"https:\/\/schema.org","@graph":[{"@type":"WebPage","@id":"https:\/\/inelco-grinders.com\/de\/wig-wolfram-schleifmaschine\/","url":"https:\/\/inelco-grinders.com\/de\/wig-wolfram-schleifmaschine\/","name":"WIG Wolfram Schleifmaschine | Pr\u00e4zision | Inelco","isPartOf":{"@id":"https:\/\/inelco-grinders.com\/de\/#website"},"datePublished":"2023-11-23T15:14:44+00:00","dateModified":"2026-03-12T14:45:44+00:00","description":"WIG Wolfram Schleifmaschine f\u00fcr pr\u00e4zises Schleifen von Wolframelektroden. Verbessert Schwei\u00dfqualit\u00e4t, Sicherheit und reduziert Elektrodenabfall.","inLanguage":"de-DE","potentialAction":[{"@type":"ReadAction","target":["https:\/\/inelco-grinders.com\/de\/wig-wolfram-schleifmaschine\/"]}]},{"@type":"WebSite","@id":"https:\/\/inelco-grinders.com\/de\/#website","url":"https:\/\/inelco-grinders.com\/de\/","name":"Inelco Grinders","description":"Grind tungsten electrodes safely &amp; economically","publisher":{"@id":"https:\/\/inelco-grinders.com\/de\/#organization"},"potentialAction":[{"@type":"SearchAction","target":{"@type":"EntryPoint","urlTemplate":"https:\/\/inelco-grinders.com\/de\/?s={search_term_string}"},"query-input":{"@type":"PropertyValueSpecification","valueRequired":true,"valueName":"search_term_string"}}],"inLanguage":"de-DE"},{"@type":"Organization","@id":"https:\/\/inelco-grinders.com\/de\/#organization","name":"Inelco Grinders","url":"https:\/\/inelco-grinders.com\/de\/","logo":{"@type":"ImageObject","inLanguage":"de-DE","@id":"https:\/\/inelco-grinders.com\/de\/#\/schema\/logo\/image\/","url":"https:\/\/inelco-grinders.com\/wp-content\/uploads\/2025\/10\/favicon-196x196-1.png","contentUrl":"https:\/\/inelco-grinders.com\/wp-content\/uploads\/2025\/10\/favicon-196x196-1.png","width":196,"height":196,"caption":"Inelco Grinders"},"image":{"@id":"https:\/\/inelco-grinders.com\/de\/#\/schema\/logo\/image\/"},"sameAs":["https:\/\/www.facebook.com\/inelcogrinders"]}]}},"featured_image_src":null,"featured_image_src_square":null,"_links":{"self":[{"href":"https:\/\/inelco-grinders.com\/de\/wp-json\/wp\/v2\/pages\/14226","targetHints":{"allow":["GET"]}}],"collection":[{"href":"https:\/\/inelco-grinders.com\/de\/wp-json\/wp\/v2\/pages"}],"about":[{"href":"https:\/\/inelco-grinders.com\/de\/wp-json\/wp\/v2\/types\/page"}],"author":[{"embeddable":true,"href":"https:\/\/inelco-grinders.com\/de\/wp-json\/wp\/v2\/users\/1"}],"replies":[{"embeddable":true,"href":"https:\/\/inelco-grinders.com\/de\/wp-json\/wp\/v2\/comments?post=14226"}],"version-history":[{"count":0,"href":"https:\/\/inelco-grinders.com\/de\/wp-json\/wp\/v2\/pages\/14226\/revisions"}],"wp:attachment":[{"href":"https:\/\/inelco-grinders.com\/de\/wp-json\/wp\/v2\/media?parent=14226"}],"curies":[{"name":"wp","href":"https:\/\/api.w.org\/{rel}","templated":true}]}}