{"id":1418,"date":"2021-07-01T16:27:27","date_gmt":"2021-07-01T16:27:27","guid":{"rendered":"https:\/\/inelcogrinders.wpengine.com\/product\/neutrix\/"},"modified":"2023-10-13T06:10:36","modified_gmt":"2023-10-13T06:10:36","slug":"neutrix","status":"publish","type":"product","link":"https:\/\/inelco-grinders.com\/de\/product\/neutrix\/","title":{"rendered":"Neutrix"},"content":{"rendered":"\n<p>Die Neutrix ist unser tragbares Trockenschleifger\u00e4t f\u00fcr das Schleifen von Wolframelektroden, perfekt f\u00fcr mobiles Schwei\u00dfen geeignet. Dieses Schleifger\u00e4t verbessert das Schleifen von Elektroden im Au\u00dfendienst. Durch seinem Staubfangbeh\u00e4lter mit Wechselfilter wird eine sichere Schleifumgebung f\u00fcr den Schwei\u00dfer gew\u00e4hrleistet.<\/p>\n\n\n\n<h4 class=\"wp-block-heading\"><strong>Wesentliche Vorteile<\/strong><\/h4>\n\n\n\n<ul class=\"wp-block-list\">\n<li>Abgedichtete Schleifkammer mit Staubfang zum Schutz des Benutzers<\/li>\n\n\n\n<li>Stufenlose Winkeleinstellung f\u00fcr mehr Flexibilit\u00e4t<\/li>\n\n\n\n<li>Schauglas f\u00fcr die visuelle Beobachtung des Schleifvorgangs<\/li>\n\n\n\n<li>Durch den Elektrodenhalter werden ein Zentrieren der Spitzen und ein minimaler Elektrodenverbrauch gew\u00e4hrleistet<\/li>\n\n\n\n<li>Drei Positionen der Diamantscheibe f\u00fcr optimale Ausnutzung<\/li>\n\n\n\n<li>Kraftvoller Motor mit Drehzahleinstellung<\/li>\n<\/ul>\n","protected":false},"featured_media":617,"parent":0,"template":"","class_list":["post-1418","product","type-product","status-publish","has-post-thumbnail","hentry"],"acf":[],"yoast_head":"<!-- This site is optimized with the Yoast SEO plugin v27.5 - https:\/\/yoast.com\/product\/yoast-seo-wordpress\/ -->\n<title>Neutrix | Inelco Grinders<\/title>\n<meta name=\"description\" content=\"Die Neutrix ist unser tragbares Trockenschleifger\u00e4t f\u00fcr das Schleifen von Wolframelektroden, perfekt f\u00fcr mobiles Schwei\u00dfen geeignet. Dieses Schleifger\u00e4t\" \/>\n<meta name=\"robots\" content=\"index, follow, max-snippet:-1, max-image-preview:large, max-video-preview:-1\" \/>\n<link rel=\"canonical\" href=\"https:\/\/inelco-grinders.com\/de\/product\/neutrix\/\" \/>\n<meta property=\"og:locale\" content=\"de_DE\" \/>\n<meta property=\"og:type\" content=\"article\" \/>\n<meta property=\"og:title\" content=\"Neutrix | Inelco Grinders\" \/>\n<meta property=\"og:description\" content=\"Die Neutrix ist unser tragbares Trockenschleifger\u00e4t f\u00fcr das Schleifen von Wolframelektroden, perfekt f\u00fcr mobiles Schwei\u00dfen geeignet. Dieses Schleifger\u00e4t\" \/>\n<meta property=\"og:url\" content=\"https:\/\/inelco-grinders.com\/de\/product\/neutrix\/\" \/>\n<meta property=\"og:site_name\" content=\"Inelco Grinders\" \/>\n<meta property=\"article:publisher\" content=\"https:\/\/www.facebook.com\/inelcogrinders\" \/>\n<meta property=\"article:modified_time\" content=\"2023-10-13T06:10:36+00:00\" \/>\n<meta property=\"og:image\" content=\"https:\/\/inelco-grinders.com\/wp-content\/uploads\/2021\/07\/Neutrix.png\" \/>\n\t<meta property=\"og:image:width\" content=\"272\" \/>\n\t<meta property=\"og:image:height\" content=\"290\" \/>\n\t<meta property=\"og:image:type\" content=\"image\/png\" \/>\n<meta name=\"twitter:card\" content=\"summary_large_image\" \/>\n<meta name=\"twitter:label1\" content=\"Gesch\u00e4tzte Lesezeit\" \/>\n\t<meta name=\"twitter:data1\" content=\"1 Minute\" \/>\n<!-- \/ Yoast SEO plugin. -->","yoast_head_json":{"title":"Neutrix | Inelco Grinders","description":"Die Neutrix ist unser tragbares Trockenschleifger\u00e4t f\u00fcr das Schleifen von Wolframelektroden, perfekt f\u00fcr mobiles Schwei\u00dfen geeignet. Dieses Schleifger\u00e4t","robots":{"index":"index","follow":"follow","max-snippet":"max-snippet:-1","max-image-preview":"max-image-preview:large","max-video-preview":"max-video-preview:-1"},"canonical":"https:\/\/inelco-grinders.com\/de\/product\/neutrix\/","og_locale":"de_DE","og_type":"article","og_title":"Neutrix | Inelco Grinders","og_description":"Die Neutrix ist unser tragbares Trockenschleifger\u00e4t f\u00fcr das Schleifen von Wolframelektroden, perfekt f\u00fcr mobiles Schwei\u00dfen geeignet. Dieses Schleifger\u00e4t","og_url":"https:\/\/inelco-grinders.com\/de\/product\/neutrix\/","og_site_name":"Inelco Grinders","article_publisher":"https:\/\/www.facebook.com\/inelcogrinders","article_modified_time":"2023-10-13T06:10:36+00:00","og_image":[{"width":272,"height":290,"url":"https:\/\/inelco-grinders.com\/wp-content\/uploads\/2021\/07\/Neutrix.png","type":"image\/png"}],"twitter_card":"summary_large_image","twitter_misc":{"Gesch\u00e4tzte Lesezeit":"1 Minute"},"schema":{"@context":"https:\/\/schema.org","@graph":[{"@type":"WebPage","@id":"https:\/\/inelco-grinders.com\/de\/product\/neutrix\/","url":"https:\/\/inelco-grinders.com\/de\/product\/neutrix\/","name":"Neutrix | Inelco Grinders","isPartOf":{"@id":"https:\/\/inelco-grinders.com\/de\/#website"},"primaryImageOfPage":{"@id":"https:\/\/inelco-grinders.com\/de\/product\/neutrix\/#primaryimage"},"image":{"@id":"https:\/\/inelco-grinders.com\/de\/product\/neutrix\/#primaryimage"},"thumbnailUrl":"https:\/\/inelco-grinders.com\/wp-content\/uploads\/2021\/07\/Neutrix.png","datePublished":"2021-07-01T16:27:27+00:00","dateModified":"2023-10-13T06:10:36+00:00","description":"Die Neutrix ist unser tragbares Trockenschleifger\u00e4t f\u00fcr das Schleifen von Wolframelektroden, perfekt f\u00fcr mobiles Schwei\u00dfen geeignet. Dieses Schleifger\u00e4t","inLanguage":"de-DE","potentialAction":[{"@type":"ReadAction","target":["https:\/\/inelco-grinders.com\/de\/product\/neutrix\/"]}]},{"@type":"ImageObject","inLanguage":"de-DE","@id":"https:\/\/inelco-grinders.com\/de\/product\/neutrix\/#primaryimage","url":"https:\/\/inelco-grinders.com\/wp-content\/uploads\/2021\/07\/Neutrix.png","contentUrl":"https:\/\/inelco-grinders.com\/wp-content\/uploads\/2021\/07\/Neutrix.png","width":272,"height":290},{"@type":"WebSite","@id":"https:\/\/inelco-grinders.com\/de\/#website","url":"https:\/\/inelco-grinders.com\/de\/","name":"Inelco Grinders","description":"Grind tungsten electrodes safely &amp; economically","publisher":{"@id":"https:\/\/inelco-grinders.com\/de\/#organization"},"potentialAction":[{"@type":"SearchAction","target":{"@type":"EntryPoint","urlTemplate":"https:\/\/inelco-grinders.com\/de\/?s={search_term_string}"},"query-input":{"@type":"PropertyValueSpecification","valueRequired":true,"valueName":"search_term_string"}}],"inLanguage":"de-DE"},{"@type":"Organization","@id":"https:\/\/inelco-grinders.com\/de\/#organization","name":"Inelco Grinders","url":"https:\/\/inelco-grinders.com\/de\/","logo":{"@type":"ImageObject","inLanguage":"de-DE","@id":"https:\/\/inelco-grinders.com\/de\/#\/schema\/logo\/image\/","url":"https:\/\/inelco-grinders.com\/wp-content\/uploads\/2025\/10\/favicon-196x196-1.png","contentUrl":"https:\/\/inelco-grinders.com\/wp-content\/uploads\/2025\/10\/favicon-196x196-1.png","width":196,"height":196,"caption":"Inelco Grinders"},"image":{"@id":"https:\/\/inelco-grinders.com\/de\/#\/schema\/logo\/image\/"},"sameAs":["https:\/\/www.facebook.com\/inelcogrinders"]}]}},"_links":{"self":[{"href":"https:\/\/inelco-grinders.com\/de\/wp-json\/wp\/v2\/product\/1418","targetHints":{"allow":["GET"]}}],"collection":[{"href":"https:\/\/inelco-grinders.com\/de\/wp-json\/wp\/v2\/product"}],"about":[{"href":"https:\/\/inelco-grinders.com\/de\/wp-json\/wp\/v2\/types\/product"}],"wp:featuredmedia":[{"embeddable":true,"href":"https:\/\/inelco-grinders.com\/de\/wp-json\/wp\/v2\/media\/617"}],"wp:attachment":[{"href":"https:\/\/inelco-grinders.com\/de\/wp-json\/wp\/v2\/media?parent=1418"}],"curies":[{"name":"wp","href":"https:\/\/api.w.org\/{rel}","templated":true}]}}