{"id":1423,"date":"2021-07-01T16:29:35","date_gmt":"2021-07-01T16:29:35","guid":{"rendered":"https:\/\/inelcogrinders.wpengine.com\/product\/truncator\/"},"modified":"2023-10-13T06:10:58","modified_gmt":"2023-10-13T06:10:58","slug":"truncator","status":"publish","type":"product","link":"https:\/\/inelco-grinders.com\/de\/product\/truncator\/","title":{"rendered":"Stumpfschleifer"},"content":{"rendered":"\n<p>Das Stumpfschleifermodul wurde entwickelt, um die beiden Situationen zu optimieren, bei denen Ihre Wolframelektrode beim WIG-Schwei\u00dfen besonders beansprucht wird: Schwei\u00dfen mit hoher Stromst\u00e4rke und Schwei\u00dfen mit Wechselstrom, z. B. Aluminium. In beiden Situationen k\u00f6nnen Sie das Risiko eines Abschmelzens der Spitze durch Stumpfschleifen Ihrer Wolframelektrode vermeiden.<\/p>\n\n\n\n<h4 class=\"wp-block-heading\"><strong>Wesentliche Vorteile<\/strong><\/h4>\n\n\n\n<ul class=\"wp-block-list\">\n<li>Pr\u00e4zises Stumpfschleifen von geschliffenen Wolframelektroden<\/li>\n\n\n\n<li>Verschiedene Positionen auf der Schleifscheibe<\/li>\n\n\n\n<li>Eliminiert die Gefahr eines Abschmelzens der Spitze in die Schwei\u00dfnaht und verhindert somit eine Verunreinigung des Schmelzbades<\/li>\n\n\n\n<li>Ideal f\u00fcr Wechselstromschwei\u00dfen, wo es die Bildung einer \u00fcberm\u00e4\u00dfigen Kugel an der Spitze verhindert<\/li>\n<\/ul>\n\n\n\n<p><\/p>\n","protected":false},"featured_media":582,"parent":0,"template":"","class_list":["post-1423","product","type-product","status-publish","has-post-thumbnail","hentry"],"acf":[],"yoast_head":"<!-- This site is optimized with the Yoast SEO plugin v27.0 - https:\/\/yoast.com\/product\/yoast-seo-wordpress\/ -->\n<title>Stumpfschleifer | Inelco Grinders<\/title>\n<meta name=\"description\" content=\"Das Stumpfschleifermodul wurde entwickelt, um die beiden Situationen zu optimieren, bei denen Ihre Wolframelektrode beim WIG-Schwei\u00dfen besonders\" \/>\n<meta name=\"robots\" content=\"index, follow, max-snippet:-1, max-image-preview:large, max-video-preview:-1\" \/>\n<link rel=\"canonical\" href=\"https:\/\/inelco-grinders.com\/de\/product\/truncator\/\" \/>\n<meta property=\"og:locale\" content=\"de_DE\" \/>\n<meta property=\"og:type\" content=\"article\" \/>\n<meta property=\"og:title\" content=\"Stumpfschleifer | Inelco Grinders\" \/>\n<meta property=\"og:description\" content=\"Das Stumpfschleifermodul wurde entwickelt, um die beiden Situationen zu optimieren, bei denen Ihre Wolframelektrode beim WIG-Schwei\u00dfen besonders\" \/>\n<meta property=\"og:url\" content=\"https:\/\/inelco-grinders.com\/de\/product\/truncator\/\" \/>\n<meta property=\"og:site_name\" content=\"Inelco Grinders\" \/>\n<meta property=\"article:publisher\" content=\"https:\/\/www.facebook.com\/inelcogrinders\" \/>\n<meta property=\"article:modified_time\" content=\"2023-10-13T06:10:58+00:00\" \/>\n<meta property=\"og:image\" content=\"https:\/\/inelco-grinders.com\/wp-content\/uploads\/2021\/07\/Truncator.png\" \/>\n\t<meta property=\"og:image:width\" content=\"246\" \/>\n\t<meta property=\"og:image:height\" content=\"322\" \/>\n\t<meta property=\"og:image:type\" content=\"image\/png\" \/>\n<meta name=\"twitter:card\" content=\"summary_large_image\" \/>\n<meta name=\"twitter:label1\" content=\"Gesch\u00e4tzte Lesezeit\" \/>\n\t<meta name=\"twitter:data1\" content=\"1 Minute\" \/>\n<!-- \/ Yoast SEO plugin. -->","yoast_head_json":{"title":"Stumpfschleifer | Inelco Grinders","description":"Das Stumpfschleifermodul wurde entwickelt, um die beiden Situationen zu optimieren, bei denen Ihre Wolframelektrode beim WIG-Schwei\u00dfen besonders","robots":{"index":"index","follow":"follow","max-snippet":"max-snippet:-1","max-image-preview":"max-image-preview:large","max-video-preview":"max-video-preview:-1"},"canonical":"https:\/\/inelco-grinders.com\/de\/product\/truncator\/","og_locale":"de_DE","og_type":"article","og_title":"Stumpfschleifer | Inelco Grinders","og_description":"Das Stumpfschleifermodul wurde entwickelt, um die beiden Situationen zu optimieren, bei denen Ihre Wolframelektrode beim WIG-Schwei\u00dfen besonders","og_url":"https:\/\/inelco-grinders.com\/de\/product\/truncator\/","og_site_name":"Inelco Grinders","article_publisher":"https:\/\/www.facebook.com\/inelcogrinders","article_modified_time":"2023-10-13T06:10:58+00:00","og_image":[{"width":246,"height":322,"url":"https:\/\/inelco-grinders.com\/wp-content\/uploads\/2021\/07\/Truncator.png","type":"image\/png"}],"twitter_card":"summary_large_image","twitter_misc":{"Gesch\u00e4tzte Lesezeit":"1 Minute"},"schema":{"@context":"https:\/\/schema.org","@graph":[{"@type":"WebPage","@id":"https:\/\/inelco-grinders.com\/de\/product\/truncator\/","url":"https:\/\/inelco-grinders.com\/de\/product\/truncator\/","name":"Stumpfschleifer | Inelco Grinders","isPartOf":{"@id":"https:\/\/inelco-grinders.com\/de\/#website"},"primaryImageOfPage":{"@id":"https:\/\/inelco-grinders.com\/de\/product\/truncator\/#primaryimage"},"image":{"@id":"https:\/\/inelco-grinders.com\/de\/product\/truncator\/#primaryimage"},"thumbnailUrl":"https:\/\/inelco-grinders.com\/wp-content\/uploads\/2021\/07\/Truncator.png","datePublished":"2021-07-01T16:29:35+00:00","dateModified":"2023-10-13T06:10:58+00:00","description":"Das Stumpfschleifermodul wurde entwickelt, um die beiden Situationen zu optimieren, bei denen Ihre Wolframelektrode beim WIG-Schwei\u00dfen besonders","inLanguage":"de-DE","potentialAction":[{"@type":"ReadAction","target":["https:\/\/inelco-grinders.com\/de\/product\/truncator\/"]}]},{"@type":"ImageObject","inLanguage":"de-DE","@id":"https:\/\/inelco-grinders.com\/de\/product\/truncator\/#primaryimage","url":"https:\/\/inelco-grinders.com\/wp-content\/uploads\/2021\/07\/Truncator.png","contentUrl":"https:\/\/inelco-grinders.com\/wp-content\/uploads\/2021\/07\/Truncator.png","width":246,"height":322},{"@type":"WebSite","@id":"https:\/\/inelco-grinders.com\/de\/#website","url":"https:\/\/inelco-grinders.com\/de\/","name":"Inelco Grinders","description":"Grind tungsten electrodes safely &amp; economically","publisher":{"@id":"https:\/\/inelco-grinders.com\/de\/#organization"},"potentialAction":[{"@type":"SearchAction","target":{"@type":"EntryPoint","urlTemplate":"https:\/\/inelco-grinders.com\/de\/?s={search_term_string}"},"query-input":{"@type":"PropertyValueSpecification","valueRequired":true,"valueName":"search_term_string"}}],"inLanguage":"de-DE"},{"@type":"Organization","@id":"https:\/\/inelco-grinders.com\/de\/#organization","name":"Inelco Grinders","url":"https:\/\/inelco-grinders.com\/de\/","logo":{"@type":"ImageObject","inLanguage":"de-DE","@id":"https:\/\/inelco-grinders.com\/de\/#\/schema\/logo\/image\/","url":"https:\/\/inelco-grinders.com\/wp-content\/uploads\/2025\/10\/favicon-196x196-1.png","contentUrl":"https:\/\/inelco-grinders.com\/wp-content\/uploads\/2025\/10\/favicon-196x196-1.png","width":196,"height":196,"caption":"Inelco Grinders"},"image":{"@id":"https:\/\/inelco-grinders.com\/de\/#\/schema\/logo\/image\/"},"sameAs":["https:\/\/www.facebook.com\/inelcogrinders"]}]}},"_links":{"self":[{"href":"https:\/\/inelco-grinders.com\/de\/wp-json\/wp\/v2\/product\/1423","targetHints":{"allow":["GET"]}}],"collection":[{"href":"https:\/\/inelco-grinders.com\/de\/wp-json\/wp\/v2\/product"}],"about":[{"href":"https:\/\/inelco-grinders.com\/de\/wp-json\/wp\/v2\/types\/product"}],"wp:featuredmedia":[{"embeddable":true,"href":"https:\/\/inelco-grinders.com\/de\/wp-json\/wp\/v2\/media\/582"}],"wp:attachment":[{"href":"https:\/\/inelco-grinders.com\/de\/wp-json\/wp\/v2\/media?parent=1423"}],"curies":[{"name":"wp","href":"https:\/\/api.w.org\/{rel}","templated":true}]}}