{"id":1428,"date":"2021-06-29T10:52:18","date_gmt":"2021-06-29T10:52:18","guid":{"rendered":"https:\/\/inelcogrinders.wpengine.com\/product\/ultima-tig\/"},"modified":"2023-10-13T06:11:21","modified_gmt":"2023-10-13T06:11:21","slug":"ultima-tig","status":"publish","type":"product","link":"https:\/\/inelco-grinders.com\/de\/product\/ultima-tig\/","title":{"rendered":"Ultima-TIG<sup>\u00ae<\/sup>"},"content":{"rendered":"\n<p>Die Ultima-TIG<sup>\u00ae<\/sup> ist unser Nassschleifger\u00e4t f\u00fcr Wolframelektroden, das ein pr\u00e4zises Schleifen im korrekten Winkel und eine perfekte Zentrierung der Elektrodenspitze sicherstellt. Es schleift die Elektroden bis auf 8 mm L\u00e4nge, was eine optimale Nutzung der Elektroden erm\u00f6glicht.<\/p>\n\n\n\n<h4 class=\"wp-block-heading\"><strong>Wesentliche Vorteile<\/strong><\/h4>\n\n\n\n<ul class=\"wp-block-list\">\n<li>Abgedichtete Schleifkammer mit Staubfang zum Schutz des Benutzers<\/li>\n\n\n\n<li>Stufenlose Winkeleinstellung f\u00fcr mehr Flexibilit\u00e4t<\/li>\n\n\n\n<li>Nassschleifen verhindert ein \u00dcberhitzen der Elektrode beim Schleifen<\/li>\n\n\n\n<li>Hohe Schleifgeschwindigkeit f\u00fcr schnelleres Schleifen und eine glatte Oberfl\u00e4che<\/li>\n\n\n\n<li>Der Elektrodenhalter sorgt f\u00fcr die Zentrierung der Spitze und reduziert Verschwendung<\/li>\n\n\n\n<li>Weniger Verschwendung bei Elektroden bedeutet eine schnellere Amortisation<\/li>\n<\/ul>\n","protected":false},"featured_media":1162,"parent":0,"template":"","class_list":["post-1428","product","type-product","status-publish","has-post-thumbnail","hentry"],"acf":[],"yoast_head":"<!-- This site is optimized with the Yoast SEO plugin v27.0 - https:\/\/yoast.com\/product\/yoast-seo-wordpress\/ -->\n<title>Ultima-TIG Nassschleifmaschine | Inelco Grinders<\/title>\n<meta name=\"description\" content=\"Die Ultima-TIG ist unser Nassschleifmaschine f\u00fcr Wolframelektroden. Buchen Sie noch heute eine kostenlose Demo!\" \/>\n<meta name=\"robots\" content=\"index, follow, max-snippet:-1, max-image-preview:large, max-video-preview:-1\" \/>\n<link rel=\"canonical\" href=\"https:\/\/inelco-grinders.com\/de\/product\/ultima-tig\/\" \/>\n<meta property=\"og:locale\" content=\"de_DE\" \/>\n<meta property=\"og:type\" content=\"article\" \/>\n<meta property=\"og:title\" content=\"Ultima-TIG Nassschleifmaschine | Inelco Grinders\" \/>\n<meta property=\"og:description\" content=\"Die Ultima-TIG ist unser Nassschleifmaschine f\u00fcr Wolframelektroden. Buchen Sie noch heute eine kostenlose Demo!\" \/>\n<meta property=\"og:url\" content=\"https:\/\/inelco-grinders.com\/de\/product\/ultima-tig\/\" \/>\n<meta property=\"og:site_name\" content=\"Inelco Grinders\" \/>\n<meta property=\"article:publisher\" content=\"https:\/\/www.facebook.com\/inelcogrinders\" \/>\n<meta property=\"article:modified_time\" content=\"2023-10-13T06:11:21+00:00\" \/>\n<meta property=\"og:image\" content=\"https:\/\/inelco-grinders.com\/wp-content\/uploads\/2021\/06\/Ultima-TIG.png\" \/>\n\t<meta property=\"og:image:width\" content=\"242\" \/>\n\t<meta property=\"og:image:height\" content=\"338\" \/>\n\t<meta property=\"og:image:type\" content=\"image\/png\" \/>\n<meta name=\"twitter:card\" content=\"summary_large_image\" \/>\n<meta name=\"twitter:label1\" content=\"Gesch\u00e4tzte Lesezeit\" \/>\n\t<meta name=\"twitter:data1\" content=\"1 Minute\" \/>\n<!-- \/ Yoast SEO plugin. -->","yoast_head_json":{"title":"Ultima-TIG Nassschleifmaschine | Inelco Grinders","description":"Die Ultima-TIG ist unser Nassschleifmaschine f\u00fcr Wolframelektroden. Buchen Sie noch heute eine kostenlose Demo!","robots":{"index":"index","follow":"follow","max-snippet":"max-snippet:-1","max-image-preview":"max-image-preview:large","max-video-preview":"max-video-preview:-1"},"canonical":"https:\/\/inelco-grinders.com\/de\/product\/ultima-tig\/","og_locale":"de_DE","og_type":"article","og_title":"Ultima-TIG Nassschleifmaschine | Inelco Grinders","og_description":"Die Ultima-TIG ist unser Nassschleifmaschine f\u00fcr Wolframelektroden. Buchen Sie noch heute eine kostenlose Demo!","og_url":"https:\/\/inelco-grinders.com\/de\/product\/ultima-tig\/","og_site_name":"Inelco Grinders","article_publisher":"https:\/\/www.facebook.com\/inelcogrinders","article_modified_time":"2023-10-13T06:11:21+00:00","og_image":[{"width":242,"height":338,"url":"https:\/\/inelco-grinders.com\/wp-content\/uploads\/2021\/06\/Ultima-TIG.png","type":"image\/png"}],"twitter_card":"summary_large_image","twitter_misc":{"Gesch\u00e4tzte Lesezeit":"1 Minute"},"schema":{"@context":"https:\/\/schema.org","@graph":[{"@type":"WebPage","@id":"https:\/\/inelco-grinders.com\/de\/product\/ultima-tig\/","url":"https:\/\/inelco-grinders.com\/de\/product\/ultima-tig\/","name":"Ultima-TIG Nassschleifmaschine | Inelco Grinders","isPartOf":{"@id":"https:\/\/inelco-grinders.com\/de\/#website"},"primaryImageOfPage":{"@id":"https:\/\/inelco-grinders.com\/de\/product\/ultima-tig\/#primaryimage"},"image":{"@id":"https:\/\/inelco-grinders.com\/de\/product\/ultima-tig\/#primaryimage"},"thumbnailUrl":"https:\/\/inelco-grinders.com\/wp-content\/uploads\/2021\/06\/Ultima-TIG.png","datePublished":"2021-06-29T10:52:18+00:00","dateModified":"2023-10-13T06:11:21+00:00","description":"Die Ultima-TIG ist unser Nassschleifmaschine f\u00fcr Wolframelektroden. Buchen Sie noch heute eine kostenlose Demo!","inLanguage":"de-DE","potentialAction":[{"@type":"ReadAction","target":["https:\/\/inelco-grinders.com\/de\/product\/ultima-tig\/"]}]},{"@type":"ImageObject","inLanguage":"de-DE","@id":"https:\/\/inelco-grinders.com\/de\/product\/ultima-tig\/#primaryimage","url":"https:\/\/inelco-grinders.com\/wp-content\/uploads\/2021\/06\/Ultima-TIG.png","contentUrl":"https:\/\/inelco-grinders.com\/wp-content\/uploads\/2021\/06\/Ultima-TIG.png","width":242,"height":338,"caption":"Ultima TIG"},{"@type":"WebSite","@id":"https:\/\/inelco-grinders.com\/de\/#website","url":"https:\/\/inelco-grinders.com\/de\/","name":"Inelco Grinders","description":"Grind tungsten electrodes safely &amp; economically","publisher":{"@id":"https:\/\/inelco-grinders.com\/de\/#organization"},"potentialAction":[{"@type":"SearchAction","target":{"@type":"EntryPoint","urlTemplate":"https:\/\/inelco-grinders.com\/de\/?s={search_term_string}"},"query-input":{"@type":"PropertyValueSpecification","valueRequired":true,"valueName":"search_term_string"}}],"inLanguage":"de-DE"},{"@type":"Organization","@id":"https:\/\/inelco-grinders.com\/de\/#organization","name":"Inelco Grinders","url":"https:\/\/inelco-grinders.com\/de\/","logo":{"@type":"ImageObject","inLanguage":"de-DE","@id":"https:\/\/inelco-grinders.com\/de\/#\/schema\/logo\/image\/","url":"https:\/\/inelco-grinders.com\/wp-content\/uploads\/2025\/10\/favicon-196x196-1.png","contentUrl":"https:\/\/inelco-grinders.com\/wp-content\/uploads\/2025\/10\/favicon-196x196-1.png","width":196,"height":196,"caption":"Inelco Grinders"},"image":{"@id":"https:\/\/inelco-grinders.com\/de\/#\/schema\/logo\/image\/"},"sameAs":["https:\/\/www.facebook.com\/inelcogrinders"]}]}},"_links":{"self":[{"href":"https:\/\/inelco-grinders.com\/de\/wp-json\/wp\/v2\/product\/1428","targetHints":{"allow":["GET"]}}],"collection":[{"href":"https:\/\/inelco-grinders.com\/de\/wp-json\/wp\/v2\/product"}],"about":[{"href":"https:\/\/inelco-grinders.com\/de\/wp-json\/wp\/v2\/types\/product"}],"wp:featuredmedia":[{"embeddable":true,"href":"https:\/\/inelco-grinders.com\/de\/wp-json\/wp\/v2\/media\/1162"}],"wp:attachment":[{"href":"https:\/\/inelco-grinders.com\/de\/wp-json\/wp\/v2\/media?parent=1428"}],"curies":[{"name":"wp","href":"https:\/\/api.w.org\/{rel}","templated":true}]}}