{"id":1433,"date":"2021-07-01T16:28:16","date_gmt":"2021-07-01T16:28:16","guid":{"rendered":"https:\/\/inelcogrinders.wpengine.com\/product\/ultima-tig-cut\/"},"modified":"2023-11-01T09:07:28","modified_gmt":"2023-11-01T09:07:28","slug":"ultima-tig-cut","status":"publish","type":"product","link":"https:\/\/inelco-grinders.com\/de\/product\/ultima-tig-cut\/","title":{"rendered":"Ultima-TIG<sup>\u00ae<\/sup>-Cut"},"content":{"rendered":"\n<p>Die Ultima-TIG<sup>\u00ae<\/sup>-Cut ist unser Nassschleifger\u00e4t f\u00fcr Wolframelektroden mit einem K\u00fcrzungsmodul, das ein pr\u00e4zises Schleifen im korrekten Winkel und eine perfekte Zentrierung der Spitze sowie ein pr\u00e4zises und sicheres K\u00fcrzen der Elektrode gew\u00e4hrleistet.<\/p>\n\n\n\n<h4 class=\"wp-block-heading\"><strong>Wesentliche Vorteile<\/strong><\/h4>\n\n\n\n<ul class=\"wp-block-list\">\n<li>Sicheres K\u00fcrzen ohne Zerbrechen der Elektrode<\/li>\n\n\n\n<li>Abgedichtete Schleif- und K\u00fcrzungskammer mit Staubfangbeh\u00e4lter zum Schutz des Benutzers<\/li>\n\n\n\n<li>H\u00f6here Flexibilit\u00e4t durch stufenlose K\u00fcrzungsl\u00e4nge und Winkeleinstellung<\/li>\n\n\n\n<li>Nassschleifen verhindert ein \u00dcberhitzen der Elektrode beim Schleifen<\/li>\n\n\n\n<li>Hohe Schleifgeschwindigkeit f\u00fcr schnelleres Schleifen und eine glatte Oberfl\u00e4che<\/li>\n\n\n\n<li>Der Elektrodenhalter sichert die Zentrierung der Spitze und reduziert den Elektrodenverbrauch<\/li>\n\n\n\n<li>Weniger Verschwendung bei Elektroden bedeutet eine schnellere Amortisation<\/li>\n<\/ul>\n","protected":false},"featured_media":602,"parent":0,"template":"","class_list":["post-1433","product","type-product","status-publish","has-post-thumbnail","hentry"],"acf":[],"yoast_head":"<!-- This site is optimized with the Yoast SEO plugin v27.0 - https:\/\/yoast.com\/product\/yoast-seo-wordpress\/ -->\n<title>Ultima-TIG\u00ae-Cut | Inelco Grinders<\/title>\n<meta name=\"description\" content=\"Die Ultima-TIG\u00ae-Cut ist unser Nassschleifger\u00e4t f\u00fcr Wolframelektroden mit einem K\u00fcrzungsmodul, das ein pr\u00e4zises Schleifen im korrekten Winkel und eine\" \/>\n<meta name=\"robots\" content=\"index, follow, max-snippet:-1, max-image-preview:large, max-video-preview:-1\" \/>\n<link rel=\"canonical\" href=\"https:\/\/inelco-grinders.com\/de\/product\/ultima-tig-cut\/\" \/>\n<meta property=\"og:locale\" content=\"de_DE\" \/>\n<meta property=\"og:type\" content=\"article\" \/>\n<meta property=\"og:title\" content=\"Ultima-TIG\u00ae-Cut | Inelco Grinders\" \/>\n<meta property=\"og:description\" content=\"Die Ultima-TIG\u00ae-Cut ist unser Nassschleifger\u00e4t f\u00fcr Wolframelektroden mit einem K\u00fcrzungsmodul, das ein pr\u00e4zises Schleifen im korrekten Winkel und eine\" \/>\n<meta property=\"og:url\" content=\"https:\/\/inelco-grinders.com\/de\/product\/ultima-tig-cut\/\" \/>\n<meta property=\"og:site_name\" content=\"Inelco Grinders\" \/>\n<meta property=\"article:publisher\" content=\"https:\/\/www.facebook.com\/inelcogrinders\" \/>\n<meta property=\"article:modified_time\" content=\"2023-11-01T09:07:28+00:00\" \/>\n<meta property=\"og:image\" content=\"https:\/\/inelco-grinders.com\/wp-content\/uploads\/2021\/07\/Ultima-TIG-Cut.png\" \/>\n\t<meta property=\"og:image:width\" content=\"253\" \/>\n\t<meta property=\"og:image:height\" content=\"327\" \/>\n\t<meta property=\"og:image:type\" content=\"image\/png\" \/>\n<meta name=\"twitter:card\" content=\"summary_large_image\" \/>\n<meta name=\"twitter:label1\" content=\"Gesch\u00e4tzte Lesezeit\" \/>\n\t<meta name=\"twitter:data1\" content=\"1 Minute\" \/>\n<!-- \/ Yoast SEO plugin. -->","yoast_head_json":{"title":"Ultima-TIG\u00ae-Cut | Inelco Grinders","description":"Die Ultima-TIG\u00ae-Cut ist unser Nassschleifger\u00e4t f\u00fcr Wolframelektroden mit einem K\u00fcrzungsmodul, das ein pr\u00e4zises Schleifen im korrekten Winkel und eine","robots":{"index":"index","follow":"follow","max-snippet":"max-snippet:-1","max-image-preview":"max-image-preview:large","max-video-preview":"max-video-preview:-1"},"canonical":"https:\/\/inelco-grinders.com\/de\/product\/ultima-tig-cut\/","og_locale":"de_DE","og_type":"article","og_title":"Ultima-TIG\u00ae-Cut | Inelco Grinders","og_description":"Die Ultima-TIG\u00ae-Cut ist unser Nassschleifger\u00e4t f\u00fcr Wolframelektroden mit einem K\u00fcrzungsmodul, das ein pr\u00e4zises Schleifen im korrekten Winkel und eine","og_url":"https:\/\/inelco-grinders.com\/de\/product\/ultima-tig-cut\/","og_site_name":"Inelco Grinders","article_publisher":"https:\/\/www.facebook.com\/inelcogrinders","article_modified_time":"2023-11-01T09:07:28+00:00","og_image":[{"width":253,"height":327,"url":"https:\/\/inelco-grinders.com\/wp-content\/uploads\/2021\/07\/Ultima-TIG-Cut.png","type":"image\/png"}],"twitter_card":"summary_large_image","twitter_misc":{"Gesch\u00e4tzte Lesezeit":"1 Minute"},"schema":{"@context":"https:\/\/schema.org","@graph":[{"@type":"WebPage","@id":"https:\/\/inelco-grinders.com\/de\/product\/ultima-tig-cut\/","url":"https:\/\/inelco-grinders.com\/de\/product\/ultima-tig-cut\/","name":"Ultima-TIG\u00ae-Cut | Inelco Grinders","isPartOf":{"@id":"https:\/\/inelco-grinders.com\/de\/#website"},"primaryImageOfPage":{"@id":"https:\/\/inelco-grinders.com\/de\/product\/ultima-tig-cut\/#primaryimage"},"image":{"@id":"https:\/\/inelco-grinders.com\/de\/product\/ultima-tig-cut\/#primaryimage"},"thumbnailUrl":"https:\/\/inelco-grinders.com\/wp-content\/uploads\/2021\/07\/Ultima-TIG-Cut.png","datePublished":"2021-07-01T16:28:16+00:00","dateModified":"2023-11-01T09:07:28+00:00","description":"Die Ultima-TIG\u00ae-Cut ist unser Nassschleifger\u00e4t f\u00fcr Wolframelektroden mit einem K\u00fcrzungsmodul, das ein pr\u00e4zises Schleifen im korrekten Winkel und eine","inLanguage":"de-DE","potentialAction":[{"@type":"ReadAction","target":["https:\/\/inelco-grinders.com\/de\/product\/ultima-tig-cut\/"]}]},{"@type":"ImageObject","inLanguage":"de-DE","@id":"https:\/\/inelco-grinders.com\/de\/product\/ultima-tig-cut\/#primaryimage","url":"https:\/\/inelco-grinders.com\/wp-content\/uploads\/2021\/07\/Ultima-TIG-Cut.png","contentUrl":"https:\/\/inelco-grinders.com\/wp-content\/uploads\/2021\/07\/Ultima-TIG-Cut.png","width":253,"height":327,"caption":"Ultima TIG CUT"},{"@type":"WebSite","@id":"https:\/\/inelco-grinders.com\/de\/#website","url":"https:\/\/inelco-grinders.com\/de\/","name":"Inelco Grinders","description":"Grind tungsten electrodes safely &amp; economically","publisher":{"@id":"https:\/\/inelco-grinders.com\/de\/#organization"},"potentialAction":[{"@type":"SearchAction","target":{"@type":"EntryPoint","urlTemplate":"https:\/\/inelco-grinders.com\/de\/?s={search_term_string}"},"query-input":{"@type":"PropertyValueSpecification","valueRequired":true,"valueName":"search_term_string"}}],"inLanguage":"de-DE"},{"@type":"Organization","@id":"https:\/\/inelco-grinders.com\/de\/#organization","name":"Inelco Grinders","url":"https:\/\/inelco-grinders.com\/de\/","logo":{"@type":"ImageObject","inLanguage":"de-DE","@id":"https:\/\/inelco-grinders.com\/de\/#\/schema\/logo\/image\/","url":"https:\/\/inelco-grinders.com\/wp-content\/uploads\/2025\/10\/favicon-196x196-1.png","contentUrl":"https:\/\/inelco-grinders.com\/wp-content\/uploads\/2025\/10\/favicon-196x196-1.png","width":196,"height":196,"caption":"Inelco Grinders"},"image":{"@id":"https:\/\/inelco-grinders.com\/de\/#\/schema\/logo\/image\/"},"sameAs":["https:\/\/www.facebook.com\/inelcogrinders"]}]}},"_links":{"self":[{"href":"https:\/\/inelco-grinders.com\/de\/wp-json\/wp\/v2\/product\/1433","targetHints":{"allow":["GET"]}}],"collection":[{"href":"https:\/\/inelco-grinders.com\/de\/wp-json\/wp\/v2\/product"}],"about":[{"href":"https:\/\/inelco-grinders.com\/de\/wp-json\/wp\/v2\/types\/product"}],"wp:featuredmedia":[{"embeddable":true,"href":"https:\/\/inelco-grinders.com\/de\/wp-json\/wp\/v2\/media\/602"}],"wp:attachment":[{"href":"https:\/\/inelco-grinders.com\/de\/wp-json\/wp\/v2\/media?parent=1433"}],"curies":[{"name":"wp","href":"https:\/\/api.w.org\/{rel}","templated":true}]}}