{"id":1438,"date":"2021-07-01T16:28:59","date_gmt":"2021-07-01T16:28:59","guid":{"rendered":"https:\/\/inelcogrinders.wpengine.com\/product\/ultima-tig-s\/"},"modified":"2023-10-13T06:12:05","modified_gmt":"2023-10-13T06:12:05","slug":"ultima-tig-s","status":"publish","type":"product","link":"https:\/\/inelco-grinders.com\/de\/product\/ultima-tig-s\/","title":{"rendered":"Ultima-TIG<sup>\u00ae<\/sup>-S"},"content":{"rendered":"\n<p id=\"block-746dc86b-a8e1-4d37-b0f8-16d102b5f2a5\">Die Ultima-TIG<sup>\u00ae<\/sup>-S ist unser Nassschleifger\u00e4t f\u00fcr Wolframelektroden, das ein pr\u00e4zises Schleifen im korrekten Winkel und eine perfekte Zentrierung der Elektrodenspitze gew\u00e4hrleistet. Es schleift Elektroden bis 8 mm, was die Verschwendung von Elektroden minimiert, und es kann Elektroden bis zu einem Durchmesser von 8,0 mm f\u00fcr WIG- und Plasma-Schwei\u00dfen schleifen.<\/p>\n\n\n\n<h4 class=\"wp-block-heading\" id=\"block-70c431fe-2df2-4ab4-8171-120f5b7454ea\"><strong>Wesentliche Vorteile<\/strong><\/h4>\n\n\n\n<ul class=\"wp-block-list\">\n<li>Abgedichtete Schleifkammer mit Staubfang zum Schutz des Benutzers<\/li>\n\n\n\n<li>Stufenlose Winkeleinstellung f\u00fcr mehr Flexibilit\u00e4t<\/li>\n\n\n\n<li>Nassschleifen verhindert ein \u00dcberhitzen der Elektrode beim Schleifen<\/li>\n\n\n\n<li>Hohe Schleifgeschwindigkeit f\u00fcr schnelleres Schleifen und eine glatte Oberfl\u00e4che<\/li>\n\n\n\n<li>Der Elektrodenhalter sorgt f\u00fcr die Zentrierung der Spitze und reduziert Verschwendung<\/li>\n\n\n\n<li>Weniger Verschwendung bei Elektroden bedeutet eine schnellere Amortisation<\/li>\n<\/ul>\n\n\n\n<p><\/p>\n","protected":false},"featured_media":592,"parent":0,"template":"","class_list":["post-1438","product","type-product","status-publish","has-post-thumbnail","hentry"],"acf":[],"yoast_head":"<!-- This site is optimized with the Yoast SEO plugin v27.0 - https:\/\/yoast.com\/product\/yoast-seo-wordpress\/ -->\n<title>Ultima-TIG\u00ae-S | Inelco Grinders<\/title>\n<meta name=\"description\" content=\"Die Ultima-TIG\u00ae-S ist unser Nassschleifger\u00e4t f\u00fcr Wolframelektroden, das ein pr\u00e4zises Schleifen im korrekten Winkel und eine perfekte Zentrierung der\" \/>\n<meta name=\"robots\" content=\"index, follow, max-snippet:-1, max-image-preview:large, max-video-preview:-1\" \/>\n<link rel=\"canonical\" href=\"https:\/\/inelco-grinders.com\/de\/product\/ultima-tig-s\/\" \/>\n<meta property=\"og:locale\" content=\"de_DE\" \/>\n<meta property=\"og:type\" content=\"article\" \/>\n<meta property=\"og:title\" content=\"Ultima-TIG\u00ae-S | Inelco Grinders\" \/>\n<meta property=\"og:description\" content=\"Die Ultima-TIG\u00ae-S ist unser Nassschleifger\u00e4t f\u00fcr Wolframelektroden, das ein pr\u00e4zises Schleifen im korrekten Winkel und eine perfekte Zentrierung der\" \/>\n<meta property=\"og:url\" content=\"https:\/\/inelco-grinders.com\/de\/product\/ultima-tig-s\/\" \/>\n<meta property=\"og:site_name\" content=\"Inelco Grinders\" \/>\n<meta property=\"article:publisher\" content=\"https:\/\/www.facebook.com\/inelcogrinders\" \/>\n<meta property=\"article:modified_time\" content=\"2023-10-13T06:12:05+00:00\" \/>\n<meta property=\"og:image\" content=\"https:\/\/inelco-grinders.com\/wp-content\/uploads\/2021\/07\/Ultima-TIG-S.png\" \/>\n\t<meta property=\"og:image:width\" content=\"246\" \/>\n\t<meta property=\"og:image:height\" content=\"343\" \/>\n\t<meta property=\"og:image:type\" content=\"image\/png\" \/>\n<meta name=\"twitter:card\" content=\"summary_large_image\" \/>\n<meta name=\"twitter:label1\" content=\"Gesch\u00e4tzte Lesezeit\" \/>\n\t<meta name=\"twitter:data1\" content=\"1 Minute\" \/>\n<!-- \/ Yoast SEO plugin. -->","yoast_head_json":{"title":"Ultima-TIG\u00ae-S | Inelco Grinders","description":"Die Ultima-TIG\u00ae-S ist unser Nassschleifger\u00e4t f\u00fcr Wolframelektroden, das ein pr\u00e4zises Schleifen im korrekten Winkel und eine perfekte Zentrierung der","robots":{"index":"index","follow":"follow","max-snippet":"max-snippet:-1","max-image-preview":"max-image-preview:large","max-video-preview":"max-video-preview:-1"},"canonical":"https:\/\/inelco-grinders.com\/de\/product\/ultima-tig-s\/","og_locale":"de_DE","og_type":"article","og_title":"Ultima-TIG\u00ae-S | Inelco Grinders","og_description":"Die Ultima-TIG\u00ae-S ist unser Nassschleifger\u00e4t f\u00fcr Wolframelektroden, das ein pr\u00e4zises Schleifen im korrekten Winkel und eine perfekte Zentrierung der","og_url":"https:\/\/inelco-grinders.com\/de\/product\/ultima-tig-s\/","og_site_name":"Inelco Grinders","article_publisher":"https:\/\/www.facebook.com\/inelcogrinders","article_modified_time":"2023-10-13T06:12:05+00:00","og_image":[{"width":246,"height":343,"url":"https:\/\/inelco-grinders.com\/wp-content\/uploads\/2021\/07\/Ultima-TIG-S.png","type":"image\/png"}],"twitter_card":"summary_large_image","twitter_misc":{"Gesch\u00e4tzte Lesezeit":"1 Minute"},"schema":{"@context":"https:\/\/schema.org","@graph":[{"@type":"WebPage","@id":"https:\/\/inelco-grinders.com\/de\/product\/ultima-tig-s\/","url":"https:\/\/inelco-grinders.com\/de\/product\/ultima-tig-s\/","name":"Ultima-TIG\u00ae-S | Inelco Grinders","isPartOf":{"@id":"https:\/\/inelco-grinders.com\/de\/#website"},"primaryImageOfPage":{"@id":"https:\/\/inelco-grinders.com\/de\/product\/ultima-tig-s\/#primaryimage"},"image":{"@id":"https:\/\/inelco-grinders.com\/de\/product\/ultima-tig-s\/#primaryimage"},"thumbnailUrl":"https:\/\/inelco-grinders.com\/wp-content\/uploads\/2021\/07\/Ultima-TIG-S.png","datePublished":"2021-07-01T16:28:59+00:00","dateModified":"2023-10-13T06:12:05+00:00","description":"Die Ultima-TIG\u00ae-S ist unser Nassschleifger\u00e4t f\u00fcr Wolframelektroden, das ein pr\u00e4zises Schleifen im korrekten Winkel und eine perfekte Zentrierung der","inLanguage":"de-DE","potentialAction":[{"@type":"ReadAction","target":["https:\/\/inelco-grinders.com\/de\/product\/ultima-tig-s\/"]}]},{"@type":"ImageObject","inLanguage":"de-DE","@id":"https:\/\/inelco-grinders.com\/de\/product\/ultima-tig-s\/#primaryimage","url":"https:\/\/inelco-grinders.com\/wp-content\/uploads\/2021\/07\/Ultima-TIG-S.png","contentUrl":"https:\/\/inelco-grinders.com\/wp-content\/uploads\/2021\/07\/Ultima-TIG-S.png","width":246,"height":343,"caption":"Ultima TIG S"},{"@type":"WebSite","@id":"https:\/\/inelco-grinders.com\/de\/#website","url":"https:\/\/inelco-grinders.com\/de\/","name":"Inelco Grinders","description":"Grind tungsten electrodes safely &amp; economically","publisher":{"@id":"https:\/\/inelco-grinders.com\/de\/#organization"},"potentialAction":[{"@type":"SearchAction","target":{"@type":"EntryPoint","urlTemplate":"https:\/\/inelco-grinders.com\/de\/?s={search_term_string}"},"query-input":{"@type":"PropertyValueSpecification","valueRequired":true,"valueName":"search_term_string"}}],"inLanguage":"de-DE"},{"@type":"Organization","@id":"https:\/\/inelco-grinders.com\/de\/#organization","name":"Inelco Grinders","url":"https:\/\/inelco-grinders.com\/de\/","logo":{"@type":"ImageObject","inLanguage":"de-DE","@id":"https:\/\/inelco-grinders.com\/de\/#\/schema\/logo\/image\/","url":"https:\/\/inelco-grinders.com\/wp-content\/uploads\/2025\/10\/favicon-196x196-1.png","contentUrl":"https:\/\/inelco-grinders.com\/wp-content\/uploads\/2025\/10\/favicon-196x196-1.png","width":196,"height":196,"caption":"Inelco Grinders"},"image":{"@id":"https:\/\/inelco-grinders.com\/de\/#\/schema\/logo\/image\/"},"sameAs":["https:\/\/www.facebook.com\/inelcogrinders"]}]}},"_links":{"self":[{"href":"https:\/\/inelco-grinders.com\/de\/wp-json\/wp\/v2\/product\/1438","targetHints":{"allow":["GET"]}}],"collection":[{"href":"https:\/\/inelco-grinders.com\/de\/wp-json\/wp\/v2\/product"}],"about":[{"href":"https:\/\/inelco-grinders.com\/de\/wp-json\/wp\/v2\/types\/product"}],"wp:featuredmedia":[{"embeddable":true,"href":"https:\/\/inelco-grinders.com\/de\/wp-json\/wp\/v2\/media\/592"}],"wp:attachment":[{"href":"https:\/\/inelco-grinders.com\/de\/wp-json\/wp\/v2\/media?parent=1438"}],"curies":[{"name":"wp","href":"https:\/\/api.w.org\/{rel}","templated":true}]}}