{"id":1443,"date":"2021-07-01T16:30:04","date_gmt":"2021-07-01T16:30:04","guid":{"rendered":"https:\/\/inelcogrinders.wpengine.com\/product\/autogrind-digital\/"},"modified":"2026-03-18T12:13:24","modified_gmt":"2026-03-18T12:13:24","slug":"autogrind-digital","status":"publish","type":"product","link":"https:\/\/inelco-grinders.com\/de\/product\/autogrind-digital\/","title":{"rendered":"AutoGrind Digital"},"content":{"rendered":"\n<p>AutoGrind ist ein separates Modul f\u00fcr das automatische Schleifen von Wolframelektroden mit Ultima-TIG<sup>\u00ae<\/sup> und Ultima-TIG<sup>\u00ae<\/sup>-Cut. AutoGrind-S Digital ist f\u00fcr Ultima-TIG<sup>\u00ae<\/sup>-S erh\u00e4ltlich. Das automatische Schleifen verk\u00fcrzt die Schleifzeit und bietet eine ergonomischere L\u00f6sung f\u00fcr den Benutzer, wenn viele Elektroden geschliffen werden m\u00fcssen. AutoGrind Digital bietet eine einfache Einstellung der Schleifzeit.<\/p>\n\n\n\n<h4 class=\"wp-block-heading\"><strong>Wesentliche Vorteile<\/strong><\/h4>\n\n\n\n<ul class=\"wp-block-list\">\n<li>Automatisches Schleifen der Elektrode sorgt f\u00fcr ein pr\u00e4zises, einheitliches Ergebnis.<\/li>\n\n\n\n<li>Hohe Drehgeschwindigkeit verk\u00fcrzt die Schleifzeit<\/li>\n\n\n\n<li>Der Schleifer wird automatisch ausgeschaltet, wenn der Schleifvorgang beendet ist<\/li>\n\n\n\n<li>Der Benutzer kann w\u00e4hrend des Schleifvorgangs bereits die n\u00e4chste Elektrode vorbereiten.<\/li>\n<\/ul>\n\n\n\n<p><\/p>\n","protected":false},"featured_media":1292,"parent":0,"template":"","class_list":["post-1443","product","type-product","status-publish","has-post-thumbnail","hentry"],"acf":[],"yoast_head":"<!-- This site is optimized with the Yoast SEO plugin v27.0 - https:\/\/yoast.com\/product\/yoast-seo-wordpress\/ -->\n<title>AutoGrind Digital | Inelco Grinders<\/title>\n<meta name=\"description\" content=\"AutoGrind Digital ist eine Erweiterung f\u00fcr den Ultima-TIG. Sie erm\u00f6glicht das automatische Schleifen der Wolframelektrode. Jetzt Demo buchen!\" \/>\n<meta name=\"robots\" content=\"index, follow, max-snippet:-1, max-image-preview:large, max-video-preview:-1\" \/>\n<link rel=\"canonical\" href=\"https:\/\/inelco-grinders.com\/de\/product\/autogrind-digital\/\" \/>\n<meta property=\"og:locale\" content=\"de_DE\" \/>\n<meta property=\"og:type\" content=\"article\" \/>\n<meta property=\"og:title\" content=\"AutoGrind Digital | Inelco Grinders\" \/>\n<meta property=\"og:description\" content=\"AutoGrind Digital ist eine Erweiterung f\u00fcr den Ultima-TIG. Sie erm\u00f6glicht das automatische Schleifen der Wolframelektrode. Jetzt Demo buchen!\" \/>\n<meta property=\"og:url\" content=\"https:\/\/inelco-grinders.com\/de\/product\/autogrind-digital\/\" \/>\n<meta property=\"og:site_name\" content=\"Inelco Grinders\" \/>\n<meta property=\"article:publisher\" content=\"https:\/\/www.facebook.com\/inelcogrinders\" \/>\n<meta property=\"article:modified_time\" content=\"2026-03-18T12:13:24+00:00\" \/>\n<meta property=\"og:image\" content=\"https:\/\/inelco-grinders.com\/wp-content\/uploads\/2021\/08\/autogrind-digital-featuredd.png\" \/>\n\t<meta property=\"og:image:width\" content=\"492\" \/>\n\t<meta property=\"og:image:height\" content=\"644\" \/>\n\t<meta property=\"og:image:type\" content=\"image\/png\" \/>\n<meta name=\"twitter:card\" content=\"summary_large_image\" \/>\n<meta name=\"twitter:label1\" content=\"Gesch\u00e4tzte Lesezeit\" \/>\n\t<meta name=\"twitter:data1\" content=\"8 Minuten\" \/>\n<!-- \/ Yoast SEO plugin. -->","yoast_head_json":{"title":"AutoGrind Digital | Inelco Grinders","description":"AutoGrind Digital ist eine Erweiterung f\u00fcr den Ultima-TIG. Sie erm\u00f6glicht das automatische Schleifen der Wolframelektrode. Jetzt Demo buchen!","robots":{"index":"index","follow":"follow","max-snippet":"max-snippet:-1","max-image-preview":"max-image-preview:large","max-video-preview":"max-video-preview:-1"},"canonical":"https:\/\/inelco-grinders.com\/de\/product\/autogrind-digital\/","og_locale":"de_DE","og_type":"article","og_title":"AutoGrind Digital | Inelco Grinders","og_description":"AutoGrind Digital ist eine Erweiterung f\u00fcr den Ultima-TIG. Sie erm\u00f6glicht das automatische Schleifen der Wolframelektrode. Jetzt Demo buchen!","og_url":"https:\/\/inelco-grinders.com\/de\/product\/autogrind-digital\/","og_site_name":"Inelco Grinders","article_publisher":"https:\/\/www.facebook.com\/inelcogrinders","article_modified_time":"2026-03-18T12:13:24+00:00","og_image":[{"width":492,"height":644,"url":"https:\/\/inelco-grinders.com\/wp-content\/uploads\/2021\/08\/autogrind-digital-featuredd.png","type":"image\/png"}],"twitter_card":"summary_large_image","twitter_misc":{"Gesch\u00e4tzte Lesezeit":"8 Minuten"},"schema":{"@context":"https:\/\/schema.org","@graph":[{"@type":"WebPage","@id":"https:\/\/inelco-grinders.com\/de\/product\/autogrind-digital\/","url":"https:\/\/inelco-grinders.com\/de\/product\/autogrind-digital\/","name":"AutoGrind Digital | Inelco Grinders","isPartOf":{"@id":"https:\/\/inelco-grinders.com\/de\/#website"},"primaryImageOfPage":{"@id":"https:\/\/inelco-grinders.com\/de\/product\/autogrind-digital\/#primaryimage"},"image":{"@id":"https:\/\/inelco-grinders.com\/de\/product\/autogrind-digital\/#primaryimage"},"thumbnailUrl":"https:\/\/inelco-grinders.com\/wp-content\/uploads\/2021\/08\/autogrind-digital-featuredd.png","datePublished":"2021-07-01T16:30:04+00:00","dateModified":"2026-03-18T12:13:24+00:00","description":"AutoGrind Digital ist eine Erweiterung f\u00fcr den Ultima-TIG. Sie erm\u00f6glicht das automatische Schleifen der Wolframelektrode. Jetzt Demo buchen!","inLanguage":"de-DE","potentialAction":[{"@type":"ReadAction","target":["https:\/\/inelco-grinders.com\/de\/product\/autogrind-digital\/"]}]},{"@type":"ImageObject","inLanguage":"de-DE","@id":"https:\/\/inelco-grinders.com\/de\/product\/autogrind-digital\/#primaryimage","url":"https:\/\/inelco-grinders.com\/wp-content\/uploads\/2021\/08\/autogrind-digital-featuredd.png","contentUrl":"https:\/\/inelco-grinders.com\/wp-content\/uploads\/2021\/08\/autogrind-digital-featuredd.png","width":492,"height":644,"caption":"AutoGrind Digital"},{"@type":"WebSite","@id":"https:\/\/inelco-grinders.com\/de\/#website","url":"https:\/\/inelco-grinders.com\/de\/","name":"Inelco Grinders","description":"Grind tungsten electrodes safely &amp; economically","publisher":{"@id":"https:\/\/inelco-grinders.com\/de\/#organization"},"potentialAction":[{"@type":"SearchAction","target":{"@type":"EntryPoint","urlTemplate":"https:\/\/inelco-grinders.com\/de\/?s={search_term_string}"},"query-input":{"@type":"PropertyValueSpecification","valueRequired":true,"valueName":"search_term_string"}}],"inLanguage":"de-DE"},{"@type":"Organization","@id":"https:\/\/inelco-grinders.com\/de\/#organization","name":"Inelco Grinders","url":"https:\/\/inelco-grinders.com\/de\/","logo":{"@type":"ImageObject","inLanguage":"de-DE","@id":"https:\/\/inelco-grinders.com\/de\/#\/schema\/logo\/image\/","url":"https:\/\/inelco-grinders.com\/wp-content\/uploads\/2025\/10\/favicon-196x196-1.png","contentUrl":"https:\/\/inelco-grinders.com\/wp-content\/uploads\/2025\/10\/favicon-196x196-1.png","width":196,"height":196,"caption":"Inelco Grinders"},"image":{"@id":"https:\/\/inelco-grinders.com\/de\/#\/schema\/logo\/image\/"},"sameAs":["https:\/\/www.facebook.com\/inelcogrinders"]}]}},"_links":{"self":[{"href":"https:\/\/inelco-grinders.com\/de\/wp-json\/wp\/v2\/product\/1443","targetHints":{"allow":["GET"]}}],"collection":[{"href":"https:\/\/inelco-grinders.com\/de\/wp-json\/wp\/v2\/product"}],"about":[{"href":"https:\/\/inelco-grinders.com\/de\/wp-json\/wp\/v2\/types\/product"}],"wp:featuredmedia":[{"embeddable":true,"href":"https:\/\/inelco-grinders.com\/de\/wp-json\/wp\/v2\/media\/1292"}],"wp:attachment":[{"href":"https:\/\/inelco-grinders.com\/de\/wp-json\/wp\/v2\/media?parent=1443"}],"curies":[{"name":"wp","href":"https:\/\/api.w.org\/{rel}","templated":true}]}}