{"id":16987,"date":"2026-03-10T09:36:42","date_gmt":"2026-03-10T09:36:42","guid":{"rendered":"https:\/\/inelco-grinders.com\/?post_type=product&#038;p=16987"},"modified":"2026-03-10T10:03:04","modified_gmt":"2026-03-10T10:03:04","slug":"trolley","status":"publish","type":"product","link":"https:\/\/inelco-grinders.com\/de\/product\/trolley\/","title":{"rendered":"Trolley"},"content":{"rendered":"\n<p>Der Wagen fu\u0308r Ihren Wolframelektrodenschleifer und Ihr Schwei\u00dfzubeh\u00f6r.<\/p>\n\n\n\n<p>Bewahren Sie Ihr Zubeh\u00f6r stets griffbereit auf &#8211; mit dem Inelco Grinders Trolley. Er ist dafu\u0308r ausgelegt, Ihren Wolframelektrodenschleifer, Schleifflu\u0308ssigkeit, Ersatzteile, Helm, Wolframelektroden und mehr an nur einem Ort aufzubewahren und zu transportieren.<br>Stabil, kompakt und leicht zu bewegen \u2013 unser Trolley begleitet Sie an Ihren Arbeitsplatz, so dass Sie sich auf die Arbeit konzentrieren k\u00f6nnen, anstatt Ihre Werkzeuge zu suchen.<\/p>\n\n\n\n<h4 class=\"wp-block-heading\">Wesentliche Vorteile<\/h4>\n\n\n\n<ul class=\"wp-block-list\">\n<li>Alles, was Sie brauchen, immer dabei<\/li>\n\n\n\n<li>Mobile und flexible L\u00f6sung<\/li>\n\n\n\n<li>Leicht zu bewegen<\/li>\n<\/ul>\n\n\n\n<p><\/p>\n","protected":false},"featured_media":16850,"parent":0,"template":"","class_list":["post-16987","product","type-product","status-publish","has-post-thumbnail","hentry"],"acf":[],"yoast_head":"<!-- This site is optimized with the Yoast SEO plugin v27.0 - https:\/\/yoast.com\/product\/yoast-seo-wordpress\/ -->\n<title>Inelco Grinders&#039; Trolley<\/title>\n<meta name=\"description\" content=\"Der Wagen fu\u0308r Ihren Wolframelektrodenschleifer und Ihr Schwei\u00dfzubeh\u00f6r. Bewahren Sie Ihr Zubeh\u00f6r stets griffbereit auf - mit dem Inelco Grinders Trolley.\" \/>\n<meta name=\"robots\" content=\"index, follow, max-snippet:-1, max-image-preview:large, max-video-preview:-1\" \/>\n<link rel=\"canonical\" href=\"https:\/\/inelco-grinders.com\/de\/product\/trolley\/\" \/>\n<meta property=\"og:locale\" content=\"de_DE\" \/>\n<meta property=\"og:type\" content=\"article\" \/>\n<meta property=\"og:title\" content=\"Inelco Grinders&#039; Trolley\" \/>\n<meta property=\"og:description\" content=\"Der Wagen fu\u0308r Ihren Wolframelektrodenschleifer und Ihr Schwei\u00dfzubeh\u00f6r. Bewahren Sie Ihr Zubeh\u00f6r stets griffbereit auf - mit dem Inelco Grinders Trolley.\" \/>\n<meta property=\"og:url\" content=\"https:\/\/inelco-grinders.com\/de\/product\/trolley\/\" \/>\n<meta property=\"og:site_name\" content=\"Inelco Grinders\" \/>\n<meta property=\"article:publisher\" content=\"https:\/\/www.facebook.com\/inelcogrinders\" \/>\n<meta property=\"article:modified_time\" content=\"2026-03-10T10:03:04+00:00\" \/>\n<meta property=\"og:image\" content=\"https:\/\/inelco-grinders.com\/wp-content\/uploads\/2026\/02\/trolley_t_img1.jpg\" \/>\n\t<meta property=\"og:image:width\" content=\"288\" \/>\n\t<meta property=\"og:image:height\" content=\"234\" \/>\n\t<meta property=\"og:image:type\" content=\"image\/jpeg\" \/>\n<meta name=\"twitter:card\" content=\"summary_large_image\" \/>\n<meta name=\"twitter:label1\" content=\"Gesch\u00e4tzte Lesezeit\" \/>\n\t<meta name=\"twitter:data1\" content=\"5 Minuten\" \/>\n<!-- \/ Yoast SEO plugin. -->","yoast_head_json":{"title":"Inelco Grinders' Trolley","description":"Der Wagen fu\u0308r Ihren Wolframelektrodenschleifer und Ihr Schwei\u00dfzubeh\u00f6r. Bewahren Sie Ihr Zubeh\u00f6r stets griffbereit auf - mit dem Inelco Grinders Trolley.","robots":{"index":"index","follow":"follow","max-snippet":"max-snippet:-1","max-image-preview":"max-image-preview:large","max-video-preview":"max-video-preview:-1"},"canonical":"https:\/\/inelco-grinders.com\/de\/product\/trolley\/","og_locale":"de_DE","og_type":"article","og_title":"Inelco Grinders' Trolley","og_description":"Der Wagen fu\u0308r Ihren Wolframelektrodenschleifer und Ihr Schwei\u00dfzubeh\u00f6r. Bewahren Sie Ihr Zubeh\u00f6r stets griffbereit auf - mit dem Inelco Grinders Trolley.","og_url":"https:\/\/inelco-grinders.com\/de\/product\/trolley\/","og_site_name":"Inelco Grinders","article_publisher":"https:\/\/www.facebook.com\/inelcogrinders","article_modified_time":"2026-03-10T10:03:04+00:00","og_image":[{"width":288,"height":234,"url":"https:\/\/inelco-grinders.com\/wp-content\/uploads\/2026\/02\/trolley_t_img1.jpg","type":"image\/jpeg"}],"twitter_card":"summary_large_image","twitter_misc":{"Gesch\u00e4tzte Lesezeit":"5 Minuten"},"schema":{"@context":"https:\/\/schema.org","@graph":[{"@type":"WebPage","@id":"https:\/\/inelco-grinders.com\/de\/product\/trolley\/","url":"https:\/\/inelco-grinders.com\/de\/product\/trolley\/","name":"Inelco Grinders' Trolley","isPartOf":{"@id":"https:\/\/inelco-grinders.com\/de\/#website"},"primaryImageOfPage":{"@id":"https:\/\/inelco-grinders.com\/de\/product\/trolley\/#primaryimage"},"image":{"@id":"https:\/\/inelco-grinders.com\/de\/product\/trolley\/#primaryimage"},"thumbnailUrl":"https:\/\/inelco-grinders.com\/wp-content\/uploads\/2026\/02\/trolley_t_img1.jpg","datePublished":"2026-03-10T09:36:42+00:00","dateModified":"2026-03-10T10:03:04+00:00","description":"Der Wagen fu\u0308r Ihren Wolframelektrodenschleifer und Ihr Schwei\u00dfzubeh\u00f6r. Bewahren Sie Ihr Zubeh\u00f6r stets griffbereit auf - mit dem Inelco Grinders Trolley.","inLanguage":"de-DE","potentialAction":[{"@type":"ReadAction","target":["https:\/\/inelco-grinders.com\/de\/product\/trolley\/"]}]},{"@type":"ImageObject","inLanguage":"de-DE","@id":"https:\/\/inelco-grinders.com\/de\/product\/trolley\/#primaryimage","url":"https:\/\/inelco-grinders.com\/wp-content\/uploads\/2026\/02\/trolley_t_img1.jpg","contentUrl":"https:\/\/inelco-grinders.com\/wp-content\/uploads\/2026\/02\/trolley_t_img1.jpg","width":288,"height":234},{"@type":"WebSite","@id":"https:\/\/inelco-grinders.com\/de\/#website","url":"https:\/\/inelco-grinders.com\/de\/","name":"Inelco Grinders","description":"Grind tungsten electrodes safely &amp; economically","publisher":{"@id":"https:\/\/inelco-grinders.com\/de\/#organization"},"potentialAction":[{"@type":"SearchAction","target":{"@type":"EntryPoint","urlTemplate":"https:\/\/inelco-grinders.com\/de\/?s={search_term_string}"},"query-input":{"@type":"PropertyValueSpecification","valueRequired":true,"valueName":"search_term_string"}}],"inLanguage":"de-DE"},{"@type":"Organization","@id":"https:\/\/inelco-grinders.com\/de\/#organization","name":"Inelco Grinders","url":"https:\/\/inelco-grinders.com\/de\/","logo":{"@type":"ImageObject","inLanguage":"de-DE","@id":"https:\/\/inelco-grinders.com\/de\/#\/schema\/logo\/image\/","url":"https:\/\/inelco-grinders.com\/wp-content\/uploads\/2025\/10\/favicon-196x196-1.png","contentUrl":"https:\/\/inelco-grinders.com\/wp-content\/uploads\/2025\/10\/favicon-196x196-1.png","width":196,"height":196,"caption":"Inelco Grinders"},"image":{"@id":"https:\/\/inelco-grinders.com\/de\/#\/schema\/logo\/image\/"},"sameAs":["https:\/\/www.facebook.com\/inelcogrinders"]}]}},"_links":{"self":[{"href":"https:\/\/inelco-grinders.com\/de\/wp-json\/wp\/v2\/product\/16987","targetHints":{"allow":["GET"]}}],"collection":[{"href":"https:\/\/inelco-grinders.com\/de\/wp-json\/wp\/v2\/product"}],"about":[{"href":"https:\/\/inelco-grinders.com\/de\/wp-json\/wp\/v2\/types\/product"}],"wp:featuredmedia":[{"embeddable":true,"href":"https:\/\/inelco-grinders.com\/de\/wp-json\/wp\/v2\/media\/16850"}],"wp:attachment":[{"href":"https:\/\/inelco-grinders.com\/de\/wp-json\/wp\/v2\/media?parent=16987"}],"curies":[{"name":"wp","href":"https:\/\/api.w.org\/{rel}","templated":true}]}}