{"id":1430,"date":"2021-06-29T10:52:18","date_gmt":"2021-06-29T10:52:18","guid":{"rendered":"https:\/\/inelcogrinders.wpengine.com\/product\/ultima-tig\/"},"modified":"2023-11-24T08:55:54","modified_gmt":"2023-11-24T08:55:54","slug":"ultima-tig","status":"publish","type":"product","link":"https:\/\/inelco-grinders.com\/es\/product\/ultima-tig\/","title":{"rendered":"Ultima-TIG<sup>\u00ae<\/sup>"},"content":{"rendered":"\n<p>Ultima-TIG<sup>\u00ae<\/sup> es nuestro afilador en h\u00famedo de electrodos de tungsteno que asegura un afilado preciso en el \u00e1ngulo correcto y un centrado perfecto de la punta del electrodo. Afila hasta 8 mm, lo que resulta a un desperdicio m\u00ednimo de electrodos.<\/p>\n\n\n\n<h4 class=\"wp-block-heading\"><strong>Caracter\u00edsticas<\/strong><\/h4>\n\n\n\n<ul class=\"wp-block-list\">\n<li>C\u00e1mara de afilado sellado con colector de polvo para proteger al usuario<\/li>\n\n\n\n<li>El ajuste de \u00e1ngulo variable proporciona m\u00e1s flexibilidad<\/li>\n\n\n\n<li>Afilado en h\u00famedo evita sobrecalentamiento del electrodo<\/li>\n\n\n\n<li>La alta velocidad de afilado proporciona un afiliado m\u00e1s r\u00e1pido y una superficie lisa<\/li>\n\n\n\n<li>El soporte de electrodo asegura el centrado de la punta y reduce el desperdicio<\/li>\n\n\n\n<li>Menos desperdicio de electrodos da como resultado un corto tiempo de retorno<\/li>\n<\/ul>\n","protected":false},"featured_media":1164,"parent":0,"template":"","class_list":["post-1430","product","type-product","status-publish","has-post-thumbnail","hentry"],"acf":[],"yoast_head":"<!-- This site is optimized with the Yoast SEO plugin v27.0 - https:\/\/yoast.com\/product\/yoast-seo-wordpress\/ -->\n<title>Ultima-TIG\u00ae | Inelco Grinders<\/title>\n<meta name=\"description\" content=\"Ultima-TIG\u00ae es nuestro afilador en h\u00famedo de electrodos de tungsteno que asegura un afilado preciso en el \u00e1ngulo correcto y un centrado perfecto de la\" \/>\n<meta name=\"robots\" content=\"index, follow, max-snippet:-1, max-image-preview:large, max-video-preview:-1\" \/>\n<link rel=\"canonical\" href=\"https:\/\/inelco-grinders.com\/es\/product\/ultima-tig\/\" \/>\n<meta property=\"og:locale\" content=\"es_ES\" \/>\n<meta property=\"og:type\" content=\"article\" \/>\n<meta property=\"og:title\" content=\"Ultima-TIG\u00ae | Inelco Grinders\" \/>\n<meta property=\"og:description\" content=\"Ultima-TIG\u00ae es nuestro afilador en h\u00famedo de electrodos de tungsteno que asegura un afilado preciso en el \u00e1ngulo correcto y un centrado perfecto de la\" \/>\n<meta property=\"og:url\" content=\"https:\/\/inelco-grinders.com\/es\/product\/ultima-tig\/\" \/>\n<meta property=\"og:site_name\" content=\"Inelco Grinders\" \/>\n<meta property=\"article:publisher\" content=\"https:\/\/www.facebook.com\/inelcogrinders\" \/>\n<meta property=\"article:modified_time\" content=\"2023-11-24T08:55:54+00:00\" \/>\n<meta property=\"og:image\" content=\"https:\/\/inelco-grinders.com\/wp-content\/uploads\/2021\/06\/Ultima-TIG.png\" \/>\n\t<meta property=\"og:image:width\" content=\"242\" \/>\n\t<meta property=\"og:image:height\" content=\"338\" \/>\n\t<meta property=\"og:image:type\" content=\"image\/png\" \/>\n<meta name=\"twitter:card\" content=\"summary_large_image\" \/>\n<meta name=\"twitter:label1\" content=\"Tiempo de lectura\" \/>\n\t<meta name=\"twitter:data1\" content=\"1 minuto\" \/>\n<!-- \/ Yoast SEO plugin. -->","yoast_head_json":{"title":"Ultima-TIG\u00ae | Inelco Grinders","description":"Ultima-TIG\u00ae es nuestro afilador en h\u00famedo de electrodos de tungsteno que asegura un afilado preciso en el \u00e1ngulo correcto y un centrado perfecto de la","robots":{"index":"index","follow":"follow","max-snippet":"max-snippet:-1","max-image-preview":"max-image-preview:large","max-video-preview":"max-video-preview:-1"},"canonical":"https:\/\/inelco-grinders.com\/es\/product\/ultima-tig\/","og_locale":"es_ES","og_type":"article","og_title":"Ultima-TIG\u00ae | Inelco Grinders","og_description":"Ultima-TIG\u00ae es nuestro afilador en h\u00famedo de electrodos de tungsteno que asegura un afilado preciso en el \u00e1ngulo correcto y un centrado perfecto de la","og_url":"https:\/\/inelco-grinders.com\/es\/product\/ultima-tig\/","og_site_name":"Inelco Grinders","article_publisher":"https:\/\/www.facebook.com\/inelcogrinders","article_modified_time":"2023-11-24T08:55:54+00:00","og_image":[{"width":242,"height":338,"url":"https:\/\/inelco-grinders.com\/wp-content\/uploads\/2021\/06\/Ultima-TIG.png","type":"image\/png"}],"twitter_card":"summary_large_image","twitter_misc":{"Tiempo de lectura":"1 minuto"},"schema":{"@context":"https:\/\/schema.org","@graph":[{"@type":"WebPage","@id":"https:\/\/inelco-grinders.com\/es\/product\/ultima-tig\/","url":"https:\/\/inelco-grinders.com\/es\/product\/ultima-tig\/","name":"Ultima-TIG\u00ae | Inelco Grinders","isPartOf":{"@id":"https:\/\/inelco-grinders.com\/es\/#website"},"primaryImageOfPage":{"@id":"https:\/\/inelco-grinders.com\/es\/product\/ultima-tig\/#primaryimage"},"image":{"@id":"https:\/\/inelco-grinders.com\/es\/product\/ultima-tig\/#primaryimage"},"thumbnailUrl":"https:\/\/inelco-grinders.com\/wp-content\/uploads\/2021\/06\/Ultima-TIG.png","datePublished":"2021-06-29T10:52:18+00:00","dateModified":"2023-11-24T08:55:54+00:00","description":"Ultima-TIG\u00ae es nuestro afilador en h\u00famedo de electrodos de tungsteno que asegura un afilado preciso en el \u00e1ngulo correcto y un centrado perfecto de la","inLanguage":"es","potentialAction":[{"@type":"ReadAction","target":["https:\/\/inelco-grinders.com\/es\/product\/ultima-tig\/"]}]},{"@type":"ImageObject","inLanguage":"es","@id":"https:\/\/inelco-grinders.com\/es\/product\/ultima-tig\/#primaryimage","url":"https:\/\/inelco-grinders.com\/wp-content\/uploads\/2021\/06\/Ultima-TIG.png","contentUrl":"https:\/\/inelco-grinders.com\/wp-content\/uploads\/2021\/06\/Ultima-TIG.png","width":242,"height":338,"caption":"Ultima TIG"},{"@type":"WebSite","@id":"https:\/\/inelco-grinders.com\/es\/#website","url":"https:\/\/inelco-grinders.com\/es\/","name":"Inelco Grinders","description":"Grind tungsten electrodes safely &amp; economically","publisher":{"@id":"https:\/\/inelco-grinders.com\/es\/#organization"},"potentialAction":[{"@type":"SearchAction","target":{"@type":"EntryPoint","urlTemplate":"https:\/\/inelco-grinders.com\/es\/?s={search_term_string}"},"query-input":{"@type":"PropertyValueSpecification","valueRequired":true,"valueName":"search_term_string"}}],"inLanguage":"es"},{"@type":"Organization","@id":"https:\/\/inelco-grinders.com\/es\/#organization","name":"Inelco Grinders","url":"https:\/\/inelco-grinders.com\/es\/","logo":{"@type":"ImageObject","inLanguage":"es","@id":"https:\/\/inelco-grinders.com\/es\/#\/schema\/logo\/image\/","url":"https:\/\/inelco-grinders.com\/wp-content\/uploads\/2025\/10\/favicon-196x196-1.png","contentUrl":"https:\/\/inelco-grinders.com\/wp-content\/uploads\/2025\/10\/favicon-196x196-1.png","width":196,"height":196,"caption":"Inelco Grinders"},"image":{"@id":"https:\/\/inelco-grinders.com\/es\/#\/schema\/logo\/image\/"},"sameAs":["https:\/\/www.facebook.com\/inelcogrinders"]}]}},"_links":{"self":[{"href":"https:\/\/inelco-grinders.com\/es\/wp-json\/wp\/v2\/product\/1430","targetHints":{"allow":["GET"]}}],"collection":[{"href":"https:\/\/inelco-grinders.com\/es\/wp-json\/wp\/v2\/product"}],"about":[{"href":"https:\/\/inelco-grinders.com\/es\/wp-json\/wp\/v2\/types\/product"}],"wp:featuredmedia":[{"embeddable":true,"href":"https:\/\/inelco-grinders.com\/es\/wp-json\/wp\/v2\/media\/1164"}],"wp:attachment":[{"href":"https:\/\/inelco-grinders.com\/es\/wp-json\/wp\/v2\/media?parent=1430"}],"curies":[{"name":"wp","href":"https:\/\/api.w.org\/{rel}","templated":true}]}}