{"id":1435,"date":"2021-07-01T16:28:16","date_gmt":"2021-07-01T16:28:16","guid":{"rendered":"https:\/\/inelcogrinders.wpengine.com\/product\/ultima-tig-cut\/"},"modified":"2023-10-13T06:18:15","modified_gmt":"2023-10-13T06:18:15","slug":"ultima-tig-cut","status":"publish","type":"product","link":"https:\/\/inelco-grinders.com\/es\/product\/ultima-tig-cut\/","title":{"rendered":"Ultima-TIG<sup>\u00ae<\/sup>-Cut"},"content":{"rendered":"\n<p>Ultima-TIG<sup>\u00ae<\/sup>-Cut es nuestro afilador en h\u00famedo de electrodos de tungsteno con un m\u00f3dulo de corte que asegura un afilado preciso en el \u00e1ngulo correcto y un centrado perfecto de la punta, as\u00ed como un corte preciso y seguro del electrodo.<\/p>\n\n\n\n<h4 class=\"wp-block-heading\"><strong>Caracter\u00edsticas<\/strong><\/h4>\n\n\n\n<ul class=\"wp-block-list\">\n<li>Corte seguro sin que el electrodo se parta<\/li>\n\n\n\n<li>C\u00e1mara de afilado sellada con colector de polvo para proteger al usuario<\/li>\n\n\n\n<li>El ajuste de \u00e1ngulo variable proporciona m\u00e1s flexibilidad<\/li>\n\n\n\n<li>Afilado en h\u00famedo evita sobrecalentamiento del electrodo<\/li>\n\n\n\n<li>La alta velocidad de afilado proporciona un afiliado m\u00e1s r\u00e1pido y una superficie lisa<\/li>\n\n\n\n<li>El soporte de electrodo asegura el centrado de la punta y reduce el desperdicio<\/li>\n\n\n\n<li>Menos desperdicio de electrodos da como resultado un corto tiempo de retorno<\/li>\n<\/ul>\n","protected":false},"featured_media":604,"parent":0,"template":"","class_list":["post-1435","product","type-product","status-publish","has-post-thumbnail","hentry"],"acf":[],"yoast_head":"<!-- This site is optimized with the Yoast SEO plugin v27.0 - https:\/\/yoast.com\/product\/yoast-seo-wordpress\/ -->\n<title>Ultima-TIG\u00ae-Cut | Inelco Grinders<\/title>\n<meta name=\"description\" content=\"Ultima-TIG\u00ae-Cut es nuestro afilador en h\u00famedo de electrodos de tungsteno con un m\u00f3dulo de corte que asegura un afilado preciso en el \u00e1ngulo correcto y un\" \/>\n<meta name=\"robots\" content=\"index, follow, max-snippet:-1, max-image-preview:large, max-video-preview:-1\" \/>\n<link rel=\"canonical\" href=\"https:\/\/inelco-grinders.com\/es\/product\/ultima-tig-cut\/\" \/>\n<meta property=\"og:locale\" content=\"es_ES\" \/>\n<meta property=\"og:type\" content=\"article\" \/>\n<meta property=\"og:title\" content=\"Ultima-TIG\u00ae-Cut | Inelco Grinders\" \/>\n<meta property=\"og:description\" content=\"Ultima-TIG\u00ae-Cut es nuestro afilador en h\u00famedo de electrodos de tungsteno con un m\u00f3dulo de corte que asegura un afilado preciso en el \u00e1ngulo correcto y un\" \/>\n<meta property=\"og:url\" content=\"https:\/\/inelco-grinders.com\/es\/product\/ultima-tig-cut\/\" \/>\n<meta property=\"og:site_name\" content=\"Inelco Grinders\" \/>\n<meta property=\"article:publisher\" content=\"https:\/\/www.facebook.com\/inelcogrinders\" \/>\n<meta property=\"article:modified_time\" content=\"2023-10-13T06:18:15+00:00\" \/>\n<meta property=\"og:image\" content=\"https:\/\/inelco-grinders.com\/wp-content\/uploads\/2021\/07\/Ultima-TIG-Cut.png\" \/>\n\t<meta property=\"og:image:width\" content=\"253\" \/>\n\t<meta property=\"og:image:height\" content=\"327\" \/>\n\t<meta property=\"og:image:type\" content=\"image\/png\" \/>\n<meta name=\"twitter:card\" content=\"summary_large_image\" \/>\n<meta name=\"twitter:label1\" content=\"Tiempo de lectura\" \/>\n\t<meta name=\"twitter:data1\" content=\"1 minuto\" \/>\n<!-- \/ Yoast SEO plugin. -->","yoast_head_json":{"title":"Ultima-TIG\u00ae-Cut | Inelco Grinders","description":"Ultima-TIG\u00ae-Cut es nuestro afilador en h\u00famedo de electrodos de tungsteno con un m\u00f3dulo de corte que asegura un afilado preciso en el \u00e1ngulo correcto y un","robots":{"index":"index","follow":"follow","max-snippet":"max-snippet:-1","max-image-preview":"max-image-preview:large","max-video-preview":"max-video-preview:-1"},"canonical":"https:\/\/inelco-grinders.com\/es\/product\/ultima-tig-cut\/","og_locale":"es_ES","og_type":"article","og_title":"Ultima-TIG\u00ae-Cut | Inelco Grinders","og_description":"Ultima-TIG\u00ae-Cut es nuestro afilador en h\u00famedo de electrodos de tungsteno con un m\u00f3dulo de corte que asegura un afilado preciso en el \u00e1ngulo correcto y un","og_url":"https:\/\/inelco-grinders.com\/es\/product\/ultima-tig-cut\/","og_site_name":"Inelco Grinders","article_publisher":"https:\/\/www.facebook.com\/inelcogrinders","article_modified_time":"2023-10-13T06:18:15+00:00","og_image":[{"width":253,"height":327,"url":"https:\/\/inelco-grinders.com\/wp-content\/uploads\/2021\/07\/Ultima-TIG-Cut.png","type":"image\/png"}],"twitter_card":"summary_large_image","twitter_misc":{"Tiempo de lectura":"1 minuto"},"schema":{"@context":"https:\/\/schema.org","@graph":[{"@type":"WebPage","@id":"https:\/\/inelco-grinders.com\/es\/product\/ultima-tig-cut\/","url":"https:\/\/inelco-grinders.com\/es\/product\/ultima-tig-cut\/","name":"Ultima-TIG\u00ae-Cut | Inelco Grinders","isPartOf":{"@id":"https:\/\/inelco-grinders.com\/es\/#website"},"primaryImageOfPage":{"@id":"https:\/\/inelco-grinders.com\/es\/product\/ultima-tig-cut\/#primaryimage"},"image":{"@id":"https:\/\/inelco-grinders.com\/es\/product\/ultima-tig-cut\/#primaryimage"},"thumbnailUrl":"https:\/\/inelco-grinders.com\/wp-content\/uploads\/2021\/07\/Ultima-TIG-Cut.png","datePublished":"2021-07-01T16:28:16+00:00","dateModified":"2023-10-13T06:18:15+00:00","description":"Ultima-TIG\u00ae-Cut es nuestro afilador en h\u00famedo de electrodos de tungsteno con un m\u00f3dulo de corte que asegura un afilado preciso en el \u00e1ngulo correcto y un","inLanguage":"es","potentialAction":[{"@type":"ReadAction","target":["https:\/\/inelco-grinders.com\/es\/product\/ultima-tig-cut\/"]}]},{"@type":"ImageObject","inLanguage":"es","@id":"https:\/\/inelco-grinders.com\/es\/product\/ultima-tig-cut\/#primaryimage","url":"https:\/\/inelco-grinders.com\/wp-content\/uploads\/2021\/07\/Ultima-TIG-Cut.png","contentUrl":"https:\/\/inelco-grinders.com\/wp-content\/uploads\/2021\/07\/Ultima-TIG-Cut.png","width":253,"height":327,"caption":"Ultima TIG CUT"},{"@type":"WebSite","@id":"https:\/\/inelco-grinders.com\/es\/#website","url":"https:\/\/inelco-grinders.com\/es\/","name":"Inelco Grinders","description":"Grind tungsten electrodes safely &amp; economically","publisher":{"@id":"https:\/\/inelco-grinders.com\/es\/#organization"},"potentialAction":[{"@type":"SearchAction","target":{"@type":"EntryPoint","urlTemplate":"https:\/\/inelco-grinders.com\/es\/?s={search_term_string}"},"query-input":{"@type":"PropertyValueSpecification","valueRequired":true,"valueName":"search_term_string"}}],"inLanguage":"es"},{"@type":"Organization","@id":"https:\/\/inelco-grinders.com\/es\/#organization","name":"Inelco Grinders","url":"https:\/\/inelco-grinders.com\/es\/","logo":{"@type":"ImageObject","inLanguage":"es","@id":"https:\/\/inelco-grinders.com\/es\/#\/schema\/logo\/image\/","url":"https:\/\/inelco-grinders.com\/wp-content\/uploads\/2025\/10\/favicon-196x196-1.png","contentUrl":"https:\/\/inelco-grinders.com\/wp-content\/uploads\/2025\/10\/favicon-196x196-1.png","width":196,"height":196,"caption":"Inelco Grinders"},"image":{"@id":"https:\/\/inelco-grinders.com\/es\/#\/schema\/logo\/image\/"},"sameAs":["https:\/\/www.facebook.com\/inelcogrinders"]}]}},"_links":{"self":[{"href":"https:\/\/inelco-grinders.com\/es\/wp-json\/wp\/v2\/product\/1435","targetHints":{"allow":["GET"]}}],"collection":[{"href":"https:\/\/inelco-grinders.com\/es\/wp-json\/wp\/v2\/product"}],"about":[{"href":"https:\/\/inelco-grinders.com\/es\/wp-json\/wp\/v2\/types\/product"}],"wp:featuredmedia":[{"embeddable":true,"href":"https:\/\/inelco-grinders.com\/es\/wp-json\/wp\/v2\/media\/604"}],"wp:attachment":[{"href":"https:\/\/inelco-grinders.com\/es\/wp-json\/wp\/v2\/media?parent=1435"}],"curies":[{"name":"wp","href":"https:\/\/api.w.org\/{rel}","templated":true}]}}