{"id":1440,"date":"2021-07-01T16:28:59","date_gmt":"2021-07-01T16:28:59","guid":{"rendered":"https:\/\/inelcogrinders.wpengine.com\/product\/ultima-tig-s\/"},"modified":"2023-10-13T06:18:41","modified_gmt":"2023-10-13T06:18:41","slug":"ultima-tig-s","status":"publish","type":"product","link":"https:\/\/inelco-grinders.com\/es\/product\/ultima-tig-s\/","title":{"rendered":"Ultima-TIG<sup>\u00ae<\/sup>-S"},"content":{"rendered":"\n<p id=\"block-746dc86b-a8e1-4d37-b0f8-16d102b5f2a5\">Ultima-TIG<sup>\u00ae<\/sup>-S es nuestro afilador en h\u00famedo de electrodos de tungsteno que asegura un afilado preciso en el \u00e1ngulo correcto y un centrado perfecto de la punta del electrodo. Afila hasta 8 mm, que resulta un desperdicio m\u00ednimo de electrodos. Adem\u00e1s, puede afilar hasta un di\u00e1metro de 8,0 mm para soldadura TIG y plasma.<\/p>\n\n\n\n<h4 class=\"wp-block-heading\" id=\"block-70c431fe-2df2-4ab4-8171-120f5b7454ea\"><strong>Caracter\u00edsticas<\/strong><\/h4>\n\n\n\n<ul class=\"wp-block-list\">\n<li>C\u00e1mara de afilado sellada con colector de polvo para proteger al usuario<\/li>\n\n\n\n<li>El ajuste de \u00e1ngulo variable proporciona m\u00e1s flexibilidad<\/li>\n\n\n\n<li>Afilado en h\u00famedo evita sobrecalentamiento del electrodo<\/li>\n\n\n\n<li>La alta velocidad de afilado proporciona un afiliado m\u00e1s r\u00e1pido y una superficie lisa<\/li>\n\n\n\n<li>El soporte de electrodo asegura el centrado de la punta y reduce el desperdicio<\/li>\n\n\n\n<li>Menos desperdicio de electrodos da como resultado un corto tiempo de retorno<\/li>\n<\/ul>\n\n\n\n<p><\/p>\n","protected":false},"featured_media":594,"parent":0,"template":"","class_list":["post-1440","product","type-product","status-publish","has-post-thumbnail","hentry"],"acf":[],"yoast_head":"<!-- This site is optimized with the Yoast SEO plugin v27.0 - https:\/\/yoast.com\/product\/yoast-seo-wordpress\/ -->\n<title>Ultima-TIG\u00ae-S | Inelco Grinders<\/title>\n<meta name=\"description\" content=\"Ultima-TIG\u00ae-S es nuestro afilador en h\u00famedo de electrodos de tungsteno que asegura un afilado preciso en el \u00e1ngulo correcto y un centrado perfecto de la\" \/>\n<meta name=\"robots\" content=\"index, follow, max-snippet:-1, max-image-preview:large, max-video-preview:-1\" \/>\n<link rel=\"canonical\" href=\"https:\/\/inelco-grinders.com\/es\/product\/ultima-tig-s\/\" \/>\n<meta property=\"og:locale\" content=\"es_ES\" \/>\n<meta property=\"og:type\" content=\"article\" \/>\n<meta property=\"og:title\" content=\"Ultima-TIG\u00ae-S | Inelco Grinders\" \/>\n<meta property=\"og:description\" content=\"Ultima-TIG\u00ae-S es nuestro afilador en h\u00famedo de electrodos de tungsteno que asegura un afilado preciso en el \u00e1ngulo correcto y un centrado perfecto de la\" \/>\n<meta property=\"og:url\" content=\"https:\/\/inelco-grinders.com\/es\/product\/ultima-tig-s\/\" \/>\n<meta property=\"og:site_name\" content=\"Inelco Grinders\" \/>\n<meta property=\"article:publisher\" content=\"https:\/\/www.facebook.com\/inelcogrinders\" \/>\n<meta property=\"article:modified_time\" content=\"2023-10-13T06:18:41+00:00\" \/>\n<meta property=\"og:image\" content=\"https:\/\/inelco-grinders.com\/wp-content\/uploads\/2021\/07\/Ultima-TIG-S.png\" \/>\n\t<meta property=\"og:image:width\" content=\"246\" \/>\n\t<meta property=\"og:image:height\" content=\"343\" \/>\n\t<meta property=\"og:image:type\" content=\"image\/png\" \/>\n<meta name=\"twitter:card\" content=\"summary_large_image\" \/>\n<meta name=\"twitter:label1\" content=\"Tiempo de lectura\" \/>\n\t<meta name=\"twitter:data1\" content=\"1 minuto\" \/>\n<!-- \/ Yoast SEO plugin. -->","yoast_head_json":{"title":"Ultima-TIG\u00ae-S | Inelco Grinders","description":"Ultima-TIG\u00ae-S es nuestro afilador en h\u00famedo de electrodos de tungsteno que asegura un afilado preciso en el \u00e1ngulo correcto y un centrado perfecto de la","robots":{"index":"index","follow":"follow","max-snippet":"max-snippet:-1","max-image-preview":"max-image-preview:large","max-video-preview":"max-video-preview:-1"},"canonical":"https:\/\/inelco-grinders.com\/es\/product\/ultima-tig-s\/","og_locale":"es_ES","og_type":"article","og_title":"Ultima-TIG\u00ae-S | Inelco Grinders","og_description":"Ultima-TIG\u00ae-S es nuestro afilador en h\u00famedo de electrodos de tungsteno que asegura un afilado preciso en el \u00e1ngulo correcto y un centrado perfecto de la","og_url":"https:\/\/inelco-grinders.com\/es\/product\/ultima-tig-s\/","og_site_name":"Inelco Grinders","article_publisher":"https:\/\/www.facebook.com\/inelcogrinders","article_modified_time":"2023-10-13T06:18:41+00:00","og_image":[{"width":246,"height":343,"url":"https:\/\/inelco-grinders.com\/wp-content\/uploads\/2021\/07\/Ultima-TIG-S.png","type":"image\/png"}],"twitter_card":"summary_large_image","twitter_misc":{"Tiempo de lectura":"1 minuto"},"schema":{"@context":"https:\/\/schema.org","@graph":[{"@type":"WebPage","@id":"https:\/\/inelco-grinders.com\/es\/product\/ultima-tig-s\/","url":"https:\/\/inelco-grinders.com\/es\/product\/ultima-tig-s\/","name":"Ultima-TIG\u00ae-S | Inelco Grinders","isPartOf":{"@id":"https:\/\/inelco-grinders.com\/es\/#website"},"primaryImageOfPage":{"@id":"https:\/\/inelco-grinders.com\/es\/product\/ultima-tig-s\/#primaryimage"},"image":{"@id":"https:\/\/inelco-grinders.com\/es\/product\/ultima-tig-s\/#primaryimage"},"thumbnailUrl":"https:\/\/inelco-grinders.com\/wp-content\/uploads\/2021\/07\/Ultima-TIG-S.png","datePublished":"2021-07-01T16:28:59+00:00","dateModified":"2023-10-13T06:18:41+00:00","description":"Ultima-TIG\u00ae-S es nuestro afilador en h\u00famedo de electrodos de tungsteno que asegura un afilado preciso en el \u00e1ngulo correcto y un centrado perfecto de la","inLanguage":"es","potentialAction":[{"@type":"ReadAction","target":["https:\/\/inelco-grinders.com\/es\/product\/ultima-tig-s\/"]}]},{"@type":"ImageObject","inLanguage":"es","@id":"https:\/\/inelco-grinders.com\/es\/product\/ultima-tig-s\/#primaryimage","url":"https:\/\/inelco-grinders.com\/wp-content\/uploads\/2021\/07\/Ultima-TIG-S.png","contentUrl":"https:\/\/inelco-grinders.com\/wp-content\/uploads\/2021\/07\/Ultima-TIG-S.png","width":246,"height":343,"caption":"Ultima TIG S"},{"@type":"WebSite","@id":"https:\/\/inelco-grinders.com\/es\/#website","url":"https:\/\/inelco-grinders.com\/es\/","name":"Inelco Grinders","description":"Grind tungsten electrodes safely &amp; economically","publisher":{"@id":"https:\/\/inelco-grinders.com\/es\/#organization"},"potentialAction":[{"@type":"SearchAction","target":{"@type":"EntryPoint","urlTemplate":"https:\/\/inelco-grinders.com\/es\/?s={search_term_string}"},"query-input":{"@type":"PropertyValueSpecification","valueRequired":true,"valueName":"search_term_string"}}],"inLanguage":"es"},{"@type":"Organization","@id":"https:\/\/inelco-grinders.com\/es\/#organization","name":"Inelco Grinders","url":"https:\/\/inelco-grinders.com\/es\/","logo":{"@type":"ImageObject","inLanguage":"es","@id":"https:\/\/inelco-grinders.com\/es\/#\/schema\/logo\/image\/","url":"https:\/\/inelco-grinders.com\/wp-content\/uploads\/2025\/10\/favicon-196x196-1.png","contentUrl":"https:\/\/inelco-grinders.com\/wp-content\/uploads\/2025\/10\/favicon-196x196-1.png","width":196,"height":196,"caption":"Inelco Grinders"},"image":{"@id":"https:\/\/inelco-grinders.com\/es\/#\/schema\/logo\/image\/"},"sameAs":["https:\/\/www.facebook.com\/inelcogrinders"]}]}},"_links":{"self":[{"href":"https:\/\/inelco-grinders.com\/es\/wp-json\/wp\/v2\/product\/1440","targetHints":{"allow":["GET"]}}],"collection":[{"href":"https:\/\/inelco-grinders.com\/es\/wp-json\/wp\/v2\/product"}],"about":[{"href":"https:\/\/inelco-grinders.com\/es\/wp-json\/wp\/v2\/types\/product"}],"wp:featuredmedia":[{"embeddable":true,"href":"https:\/\/inelco-grinders.com\/es\/wp-json\/wp\/v2\/media\/594"}],"wp:attachment":[{"href":"https:\/\/inelco-grinders.com\/es\/wp-json\/wp\/v2\/media?parent=1440"}],"curies":[{"name":"wp","href":"https:\/\/api.w.org\/{rel}","templated":true}]}}