{"id":1445,"date":"2021-07-01T16:30:04","date_gmt":"2021-07-01T16:30:04","guid":{"rendered":"https:\/\/inelcogrinders.wpengine.com\/product\/autogrind-digital\/"},"modified":"2026-03-18T12:14:05","modified_gmt":"2026-03-18T12:14:05","slug":"autogrind-digital","status":"publish","type":"product","link":"https:\/\/inelco-grinders.com\/es\/product\/autogrind-digital\/","title":{"rendered":"AutoGrind Digital"},"content":{"rendered":"\n<p>AutoGrind Digital es un m\u00f3dulo separado para el afilado autom\u00e1tico de electrodos de tungsteno en Ultima-TIG<sup>\u00ae<\/sup> y Ultima-TIG<sup>\u00ae<\/sup>-Cut. AutoGrind-S Digital est\u00e1 disponible para Ultima-TIG<sup>\u00ae<\/sup>-S. El afilado autom\u00e1tico ofrece un tiempo de afilado m\u00e1s corto, as\u00ed como una mejor soluci\u00f3n ergon\u00f3mica para el usuario al afilar muchos electrodos. El AutoGrind Digital tiene un f\u00e1cil ajuste del tiempo de afilado.<\/p>\n\n\n\n<h4 class=\"wp-block-heading\"><strong>Caracter\u00edsticas<\/strong><\/h4>\n\n\n\n<ul class=\"wp-block-list\">\n<li>El afilado autom\u00e1tico del electrodo asegura un resultado preciso y uniforme.<\/li>\n\n\n\n<li>La alta velocidad de rotaci\u00f3n acorta el tiempo de afilado<\/li>\n\n\n\n<li>El afilado se apaga autom\u00e1ticamente cuando termina el afilado<\/li>\n\n\n\n<li>El usuario puede preparar el siguiente electrodo durante el proceso de afilado.<\/li>\n<\/ul>\n\n\n\n<p><\/p>\n","protected":false},"featured_media":1294,"parent":0,"template":"","class_list":["post-1445","product","type-product","status-publish","has-post-thumbnail","hentry"],"acf":[],"yoast_head":"<!-- This site is optimized with the Yoast SEO plugin v27.0 - https:\/\/yoast.com\/product\/yoast-seo-wordpress\/ -->\n<title>AutoGrind Digital | Inelco Grinders<\/title>\n<meta name=\"description\" content=\"AutoGrind Digital es un complemento para Ultima-TIG. Garantiza el afilado autom\u00e1tico del electrodo de tungsteno. \u00a1Reserve una demo gratuita hoy!\" \/>\n<meta name=\"robots\" content=\"index, follow, max-snippet:-1, max-image-preview:large, max-video-preview:-1\" \/>\n<link rel=\"canonical\" href=\"https:\/\/inelco-grinders.com\/es\/product\/autogrind-digital\/\" \/>\n<meta property=\"og:locale\" content=\"es_ES\" \/>\n<meta property=\"og:type\" content=\"article\" \/>\n<meta property=\"og:title\" content=\"AutoGrind Digital | Inelco Grinders\" \/>\n<meta property=\"og:description\" content=\"AutoGrind Digital es un complemento para Ultima-TIG. Garantiza el afilado autom\u00e1tico del electrodo de tungsteno. \u00a1Reserve una demo gratuita hoy!\" \/>\n<meta property=\"og:url\" content=\"https:\/\/inelco-grinders.com\/es\/product\/autogrind-digital\/\" \/>\n<meta property=\"og:site_name\" content=\"Inelco Grinders\" \/>\n<meta property=\"article:publisher\" content=\"https:\/\/www.facebook.com\/inelcogrinders\" \/>\n<meta property=\"article:modified_time\" content=\"2026-03-18T12:14:05+00:00\" \/>\n<meta property=\"og:image\" content=\"https:\/\/inelco-grinders.com\/wp-content\/uploads\/2021\/08\/autogrind-digital-featuredd.png\" \/>\n\t<meta property=\"og:image:width\" content=\"492\" \/>\n\t<meta property=\"og:image:height\" content=\"644\" \/>\n\t<meta property=\"og:image:type\" content=\"image\/png\" \/>\n<meta name=\"twitter:card\" content=\"summary_large_image\" \/>\n<meta name=\"twitter:label1\" content=\"Tiempo de lectura\" \/>\n\t<meta name=\"twitter:data1\" content=\"8 minutos\" \/>\n<!-- \/ Yoast SEO plugin. -->","yoast_head_json":{"title":"AutoGrind Digital | Inelco Grinders","description":"AutoGrind Digital es un complemento para Ultima-TIG. Garantiza el afilado autom\u00e1tico del electrodo de tungsteno. \u00a1Reserve una demo gratuita hoy!","robots":{"index":"index","follow":"follow","max-snippet":"max-snippet:-1","max-image-preview":"max-image-preview:large","max-video-preview":"max-video-preview:-1"},"canonical":"https:\/\/inelco-grinders.com\/es\/product\/autogrind-digital\/","og_locale":"es_ES","og_type":"article","og_title":"AutoGrind Digital | Inelco Grinders","og_description":"AutoGrind Digital es un complemento para Ultima-TIG. Garantiza el afilado autom\u00e1tico del electrodo de tungsteno. \u00a1Reserve una demo gratuita hoy!","og_url":"https:\/\/inelco-grinders.com\/es\/product\/autogrind-digital\/","og_site_name":"Inelco Grinders","article_publisher":"https:\/\/www.facebook.com\/inelcogrinders","article_modified_time":"2026-03-18T12:14:05+00:00","og_image":[{"width":492,"height":644,"url":"https:\/\/inelco-grinders.com\/wp-content\/uploads\/2021\/08\/autogrind-digital-featuredd.png","type":"image\/png"}],"twitter_card":"summary_large_image","twitter_misc":{"Tiempo de lectura":"8 minutos"},"schema":{"@context":"https:\/\/schema.org","@graph":[{"@type":"WebPage","@id":"https:\/\/inelco-grinders.com\/es\/product\/autogrind-digital\/","url":"https:\/\/inelco-grinders.com\/es\/product\/autogrind-digital\/","name":"AutoGrind Digital | Inelco Grinders","isPartOf":{"@id":"https:\/\/inelco-grinders.com\/es\/#website"},"primaryImageOfPage":{"@id":"https:\/\/inelco-grinders.com\/es\/product\/autogrind-digital\/#primaryimage"},"image":{"@id":"https:\/\/inelco-grinders.com\/es\/product\/autogrind-digital\/#primaryimage"},"thumbnailUrl":"https:\/\/inelco-grinders.com\/wp-content\/uploads\/2021\/08\/autogrind-digital-featuredd.png","datePublished":"2021-07-01T16:30:04+00:00","dateModified":"2026-03-18T12:14:05+00:00","description":"AutoGrind Digital es un complemento para Ultima-TIG. Garantiza el afilado autom\u00e1tico del electrodo de tungsteno. \u00a1Reserve una demo gratuita hoy!","inLanguage":"es","potentialAction":[{"@type":"ReadAction","target":["https:\/\/inelco-grinders.com\/es\/product\/autogrind-digital\/"]}]},{"@type":"ImageObject","inLanguage":"es","@id":"https:\/\/inelco-grinders.com\/es\/product\/autogrind-digital\/#primaryimage","url":"https:\/\/inelco-grinders.com\/wp-content\/uploads\/2021\/08\/autogrind-digital-featuredd.png","contentUrl":"https:\/\/inelco-grinders.com\/wp-content\/uploads\/2021\/08\/autogrind-digital-featuredd.png","width":492,"height":644,"caption":"AutoGrind Digital"},{"@type":"WebSite","@id":"https:\/\/inelco-grinders.com\/es\/#website","url":"https:\/\/inelco-grinders.com\/es\/","name":"Inelco Grinders","description":"Grind tungsten electrodes safely &amp; economically","publisher":{"@id":"https:\/\/inelco-grinders.com\/es\/#organization"},"potentialAction":[{"@type":"SearchAction","target":{"@type":"EntryPoint","urlTemplate":"https:\/\/inelco-grinders.com\/es\/?s={search_term_string}"},"query-input":{"@type":"PropertyValueSpecification","valueRequired":true,"valueName":"search_term_string"}}],"inLanguage":"es"},{"@type":"Organization","@id":"https:\/\/inelco-grinders.com\/es\/#organization","name":"Inelco Grinders","url":"https:\/\/inelco-grinders.com\/es\/","logo":{"@type":"ImageObject","inLanguage":"es","@id":"https:\/\/inelco-grinders.com\/es\/#\/schema\/logo\/image\/","url":"https:\/\/inelco-grinders.com\/wp-content\/uploads\/2025\/10\/favicon-196x196-1.png","contentUrl":"https:\/\/inelco-grinders.com\/wp-content\/uploads\/2025\/10\/favicon-196x196-1.png","width":196,"height":196,"caption":"Inelco Grinders"},"image":{"@id":"https:\/\/inelco-grinders.com\/es\/#\/schema\/logo\/image\/"},"sameAs":["https:\/\/www.facebook.com\/inelcogrinders"]}]}},"_links":{"self":[{"href":"https:\/\/inelco-grinders.com\/es\/wp-json\/wp\/v2\/product\/1445","targetHints":{"allow":["GET"]}}],"collection":[{"href":"https:\/\/inelco-grinders.com\/es\/wp-json\/wp\/v2\/product"}],"about":[{"href":"https:\/\/inelco-grinders.com\/es\/wp-json\/wp\/v2\/types\/product"}],"wp:featuredmedia":[{"embeddable":true,"href":"https:\/\/inelco-grinders.com\/es\/wp-json\/wp\/v2\/media\/1294"}],"wp:attachment":[{"href":"https:\/\/inelco-grinders.com\/es\/wp-json\/wp\/v2\/media?parent=1445"}],"curies":[{"name":"wp","href":"https:\/\/api.w.org\/{rel}","templated":true}]}}