{"id":16989,"date":"2026-03-10T09:39:22","date_gmt":"2026-03-10T09:39:22","guid":{"rendered":"https:\/\/inelco-grinders.com\/?post_type=product&#038;p=16989"},"modified":"2026-03-10T10:05:49","modified_gmt":"2026-03-10T10:05:49","slug":"carro","status":"publish","type":"product","link":"https:\/\/inelco-grinders.com\/es\/product\/carro\/","title":{"rendered":"Carro"},"content":{"rendered":"\n<p>Consigue un carro para tu afilador de tungsteno y tus esenciales de soldadura.<\/p>\n\n\n\n<p>Mantenga su equipo esencial siempre al alcance con nuestro carro. Est\u00e1 dise\u00f1ado para transportar su afilador de tungsteno, l\u00edquido de afilado, piezas de repuesto, casco de soldadura, electrodos de tungsteno y mucho m\u00e1s, todo en un mismo lugar. Robusto, compacto y f\u00e1cil de mover, este carro te acompa\u00f1a por todo el taller para que puede centrarte en el trabajo y no en buscar tus herramientas.<\/p>\n\n\n\n<h4 class=\"wp-block-heading\">Caracter\u00edsticas<\/h4>\n\n\n\n<ul class=\"wp-block-list\">\n<li>Lleva contigo todo lo que necesitas<\/li>\n\n\n\n<li>Soluci\u00f3n m\u00f3vil y flexible<\/li>\n\n\n\n<li>F\u00e1cil de mover por el taller<\/li>\n<\/ul>\n","protected":false},"featured_media":16852,"parent":0,"template":"","class_list":["post-16989","product","type-product","status-publish","has-post-thumbnail","hentry"],"acf":[],"yoast_head":"<!-- This site is optimized with the Yoast SEO plugin v27.0 - https:\/\/yoast.com\/product\/yoast-seo-wordpress\/ -->\n<title>Inelco Grinders&#039; Trolley<\/title>\n<meta name=\"description\" content=\"Consigue un carro para tu afilador de tungsteno y tus esenciales de soldadura. Mantenga su equipo esencial siempre al alcance con nuestro carro. Est\u00e1\" \/>\n<meta name=\"robots\" content=\"index, follow, max-snippet:-1, max-image-preview:large, max-video-preview:-1\" \/>\n<link rel=\"canonical\" href=\"https:\/\/inelco-grinders.com\/es\/product\/carro\/\" \/>\n<meta property=\"og:locale\" content=\"es_ES\" \/>\n<meta property=\"og:type\" content=\"article\" \/>\n<meta property=\"og:title\" content=\"Inelco Grinders&#039; Trolley\" \/>\n<meta property=\"og:description\" content=\"Consigue un carro para tu afilador de tungsteno y tus esenciales de soldadura. Mantenga su equipo esencial siempre al alcance con nuestro carro. Est\u00e1\" \/>\n<meta property=\"og:url\" content=\"https:\/\/inelco-grinders.com\/es\/product\/carro\/\" \/>\n<meta property=\"og:site_name\" content=\"Inelco Grinders\" \/>\n<meta property=\"article:publisher\" content=\"https:\/\/www.facebook.com\/inelcogrinders\" \/>\n<meta property=\"article:modified_time\" content=\"2026-03-10T10:05:49+00:00\" \/>\n<meta property=\"og:image\" content=\"https:\/\/inelco-grinders.com\/wp-content\/uploads\/2026\/02\/trolley_t_img1.jpg\" \/>\n\t<meta property=\"og:image:width\" content=\"288\" \/>\n\t<meta property=\"og:image:height\" content=\"234\" \/>\n\t<meta property=\"og:image:type\" content=\"image\/jpeg\" \/>\n<meta name=\"twitter:card\" content=\"summary_large_image\" \/>\n<meta name=\"twitter:label1\" content=\"Tiempo de lectura\" \/>\n\t<meta name=\"twitter:data1\" content=\"5 minutos\" \/>\n<!-- \/ Yoast SEO plugin. -->","yoast_head_json":{"title":"Inelco Grinders' Trolley","description":"Consigue un carro para tu afilador de tungsteno y tus esenciales de soldadura. Mantenga su equipo esencial siempre al alcance con nuestro carro. Est\u00e1","robots":{"index":"index","follow":"follow","max-snippet":"max-snippet:-1","max-image-preview":"max-image-preview:large","max-video-preview":"max-video-preview:-1"},"canonical":"https:\/\/inelco-grinders.com\/es\/product\/carro\/","og_locale":"es_ES","og_type":"article","og_title":"Inelco Grinders' Trolley","og_description":"Consigue un carro para tu afilador de tungsteno y tus esenciales de soldadura. Mantenga su equipo esencial siempre al alcance con nuestro carro. Est\u00e1","og_url":"https:\/\/inelco-grinders.com\/es\/product\/carro\/","og_site_name":"Inelco Grinders","article_publisher":"https:\/\/www.facebook.com\/inelcogrinders","article_modified_time":"2026-03-10T10:05:49+00:00","og_image":[{"width":288,"height":234,"url":"https:\/\/inelco-grinders.com\/wp-content\/uploads\/2026\/02\/trolley_t_img1.jpg","type":"image\/jpeg"}],"twitter_card":"summary_large_image","twitter_misc":{"Tiempo de lectura":"5 minutos"},"schema":{"@context":"https:\/\/schema.org","@graph":[{"@type":"WebPage","@id":"https:\/\/inelco-grinders.com\/es\/product\/carro\/","url":"https:\/\/inelco-grinders.com\/es\/product\/carro\/","name":"Inelco Grinders' Trolley","isPartOf":{"@id":"https:\/\/inelco-grinders.com\/es\/#website"},"primaryImageOfPage":{"@id":"https:\/\/inelco-grinders.com\/es\/product\/carro\/#primaryimage"},"image":{"@id":"https:\/\/inelco-grinders.com\/es\/product\/carro\/#primaryimage"},"thumbnailUrl":"https:\/\/inelco-grinders.com\/wp-content\/uploads\/2026\/02\/trolley_t_img1.jpg","datePublished":"2026-03-10T09:39:22+00:00","dateModified":"2026-03-10T10:05:49+00:00","description":"Consigue un carro para tu afilador de tungsteno y tus esenciales de soldadura. Mantenga su equipo esencial siempre al alcance con nuestro carro. Est\u00e1","inLanguage":"es","potentialAction":[{"@type":"ReadAction","target":["https:\/\/inelco-grinders.com\/es\/product\/carro\/"]}]},{"@type":"ImageObject","inLanguage":"es","@id":"https:\/\/inelco-grinders.com\/es\/product\/carro\/#primaryimage","url":"https:\/\/inelco-grinders.com\/wp-content\/uploads\/2026\/02\/trolley_t_img1.jpg","contentUrl":"https:\/\/inelco-grinders.com\/wp-content\/uploads\/2026\/02\/trolley_t_img1.jpg","width":288,"height":234},{"@type":"WebSite","@id":"https:\/\/inelco-grinders.com\/es\/#website","url":"https:\/\/inelco-grinders.com\/es\/","name":"Inelco Grinders","description":"Grind tungsten electrodes safely &amp; economically","publisher":{"@id":"https:\/\/inelco-grinders.com\/es\/#organization"},"potentialAction":[{"@type":"SearchAction","target":{"@type":"EntryPoint","urlTemplate":"https:\/\/inelco-grinders.com\/es\/?s={search_term_string}"},"query-input":{"@type":"PropertyValueSpecification","valueRequired":true,"valueName":"search_term_string"}}],"inLanguage":"es"},{"@type":"Organization","@id":"https:\/\/inelco-grinders.com\/es\/#organization","name":"Inelco Grinders","url":"https:\/\/inelco-grinders.com\/es\/","logo":{"@type":"ImageObject","inLanguage":"es","@id":"https:\/\/inelco-grinders.com\/es\/#\/schema\/logo\/image\/","url":"https:\/\/inelco-grinders.com\/wp-content\/uploads\/2025\/10\/favicon-196x196-1.png","contentUrl":"https:\/\/inelco-grinders.com\/wp-content\/uploads\/2025\/10\/favicon-196x196-1.png","width":196,"height":196,"caption":"Inelco Grinders"},"image":{"@id":"https:\/\/inelco-grinders.com\/es\/#\/schema\/logo\/image\/"},"sameAs":["https:\/\/www.facebook.com\/inelcogrinders"]}]}},"_links":{"self":[{"href":"https:\/\/inelco-grinders.com\/es\/wp-json\/wp\/v2\/product\/16989","targetHints":{"allow":["GET"]}}],"collection":[{"href":"https:\/\/inelco-grinders.com\/es\/wp-json\/wp\/v2\/product"}],"about":[{"href":"https:\/\/inelco-grinders.com\/es\/wp-json\/wp\/v2\/types\/product"}],"wp:featuredmedia":[{"embeddable":true,"href":"https:\/\/inelco-grinders.com\/es\/wp-json\/wp\/v2\/media\/16852"}],"wp:attachment":[{"href":"https:\/\/inelco-grinders.com\/es\/wp-json\/wp\/v2\/media?parent=16989"}],"curies":[{"name":"wp","href":"https:\/\/api.w.org\/{rel}","templated":true}]}}