{"id":1357,"date":"2021-07-16T06:11:31","date_gmt":"2021-07-16T06:11:31","guid":{"rendered":"https:\/\/inelcogrinders.wpengine.com\/robot-automated-welding\/"},"modified":"2026-03-12T14:42:23","modified_gmt":"2026-03-12T14:42:23","slug":"robot-automated-welding","status":"publish","type":"page","link":"https:\/\/inelco-grinders.com\/fr\/applications\/robot-automated-welding\/","title":{"rendered":"Soudage robotique \/ automatis\u00e9"},"content":{"rendered":"","protected":false},"excerpt":{"rendered":"","protected":false},"author":1,"featured_media":8262,"parent":1397,"menu_order":2,"comment_status":"closed","ping_status":"closed","template":"","meta":{"_acf_changed":true,"inline_featured_image":false,"footnotes":""},"class_list":["post-1357","page","type-page","status-publish","has-post-thumbnail","hentry"],"acf":[],"yoast_head":"<!-- This site is optimized with the Yoast SEO plugin v27.0 - https:\/\/yoast.com\/product\/yoast-seo-wordpress\/ -->\n<title>Soudage robotis\u00e9 | Aff\u00fbtage tungst\u00e8ne Inelco<\/title>\n<meta name=\"description\" content=\"Optimisez le soudage TIG robotis\u00e9 avec un aff\u00fbtage pr\u00e9cis des \u00e9lectrodes tungst\u00e8ne. Angle constant, arc stable et qualit\u00e9.\" \/>\n<meta name=\"robots\" content=\"index, follow, max-snippet:-1, max-image-preview:large, max-video-preview:-1\" \/>\n<link rel=\"canonical\" href=\"https:\/\/inelco-grinders.com\/fr\/applications\/robot-automated-welding\/\" \/>\n<meta property=\"og:locale\" content=\"fr_FR\" \/>\n<meta property=\"og:type\" content=\"article\" \/>\n<meta property=\"og:title\" content=\"Soudage robotis\u00e9 | Aff\u00fbtage tungst\u00e8ne Inelco\" \/>\n<meta property=\"og:description\" content=\"Optimisez le soudage TIG robotis\u00e9 avec un aff\u00fbtage pr\u00e9cis des \u00e9lectrodes tungst\u00e8ne. Angle constant, arc stable et qualit\u00e9.\" \/>\n<meta property=\"og:url\" content=\"https:\/\/inelco-grinders.com\/fr\/applications\/robot-automated-welding\/\" \/>\n<meta property=\"og:site_name\" content=\"Inelco Grinders\" \/>\n<meta property=\"article:publisher\" content=\"https:\/\/www.facebook.com\/inelcogrinders\" \/>\n<meta property=\"article:modified_time\" content=\"2026-03-12T14:42:23+00:00\" \/>\n<meta property=\"og:image\" content=\"https:\/\/inelco-grinders.com\/wp-content\/uploads\/2021\/09\/Robot-Automated-welding.jpg\" \/>\n\t<meta property=\"og:image:width\" content=\"586\" \/>\n\t<meta property=\"og:image:height\" content=\"382\" \/>\n\t<meta property=\"og:image:type\" content=\"image\/jpeg\" \/>\n<meta name=\"twitter:card\" content=\"summary_large_image\" \/>\n<meta name=\"twitter:label1\" content=\"Dur\u00e9e de lecture estim\u00e9e\" \/>\n\t<meta name=\"twitter:data1\" content=\"5 minutes\" \/>\n<!-- \/ Yoast SEO plugin. -->","yoast_head_json":{"title":"Soudage robotis\u00e9 | Aff\u00fbtage tungst\u00e8ne Inelco","description":"Optimisez le soudage TIG robotis\u00e9 avec un aff\u00fbtage pr\u00e9cis des \u00e9lectrodes tungst\u00e8ne. Angle constant, arc stable et qualit\u00e9.","robots":{"index":"index","follow":"follow","max-snippet":"max-snippet:-1","max-image-preview":"max-image-preview:large","max-video-preview":"max-video-preview:-1"},"canonical":"https:\/\/inelco-grinders.com\/fr\/applications\/robot-automated-welding\/","og_locale":"fr_FR","og_type":"article","og_title":"Soudage robotis\u00e9 | Aff\u00fbtage tungst\u00e8ne Inelco","og_description":"Optimisez le soudage TIG robotis\u00e9 avec un aff\u00fbtage pr\u00e9cis des \u00e9lectrodes tungst\u00e8ne. Angle constant, arc stable et qualit\u00e9.","og_url":"https:\/\/inelco-grinders.com\/fr\/applications\/robot-automated-welding\/","og_site_name":"Inelco Grinders","article_publisher":"https:\/\/www.facebook.com\/inelcogrinders","article_modified_time":"2026-03-12T14:42:23+00:00","og_image":[{"width":586,"height":382,"url":"https:\/\/inelco-grinders.com\/wp-content\/uploads\/2021\/09\/Robot-Automated-welding.jpg","type":"image\/jpeg"}],"twitter_card":"summary_large_image","twitter_misc":{"Dur\u00e9e de lecture estim\u00e9e":"5 minutes"},"schema":{"@context":"https:\/\/schema.org","@graph":[{"@type":"WebPage","@id":"https:\/\/inelco-grinders.com\/fr\/applications\/robot-automated-welding\/","url":"https:\/\/inelco-grinders.com\/fr\/applications\/robot-automated-welding\/","name":"Soudage robotis\u00e9 | Aff\u00fbtage tungst\u00e8ne Inelco","isPartOf":{"@id":"https:\/\/inelco-grinders.com\/fr\/#website"},"primaryImageOfPage":{"@id":"https:\/\/inelco-grinders.com\/fr\/applications\/robot-automated-welding\/#primaryimage"},"image":{"@id":"https:\/\/inelco-grinders.com\/fr\/applications\/robot-automated-welding\/#primaryimage"},"thumbnailUrl":"https:\/\/inelco-grinders.com\/wp-content\/uploads\/2021\/09\/Robot-Automated-welding.jpg","datePublished":"2021-07-16T06:11:31+00:00","dateModified":"2026-03-12T14:42:23+00:00","description":"Optimisez le soudage TIG robotis\u00e9 avec un aff\u00fbtage pr\u00e9cis des \u00e9lectrodes tungst\u00e8ne. Angle constant, arc stable et qualit\u00e9.","breadcrumb":{"@id":"https:\/\/inelco-grinders.com\/fr\/applications\/robot-automated-welding\/#breadcrumb"},"inLanguage":"fr-FR","potentialAction":[{"@type":"ReadAction","target":["https:\/\/inelco-grinders.com\/fr\/applications\/robot-automated-welding\/"]}]},{"@type":"ImageObject","inLanguage":"fr-FR","@id":"https:\/\/inelco-grinders.com\/fr\/applications\/robot-automated-welding\/#primaryimage","url":"https:\/\/inelco-grinders.com\/wp-content\/uploads\/2021\/09\/Robot-Automated-welding.jpg","contentUrl":"https:\/\/inelco-grinders.com\/wp-content\/uploads\/2021\/09\/Robot-Automated-welding.jpg","width":586,"height":382,"caption":"Automated robot welding"},{"@type":"BreadcrumbList","@id":"https:\/\/inelco-grinders.com\/fr\/applications\/robot-automated-welding\/#breadcrumb","itemListElement":[{"@type":"ListItem","position":1,"name":"Applications","item":"https:\/\/inelco-grinders.com\/fr\/applications\/"},{"@type":"ListItem","position":2,"name":"Soudage robotique \/ automatis\u00e9"}]},{"@type":"WebSite","@id":"https:\/\/inelco-grinders.com\/fr\/#website","url":"https:\/\/inelco-grinders.com\/fr\/","name":"Inelco Grinders","description":"Grind tungsten electrodes safely &amp; economically","publisher":{"@id":"https:\/\/inelco-grinders.com\/fr\/#organization"},"potentialAction":[{"@type":"SearchAction","target":{"@type":"EntryPoint","urlTemplate":"https:\/\/inelco-grinders.com\/fr\/?s={search_term_string}"},"query-input":{"@type":"PropertyValueSpecification","valueRequired":true,"valueName":"search_term_string"}}],"inLanguage":"fr-FR"},{"@type":"Organization","@id":"https:\/\/inelco-grinders.com\/fr\/#organization","name":"Inelco Grinders","url":"https:\/\/inelco-grinders.com\/fr\/","logo":{"@type":"ImageObject","inLanguage":"fr-FR","@id":"https:\/\/inelco-grinders.com\/fr\/#\/schema\/logo\/image\/","url":"https:\/\/inelco-grinders.com\/wp-content\/uploads\/2025\/10\/favicon-196x196-1.png","contentUrl":"https:\/\/inelco-grinders.com\/wp-content\/uploads\/2025\/10\/favicon-196x196-1.png","width":196,"height":196,"caption":"Inelco Grinders"},"image":{"@id":"https:\/\/inelco-grinders.com\/fr\/#\/schema\/logo\/image\/"},"sameAs":["https:\/\/www.facebook.com\/inelcogrinders"]}]}},"featured_image_src":"https:\/\/inelco-grinders.com\/wp-content\/uploads\/2021\/09\/Robot-Automated-welding.jpg","featured_image_src_square":"https:\/\/inelco-grinders.com\/wp-content\/uploads\/2021\/09\/Robot-Automated-welding.jpg","_links":{"self":[{"href":"https:\/\/inelco-grinders.com\/fr\/wp-json\/wp\/v2\/pages\/1357","targetHints":{"allow":["GET"]}}],"collection":[{"href":"https:\/\/inelco-grinders.com\/fr\/wp-json\/wp\/v2\/pages"}],"about":[{"href":"https:\/\/inelco-grinders.com\/fr\/wp-json\/wp\/v2\/types\/page"}],"author":[{"embeddable":true,"href":"https:\/\/inelco-grinders.com\/fr\/wp-json\/wp\/v2\/users\/1"}],"replies":[{"embeddable":true,"href":"https:\/\/inelco-grinders.com\/fr\/wp-json\/wp\/v2\/comments?post=1357"}],"version-history":[{"count":0,"href":"https:\/\/inelco-grinders.com\/fr\/wp-json\/wp\/v2\/pages\/1357\/revisions"}],"up":[{"embeddable":true,"href":"https:\/\/inelco-grinders.com\/fr\/wp-json\/wp\/v2\/pages\/1397"}],"wp:featuredmedia":[{"embeddable":true,"href":"https:\/\/inelco-grinders.com\/fr\/wp-json\/wp\/v2\/media\/8262"}],"wp:attachment":[{"href":"https:\/\/inelco-grinders.com\/fr\/wp-json\/wp\/v2\/media?parent=1357"}],"curies":[{"name":"wp","href":"https:\/\/api.w.org\/{rel}","templated":true}]}}