{"id":14290,"date":"2024-01-08T09:45:32","date_gmt":"2024-01-08T09:45:32","guid":{"rendered":"https:\/\/inelco-grinders.com\/?page_id=14290"},"modified":"2026-03-12T14:42:35","modified_gmt":"2026-03-12T14:42:35","slug":"health-safety-awareness","status":"publish","type":"page","link":"https:\/\/inelco-grinders.com\/fr\/the-new-normal\/health-safety-awareness\/","title":{"rendered":"Sant\u00e9 et S\u00e9curit\u00e9"},"content":{"rendered":"","protected":false},"excerpt":{"rendered":"","protected":false},"author":1,"featured_media":0,"parent":1392,"menu_order":0,"comment_status":"closed","ping_status":"closed","template":"","meta":{"_acf_changed":true,"inline_featured_image":false,"footnotes":""},"class_list":["post-14290","page","type-page","status-publish","hentry"],"acf":[],"yoast_head":"<!-- This site is optimized with the Yoast SEO plugin v27.0 - https:\/\/yoast.com\/product\/yoast-seo-wordpress\/ -->\n<title>Sant\u00e9 et s\u00e9curit\u00e9 lors de l\u2019aff\u00fbtage | Inelco Grinders<\/title>\n<meta name=\"description\" content=\"D\u00e9couvrez comment l\u2019aff\u00fbtage s\u00fbr des \u00e9lectrodes tungst\u00e8ne r\u00e9duit les poussi\u00e8res nocives et prot\u00e8ge la sant\u00e9 des soudeurs TIG.\" \/>\n<meta name=\"robots\" content=\"index, follow, max-snippet:-1, max-image-preview:large, max-video-preview:-1\" \/>\n<link rel=\"canonical\" href=\"https:\/\/inelco-grinders.com\/fr\/the-new-normal\/health-safety-awareness\/\" \/>\n<meta property=\"og:locale\" content=\"fr_FR\" \/>\n<meta property=\"og:type\" content=\"article\" \/>\n<meta property=\"og:title\" content=\"Sant\u00e9 et s\u00e9curit\u00e9 lors de l\u2019aff\u00fbtage | Inelco Grinders\" \/>\n<meta property=\"og:description\" content=\"D\u00e9couvrez comment l\u2019aff\u00fbtage s\u00fbr des \u00e9lectrodes tungst\u00e8ne r\u00e9duit les poussi\u00e8res nocives et prot\u00e8ge la sant\u00e9 des soudeurs TIG.\" \/>\n<meta property=\"og:url\" content=\"https:\/\/inelco-grinders.com\/fr\/the-new-normal\/health-safety-awareness\/\" \/>\n<meta property=\"og:site_name\" content=\"Inelco Grinders\" \/>\n<meta property=\"article:publisher\" content=\"https:\/\/www.facebook.com\/inelcogrinders\" \/>\n<meta property=\"article:modified_time\" content=\"2026-03-12T14:42:35+00:00\" \/>\n<meta property=\"og:image\" content=\"https:\/\/inelco-grinders.com\/wp-content\/uploads\/2025\/10\/default_media_image.jpg\" \/>\n\t<meta property=\"og:image:width\" content=\"1200\" \/>\n\t<meta property=\"og:image:height\" content=\"675\" \/>\n\t<meta property=\"og:image:type\" content=\"image\/jpeg\" \/>\n<meta name=\"twitter:card\" content=\"summary_large_image\" \/>\n<meta name=\"twitter:label1\" content=\"Dur\u00e9e de lecture estim\u00e9e\" \/>\n\t<meta name=\"twitter:data1\" content=\"4 minutes\" \/>\n<!-- \/ Yoast SEO plugin. -->","yoast_head_json":{"title":"Sant\u00e9 et s\u00e9curit\u00e9 lors de l\u2019aff\u00fbtage | Inelco Grinders","description":"D\u00e9couvrez comment l\u2019aff\u00fbtage s\u00fbr des \u00e9lectrodes tungst\u00e8ne r\u00e9duit les poussi\u00e8res nocives et prot\u00e8ge la sant\u00e9 des soudeurs TIG.","robots":{"index":"index","follow":"follow","max-snippet":"max-snippet:-1","max-image-preview":"max-image-preview:large","max-video-preview":"max-video-preview:-1"},"canonical":"https:\/\/inelco-grinders.com\/fr\/the-new-normal\/health-safety-awareness\/","og_locale":"fr_FR","og_type":"article","og_title":"Sant\u00e9 et s\u00e9curit\u00e9 lors de l\u2019aff\u00fbtage | Inelco Grinders","og_description":"D\u00e9couvrez comment l\u2019aff\u00fbtage s\u00fbr des \u00e9lectrodes tungst\u00e8ne r\u00e9duit les poussi\u00e8res nocives et prot\u00e8ge la sant\u00e9 des soudeurs TIG.","og_url":"https:\/\/inelco-grinders.com\/fr\/the-new-normal\/health-safety-awareness\/","og_site_name":"Inelco Grinders","article_publisher":"https:\/\/www.facebook.com\/inelcogrinders","article_modified_time":"2026-03-12T14:42:35+00:00","og_image":[{"width":1200,"height":675,"url":"https:\/\/inelco-grinders.com\/wp-content\/uploads\/2025\/10\/default_media_image.jpg","type":"image\/jpeg"}],"twitter_card":"summary_large_image","twitter_misc":{"Dur\u00e9e de lecture estim\u00e9e":"4 minutes"},"schema":{"@context":"https:\/\/schema.org","@graph":[{"@type":"WebPage","@id":"https:\/\/inelco-grinders.com\/fr\/the-new-normal\/health-safety-awareness\/","url":"https:\/\/inelco-grinders.com\/fr\/the-new-normal\/health-safety-awareness\/","name":"Sant\u00e9 et s\u00e9curit\u00e9 lors de l\u2019aff\u00fbtage | Inelco Grinders","isPartOf":{"@id":"https:\/\/inelco-grinders.com\/fr\/#website"},"datePublished":"2024-01-08T09:45:32+00:00","dateModified":"2026-03-12T14:42:35+00:00","description":"D\u00e9couvrez comment l\u2019aff\u00fbtage s\u00fbr des \u00e9lectrodes tungst\u00e8ne r\u00e9duit les poussi\u00e8res nocives et prot\u00e8ge la sant\u00e9 des soudeurs TIG.","breadcrumb":{"@id":"https:\/\/inelco-grinders.com\/fr\/the-new-normal\/health-safety-awareness\/#breadcrumb"},"inLanguage":"fr-FR","potentialAction":[{"@type":"ReadAction","target":["https:\/\/inelco-grinders.com\/fr\/the-new-normal\/health-safety-awareness\/"]}]},{"@type":"BreadcrumbList","@id":"https:\/\/inelco-grinders.com\/fr\/the-new-normal\/health-safety-awareness\/#breadcrumb","itemListElement":[{"@type":"ListItem","position":1,"name":"La Nouvelle Norme","item":"https:\/\/inelco-grinders.com\/fr\/the-new-normal\/"},{"@type":"ListItem","position":2,"name":"Sant\u00e9 et S\u00e9curit\u00e9"}]},{"@type":"WebSite","@id":"https:\/\/inelco-grinders.com\/fr\/#website","url":"https:\/\/inelco-grinders.com\/fr\/","name":"Inelco Grinders","description":"Grind tungsten electrodes safely &amp; economically","publisher":{"@id":"https:\/\/inelco-grinders.com\/fr\/#organization"},"potentialAction":[{"@type":"SearchAction","target":{"@type":"EntryPoint","urlTemplate":"https:\/\/inelco-grinders.com\/fr\/?s={search_term_string}"},"query-input":{"@type":"PropertyValueSpecification","valueRequired":true,"valueName":"search_term_string"}}],"inLanguage":"fr-FR"},{"@type":"Organization","@id":"https:\/\/inelco-grinders.com\/fr\/#organization","name":"Inelco Grinders","url":"https:\/\/inelco-grinders.com\/fr\/","logo":{"@type":"ImageObject","inLanguage":"fr-FR","@id":"https:\/\/inelco-grinders.com\/fr\/#\/schema\/logo\/image\/","url":"https:\/\/inelco-grinders.com\/wp-content\/uploads\/2025\/10\/favicon-196x196-1.png","contentUrl":"https:\/\/inelco-grinders.com\/wp-content\/uploads\/2025\/10\/favicon-196x196-1.png","width":196,"height":196,"caption":"Inelco Grinders"},"image":{"@id":"https:\/\/inelco-grinders.com\/fr\/#\/schema\/logo\/image\/"},"sameAs":["https:\/\/www.facebook.com\/inelcogrinders"]}]}},"featured_image_src":null,"featured_image_src_square":null,"_links":{"self":[{"href":"https:\/\/inelco-grinders.com\/fr\/wp-json\/wp\/v2\/pages\/14290","targetHints":{"allow":["GET"]}}],"collection":[{"href":"https:\/\/inelco-grinders.com\/fr\/wp-json\/wp\/v2\/pages"}],"about":[{"href":"https:\/\/inelco-grinders.com\/fr\/wp-json\/wp\/v2\/types\/page"}],"author":[{"embeddable":true,"href":"https:\/\/inelco-grinders.com\/fr\/wp-json\/wp\/v2\/users\/1"}],"replies":[{"embeddable":true,"href":"https:\/\/inelco-grinders.com\/fr\/wp-json\/wp\/v2\/comments?post=14290"}],"version-history":[{"count":0,"href":"https:\/\/inelco-grinders.com\/fr\/wp-json\/wp\/v2\/pages\/14290\/revisions"}],"up":[{"embeddable":true,"href":"https:\/\/inelco-grinders.com\/fr\/wp-json\/wp\/v2\/pages\/1392"}],"wp:attachment":[{"href":"https:\/\/inelco-grinders.com\/fr\/wp-json\/wp\/v2\/media?parent=14290"}],"curies":[{"name":"wp","href":"https:\/\/api.w.org\/{rel}","templated":true}]}}