{"id":8963,"date":"2021-09-16T12:20:56","date_gmt":"2021-09-16T12:20:56","guid":{"rendered":"https:\/\/inelcogrinders.wpengine.com\/parts-for-truncator\/"},"modified":"2026-03-12T14:42:38","modified_gmt":"2026-03-12T14:42:38","slug":"parts-for-truncator","status":"publish","type":"page","link":"https:\/\/inelco-grinders.com\/fr\/parts-for-truncator\/","title":{"rendered":"Pi\u00e8ces d\u00e9tach\u00e9es pour Tronquateur"},"content":{"rendered":"\n<p>Vous trouverez ici les diverses pi\u00e8ces et les accessoires de notre Tronquateur et Tronquateur-S, mais si vous ne trouvez pas ce que vous cherchez, veuillez nous <a href=\"https:\/\/inelco-grinders.com\/contact\/?lang=fr\">contacter<\/a> pour en faire la demande.<\/p>\n","protected":false},"excerpt":{"rendered":"<p>Vous trouverez ici les diverses pi\u00e8ces et les accessoires de notre Tronquateur et Tronquateur-S, mais si vous ne trouvez pas ce que vous cherchez, veuillez nous contacter pour en faire la demande.<\/p>\n","protected":false},"author":1,"featured_media":0,"parent":0,"menu_order":18,"comment_status":"closed","ping_status":"closed","template":"parts-template.php","meta":{"_acf_changed":false,"inline_featured_image":false,"footnotes":""},"class_list":["post-8963","page","type-page","status-publish","hentry"],"acf":[],"yoast_head":"<!-- This site is optimized with the Yoast SEO plugin v27.0 - https:\/\/yoast.com\/product\/yoast-seo-wordpress\/ -->\n<title>Pi\u00e8ces d\u00e9tach\u00e9es pour Truncator | Inelco Grinders<\/title>\n<meta name=\"description\" content=\"D\u00e9couvrez les pi\u00e8ces et accessoires pour Truncator. Trouvez disque diamant, vis, cadre et composants pour l\u2019entretien de votre aff\u00fbteuse TIG.\" \/>\n<meta name=\"robots\" content=\"index, follow, max-snippet:-1, max-image-preview:large, max-video-preview:-1\" \/>\n<link rel=\"canonical\" href=\"https:\/\/inelco-grinders.com\/fr\/parts-for-truncator\/\" \/>\n<meta property=\"og:locale\" content=\"fr_FR\" \/>\n<meta property=\"og:type\" content=\"article\" \/>\n<meta property=\"og:title\" content=\"Pi\u00e8ces d\u00e9tach\u00e9es pour Truncator | Inelco Grinders\" \/>\n<meta property=\"og:description\" content=\"D\u00e9couvrez les pi\u00e8ces et accessoires pour Truncator. Trouvez disque diamant, vis, cadre et composants pour l\u2019entretien de votre aff\u00fbteuse TIG.\" \/>\n<meta property=\"og:url\" content=\"https:\/\/inelco-grinders.com\/fr\/parts-for-truncator\/\" \/>\n<meta property=\"og:site_name\" content=\"Inelco Grinders\" \/>\n<meta property=\"article:publisher\" content=\"https:\/\/www.facebook.com\/inelcogrinders\" \/>\n<meta property=\"article:modified_time\" content=\"2026-03-12T14:42:38+00:00\" \/>\n<meta property=\"og:image\" content=\"https:\/\/inelco-grinders.com\/wp-content\/uploads\/2025\/10\/default_media_image.jpg\" \/>\n\t<meta property=\"og:image:width\" content=\"1200\" \/>\n\t<meta property=\"og:image:height\" content=\"675\" \/>\n\t<meta property=\"og:image:type\" content=\"image\/jpeg\" \/>\n<meta name=\"twitter:card\" content=\"summary_large_image\" \/>\n<meta name=\"twitter:label1\" content=\"Dur\u00e9e de lecture estim\u00e9e\" \/>\n\t<meta name=\"twitter:data1\" content=\"1 minute\" \/>\n<!-- \/ Yoast SEO plugin. -->","yoast_head_json":{"title":"Pi\u00e8ces d\u00e9tach\u00e9es pour Truncator | Inelco Grinders","description":"D\u00e9couvrez les pi\u00e8ces et accessoires pour Truncator. Trouvez disque diamant, vis, cadre et composants pour l\u2019entretien de votre aff\u00fbteuse TIG.","robots":{"index":"index","follow":"follow","max-snippet":"max-snippet:-1","max-image-preview":"max-image-preview:large","max-video-preview":"max-video-preview:-1"},"canonical":"https:\/\/inelco-grinders.com\/fr\/parts-for-truncator\/","og_locale":"fr_FR","og_type":"article","og_title":"Pi\u00e8ces d\u00e9tach\u00e9es pour Truncator | Inelco Grinders","og_description":"D\u00e9couvrez les pi\u00e8ces et accessoires pour Truncator. Trouvez disque diamant, vis, cadre et composants pour l\u2019entretien de votre aff\u00fbteuse TIG.","og_url":"https:\/\/inelco-grinders.com\/fr\/parts-for-truncator\/","og_site_name":"Inelco Grinders","article_publisher":"https:\/\/www.facebook.com\/inelcogrinders","article_modified_time":"2026-03-12T14:42:38+00:00","og_image":[{"width":1200,"height":675,"url":"https:\/\/inelco-grinders.com\/wp-content\/uploads\/2025\/10\/default_media_image.jpg","type":"image\/jpeg"}],"twitter_card":"summary_large_image","twitter_misc":{"Dur\u00e9e de lecture estim\u00e9e":"1 minute"},"schema":{"@context":"https:\/\/schema.org","@graph":[{"@type":"WebPage","@id":"https:\/\/inelco-grinders.com\/fr\/parts-for-truncator\/","url":"https:\/\/inelco-grinders.com\/fr\/parts-for-truncator\/","name":"Pi\u00e8ces d\u00e9tach\u00e9es pour Truncator | Inelco Grinders","isPartOf":{"@id":"https:\/\/inelco-grinders.com\/fr\/#website"},"datePublished":"2021-09-16T12:20:56+00:00","dateModified":"2026-03-12T14:42:38+00:00","description":"D\u00e9couvrez les pi\u00e8ces et accessoires pour Truncator. Trouvez disque diamant, vis, cadre et composants pour l\u2019entretien de votre aff\u00fbteuse TIG.","inLanguage":"fr-FR","potentialAction":[{"@type":"ReadAction","target":["https:\/\/inelco-grinders.com\/fr\/parts-for-truncator\/"]}]},{"@type":"WebSite","@id":"https:\/\/inelco-grinders.com\/fr\/#website","url":"https:\/\/inelco-grinders.com\/fr\/","name":"Inelco Grinders","description":"Grind tungsten electrodes safely &amp; economically","publisher":{"@id":"https:\/\/inelco-grinders.com\/fr\/#organization"},"potentialAction":[{"@type":"SearchAction","target":{"@type":"EntryPoint","urlTemplate":"https:\/\/inelco-grinders.com\/fr\/?s={search_term_string}"},"query-input":{"@type":"PropertyValueSpecification","valueRequired":true,"valueName":"search_term_string"}}],"inLanguage":"fr-FR"},{"@type":"Organization","@id":"https:\/\/inelco-grinders.com\/fr\/#organization","name":"Inelco Grinders","url":"https:\/\/inelco-grinders.com\/fr\/","logo":{"@type":"ImageObject","inLanguage":"fr-FR","@id":"https:\/\/inelco-grinders.com\/fr\/#\/schema\/logo\/image\/","url":"https:\/\/inelco-grinders.com\/wp-content\/uploads\/2025\/10\/favicon-196x196-1.png","contentUrl":"https:\/\/inelco-grinders.com\/wp-content\/uploads\/2025\/10\/favicon-196x196-1.png","width":196,"height":196,"caption":"Inelco Grinders"},"image":{"@id":"https:\/\/inelco-grinders.com\/fr\/#\/schema\/logo\/image\/"},"sameAs":["https:\/\/www.facebook.com\/inelcogrinders"]}]}},"featured_image_src":null,"featured_image_src_square":null,"_links":{"self":[{"href":"https:\/\/inelco-grinders.com\/fr\/wp-json\/wp\/v2\/pages\/8963","targetHints":{"allow":["GET"]}}],"collection":[{"href":"https:\/\/inelco-grinders.com\/fr\/wp-json\/wp\/v2\/pages"}],"about":[{"href":"https:\/\/inelco-grinders.com\/fr\/wp-json\/wp\/v2\/types\/page"}],"author":[{"embeddable":true,"href":"https:\/\/inelco-grinders.com\/fr\/wp-json\/wp\/v2\/users\/1"}],"replies":[{"embeddable":true,"href":"https:\/\/inelco-grinders.com\/fr\/wp-json\/wp\/v2\/comments?post=8963"}],"version-history":[{"count":0,"href":"https:\/\/inelco-grinders.com\/fr\/wp-json\/wp\/v2\/pages\/8963\/revisions"}],"wp:attachment":[{"href":"https:\/\/inelco-grinders.com\/fr\/wp-json\/wp\/v2\/media?parent=8963"}],"curies":[{"name":"wp","href":"https:\/\/api.w.org\/{rel}","templated":true}]}}