{"id":1407,"date":"2021-07-08T10:58:07","date_gmt":"2021-07-08T10:58:07","guid":{"rendered":"https:\/\/inelcogrinders.wpengine.com\/product\/ep770-grinding-fluid\/"},"modified":"2025-05-14T06:10:24","modified_gmt":"2025-05-14T06:10:24","slug":"ep770-grinding-fluid","status":"publish","type":"product","link":"https:\/\/inelco-grinders.com\/fr\/product\/ep770-grinding-fluid\/","title":{"rendered":"EP770 \u2013 Liquide d\u00b4aff\u00fbtage"},"content":{"rendered":"\n<p>Notre liquide d\u00b4aff\u00fbtage a \u00e9t\u00e9 sp\u00e9cialement d\u00e9velopp\u00e9 pour nos aff\u00fbteuses d\u2019atelier \u00e0 bain liquide \u2013 Ultima-TIG<sup>\u00ae<\/sup>, Ultima-TIG<sup>\u00ae<\/sup>-Cut, Ultima-TIG<sup>\u00ae<\/sup>-S et Neutra. Il refroidit et lubrifie le processus d\u00b4aff\u00fbtage pour assurer des conditions d\u00b4aff\u00fbtages optimaux.&nbsp;<\/p>\n\n\n\n<h4 class=\"wp-block-heading\"><strong>Caract\u00e9ristiques<\/strong><\/h4>\n\n\n\n<ul class=\"wp-block-list\"><li>Prot\u00e8ge de la corrosion tous les composants dans la chambre d\u00b4aff\u00fbtage.<\/li><li>A un effet refroidissant sur le disque diamant\u00e9 et sur l\u00b4\u00e9lectrode sous les aff\u00fbtages.&nbsp;<\/li><li>Donne de meilleurs r\u00e9sultats avec une surface plus finement aff\u00fbt\u00e9e de l\u00b4\u00e9lectrode.<\/li><li>A une dur\u00e9e de vie d\u00b4au moins 6 moins, lorsque le flacon reste ferm\u00e9. Il reste stable au moins un mois \u00e0 l\u00b4\u00e9tat ouvert.<\/li><\/ul>\n","protected":false},"featured_media":836,"parent":0,"template":"","class_list":["post-1407","product","type-product","status-publish","has-post-thumbnail","hentry"],"acf":[],"yoast_head":"<!-- This site is optimized with the Yoast SEO plugin v27.0 - https:\/\/yoast.com\/product\/yoast-seo-wordpress\/ -->\n<title>EP770 \u2013 Liquide d\u00b4aff\u00fbtage | Inelco Grinders<\/title>\n<meta name=\"description\" content=\"Notre liquide d\u00b4aff\u00fbtage a \u00e9t\u00e9 sp\u00e9cialement d\u00e9velopp\u00e9 pour nos aff\u00fbteuses d\u2019atelier \u00e0 bain liquide \u2013 Ultima-TIG\u00ae, Ultima-TIG\u00ae-Cut, Ultima-TIG\u00ae-S et\" \/>\n<meta name=\"robots\" content=\"index, follow, max-snippet:-1, max-image-preview:large, max-video-preview:-1\" \/>\n<link rel=\"canonical\" href=\"https:\/\/inelco-grinders.com\/fr\/product\/ep770-grinding-fluid\/\" \/>\n<meta property=\"og:locale\" content=\"fr_FR\" \/>\n<meta property=\"og:type\" content=\"article\" \/>\n<meta property=\"og:title\" content=\"EP770 \u2013 Liquide d\u00b4aff\u00fbtage | Inelco Grinders\" \/>\n<meta property=\"og:description\" content=\"Notre liquide d\u00b4aff\u00fbtage a \u00e9t\u00e9 sp\u00e9cialement d\u00e9velopp\u00e9 pour nos aff\u00fbteuses d\u2019atelier \u00e0 bain liquide \u2013 Ultima-TIG\u00ae, Ultima-TIG\u00ae-Cut, Ultima-TIG\u00ae-S et\" \/>\n<meta property=\"og:url\" content=\"https:\/\/inelco-grinders.com\/fr\/product\/ep770-grinding-fluid\/\" \/>\n<meta property=\"og:site_name\" content=\"Inelco Grinders\" \/>\n<meta property=\"article:publisher\" content=\"https:\/\/www.facebook.com\/inelcogrinders\" \/>\n<meta property=\"article:modified_time\" content=\"2025-05-14T06:10:24+00:00\" \/>\n<meta property=\"og:image\" content=\"https:\/\/inelco-grinders.com\/wp-content\/uploads\/2021\/07\/grinding-liquid-1.png\" \/>\n\t<meta property=\"og:image:width\" content=\"246\" \/>\n\t<meta property=\"og:image:height\" content=\"343\" \/>\n\t<meta property=\"og:image:type\" content=\"image\/png\" \/>\n<meta name=\"twitter:card\" content=\"summary_large_image\" \/>\n<meta name=\"twitter:label1\" content=\"Dur\u00e9e de lecture estim\u00e9e\" \/>\n\t<meta name=\"twitter:data1\" content=\"5 minutes\" \/>\n<!-- \/ Yoast SEO plugin. -->","yoast_head_json":{"title":"EP770 \u2013 Liquide d\u00b4aff\u00fbtage | Inelco Grinders","description":"Notre liquide d\u00b4aff\u00fbtage a \u00e9t\u00e9 sp\u00e9cialement d\u00e9velopp\u00e9 pour nos aff\u00fbteuses d\u2019atelier \u00e0 bain liquide \u2013 Ultima-TIG\u00ae, Ultima-TIG\u00ae-Cut, Ultima-TIG\u00ae-S et","robots":{"index":"index","follow":"follow","max-snippet":"max-snippet:-1","max-image-preview":"max-image-preview:large","max-video-preview":"max-video-preview:-1"},"canonical":"https:\/\/inelco-grinders.com\/fr\/product\/ep770-grinding-fluid\/","og_locale":"fr_FR","og_type":"article","og_title":"EP770 \u2013 Liquide d\u00b4aff\u00fbtage | Inelco Grinders","og_description":"Notre liquide d\u00b4aff\u00fbtage a \u00e9t\u00e9 sp\u00e9cialement d\u00e9velopp\u00e9 pour nos aff\u00fbteuses d\u2019atelier \u00e0 bain liquide \u2013 Ultima-TIG\u00ae, Ultima-TIG\u00ae-Cut, Ultima-TIG\u00ae-S et","og_url":"https:\/\/inelco-grinders.com\/fr\/product\/ep770-grinding-fluid\/","og_site_name":"Inelco Grinders","article_publisher":"https:\/\/www.facebook.com\/inelcogrinders","article_modified_time":"2025-05-14T06:10:24+00:00","og_image":[{"width":246,"height":343,"url":"https:\/\/inelco-grinders.com\/wp-content\/uploads\/2021\/07\/grinding-liquid-1.png","type":"image\/png"}],"twitter_card":"summary_large_image","twitter_misc":{"Dur\u00e9e de lecture estim\u00e9e":"5 minutes"},"schema":{"@context":"https:\/\/schema.org","@graph":[{"@type":"WebPage","@id":"https:\/\/inelco-grinders.com\/fr\/product\/ep770-grinding-fluid\/","url":"https:\/\/inelco-grinders.com\/fr\/product\/ep770-grinding-fluid\/","name":"EP770 \u2013 Liquide d\u00b4aff\u00fbtage | Inelco Grinders","isPartOf":{"@id":"https:\/\/inelco-grinders.com\/fr\/#website"},"primaryImageOfPage":{"@id":"https:\/\/inelco-grinders.com\/fr\/product\/ep770-grinding-fluid\/#primaryimage"},"image":{"@id":"https:\/\/inelco-grinders.com\/fr\/product\/ep770-grinding-fluid\/#primaryimage"},"thumbnailUrl":"https:\/\/inelco-grinders.com\/wp-content\/uploads\/2021\/07\/grinding-liquid-1.png","datePublished":"2021-07-08T10:58:07+00:00","dateModified":"2025-05-14T06:10:24+00:00","description":"Notre liquide d\u00b4aff\u00fbtage a \u00e9t\u00e9 sp\u00e9cialement d\u00e9velopp\u00e9 pour nos aff\u00fbteuses d\u2019atelier \u00e0 bain liquide \u2013 Ultima-TIG\u00ae, Ultima-TIG\u00ae-Cut, Ultima-TIG\u00ae-S et","inLanguage":"fr-FR","potentialAction":[{"@type":"ReadAction","target":["https:\/\/inelco-grinders.com\/fr\/product\/ep770-grinding-fluid\/"]}]},{"@type":"ImageObject","inLanguage":"fr-FR","@id":"https:\/\/inelco-grinders.com\/fr\/product\/ep770-grinding-fluid\/#primaryimage","url":"https:\/\/inelco-grinders.com\/wp-content\/uploads\/2021\/07\/grinding-liquid-1.png","contentUrl":"https:\/\/inelco-grinders.com\/wp-content\/uploads\/2021\/07\/grinding-liquid-1.png","width":246,"height":343},{"@type":"WebSite","@id":"https:\/\/inelco-grinders.com\/fr\/#website","url":"https:\/\/inelco-grinders.com\/fr\/","name":"Inelco Grinders","description":"Grind tungsten electrodes safely &amp; economically","publisher":{"@id":"https:\/\/inelco-grinders.com\/fr\/#organization"},"potentialAction":[{"@type":"SearchAction","target":{"@type":"EntryPoint","urlTemplate":"https:\/\/inelco-grinders.com\/fr\/?s={search_term_string}"},"query-input":{"@type":"PropertyValueSpecification","valueRequired":true,"valueName":"search_term_string"}}],"inLanguage":"fr-FR"},{"@type":"Organization","@id":"https:\/\/inelco-grinders.com\/fr\/#organization","name":"Inelco Grinders","url":"https:\/\/inelco-grinders.com\/fr\/","logo":{"@type":"ImageObject","inLanguage":"fr-FR","@id":"https:\/\/inelco-grinders.com\/fr\/#\/schema\/logo\/image\/","url":"https:\/\/inelco-grinders.com\/wp-content\/uploads\/2025\/10\/favicon-196x196-1.png","contentUrl":"https:\/\/inelco-grinders.com\/wp-content\/uploads\/2025\/10\/favicon-196x196-1.png","width":196,"height":196,"caption":"Inelco Grinders"},"image":{"@id":"https:\/\/inelco-grinders.com\/fr\/#\/schema\/logo\/image\/"},"sameAs":["https:\/\/www.facebook.com\/inelcogrinders"]}]}},"_links":{"self":[{"href":"https:\/\/inelco-grinders.com\/fr\/wp-json\/wp\/v2\/product\/1407","targetHints":{"allow":["GET"]}}],"collection":[{"href":"https:\/\/inelco-grinders.com\/fr\/wp-json\/wp\/v2\/product"}],"about":[{"href":"https:\/\/inelco-grinders.com\/fr\/wp-json\/wp\/v2\/types\/product"}],"wp:featuredmedia":[{"embeddable":true,"href":"https:\/\/inelco-grinders.com\/fr\/wp-json\/wp\/v2\/media\/836"}],"wp:attachment":[{"href":"https:\/\/inelco-grinders.com\/fr\/wp-json\/wp\/v2\/media?parent=1407"}],"curies":[{"name":"wp","href":"https:\/\/api.w.org\/{rel}","templated":true}]}}