{"id":1417,"date":"2021-07-01T16:27:27","date_gmt":"2021-07-01T16:27:27","guid":{"rendered":"https:\/\/inelcogrinders.wpengine.com\/product\/neutrix\/"},"modified":"2023-10-13T06:05:59","modified_gmt":"2023-10-13T06:05:59","slug":"neutrix","status":"publish","type":"product","link":"https:\/\/inelco-grinders.com\/fr\/product\/neutrix\/","title":{"rendered":"Neutrix"},"content":{"rendered":"\n<p>Neutrix est notre aff\u00fbteuse portative et manuelle pour l\u00b4aff\u00fbtage d\u00b4\u00e9lectrodes tungst\u00e8ne \u00e0 sec, parfaite pour le soudage sur chantier. Cette aff\u00fbteuse am\u00e9liore l\u00b4aff\u00fbtage d\u00b4\u00e9lectrodes sur chantier avec un filtre et r\u00e9ceptacle de poussi\u00e8re assurant des conditions d\u00b4aff\u00fbtage plus s\u00fbres pour le soudeur.<\/p>\n\n\n\n<h4 class=\"wp-block-heading\"><strong>Caract\u00e9ristiques<\/strong><\/h4>\n\n\n\n<ul class=\"wp-block-list\">\n<li>Chambre d\u00b4aff\u00fbtage ferm\u00e9e pourvue d\u00b4un r\u00e9ceptacle de poussi\u00e8re pour prot\u00e9ger l\u00b4utilisateur<\/li>\n\n\n\n<li>Positionnement d\u00b4angle variable pour une plus grande flexibilit\u00e9<\/li>\n\n\n\n<li>Fen\u00eatre d\u00b4inspection pour suivre l\u00b4op\u00e9ration d\u00b4aff\u00fbtage<\/li>\n\n\n\n<li>Le porte-\u00e9lectrode assure le centrage de la pointe et r\u00e9duit l\u00b4usure&nbsp;&nbsp;<\/li>\n\n\n\n<li>Les 3 positions du disque diamant\u00e9 permettent une utilisation optimale&nbsp;<\/li>\n\n\n\n<li>Moteur puissant avec r\u00e9glage de vitesse<\/li>\n<\/ul>\n","protected":false},"featured_media":616,"parent":0,"template":"","class_list":["post-1417","product","type-product","status-publish","has-post-thumbnail","hentry"],"acf":[],"yoast_head":"<!-- This site is optimized with the Yoast SEO plugin v27.0 - https:\/\/yoast.com\/product\/yoast-seo-wordpress\/ -->\n<title>Neutrix | Inelco Grinders<\/title>\n<meta name=\"description\" content=\"Neutrix est notre aff\u00fbteuse portative et manuelle pour l\u00b4aff\u00fbtage d\u00b4\u00e9lectrodes tungst\u00e8ne \u00e0 sec, parfaite pour le soudage sur chantier. Cette aff\u00fbteuse\" \/>\n<meta name=\"robots\" content=\"index, follow, max-snippet:-1, max-image-preview:large, max-video-preview:-1\" \/>\n<link rel=\"canonical\" href=\"https:\/\/inelco-grinders.com\/fr\/product\/neutrix\/\" \/>\n<meta property=\"og:locale\" content=\"fr_FR\" \/>\n<meta property=\"og:type\" content=\"article\" \/>\n<meta property=\"og:title\" content=\"Neutrix | Inelco Grinders\" \/>\n<meta property=\"og:description\" content=\"Neutrix est notre aff\u00fbteuse portative et manuelle pour l\u00b4aff\u00fbtage d\u00b4\u00e9lectrodes tungst\u00e8ne \u00e0 sec, parfaite pour le soudage sur chantier. Cette aff\u00fbteuse\" \/>\n<meta property=\"og:url\" content=\"https:\/\/inelco-grinders.com\/fr\/product\/neutrix\/\" \/>\n<meta property=\"og:site_name\" content=\"Inelco Grinders\" \/>\n<meta property=\"article:publisher\" content=\"https:\/\/www.facebook.com\/inelcogrinders\" \/>\n<meta property=\"article:modified_time\" content=\"2023-10-13T06:05:59+00:00\" \/>\n<meta property=\"og:image\" content=\"https:\/\/inelco-grinders.com\/wp-content\/uploads\/2021\/07\/Neutrix.png\" \/>\n\t<meta property=\"og:image:width\" content=\"272\" \/>\n\t<meta property=\"og:image:height\" content=\"290\" \/>\n\t<meta property=\"og:image:type\" content=\"image\/png\" \/>\n<meta name=\"twitter:card\" content=\"summary_large_image\" \/>\n<meta name=\"twitter:label1\" content=\"Dur\u00e9e de lecture estim\u00e9e\" \/>\n\t<meta name=\"twitter:data1\" content=\"1 minute\" \/>\n<!-- \/ Yoast SEO plugin. -->","yoast_head_json":{"title":"Neutrix | Inelco Grinders","description":"Neutrix est notre aff\u00fbteuse portative et manuelle pour l\u00b4aff\u00fbtage d\u00b4\u00e9lectrodes tungst\u00e8ne \u00e0 sec, parfaite pour le soudage sur chantier. Cette aff\u00fbteuse","robots":{"index":"index","follow":"follow","max-snippet":"max-snippet:-1","max-image-preview":"max-image-preview:large","max-video-preview":"max-video-preview:-1"},"canonical":"https:\/\/inelco-grinders.com\/fr\/product\/neutrix\/","og_locale":"fr_FR","og_type":"article","og_title":"Neutrix | Inelco Grinders","og_description":"Neutrix est notre aff\u00fbteuse portative et manuelle pour l\u00b4aff\u00fbtage d\u00b4\u00e9lectrodes tungst\u00e8ne \u00e0 sec, parfaite pour le soudage sur chantier. Cette aff\u00fbteuse","og_url":"https:\/\/inelco-grinders.com\/fr\/product\/neutrix\/","og_site_name":"Inelco Grinders","article_publisher":"https:\/\/www.facebook.com\/inelcogrinders","article_modified_time":"2023-10-13T06:05:59+00:00","og_image":[{"width":272,"height":290,"url":"https:\/\/inelco-grinders.com\/wp-content\/uploads\/2021\/07\/Neutrix.png","type":"image\/png"}],"twitter_card":"summary_large_image","twitter_misc":{"Dur\u00e9e de lecture estim\u00e9e":"1 minute"},"schema":{"@context":"https:\/\/schema.org","@graph":[{"@type":"WebPage","@id":"https:\/\/inelco-grinders.com\/fr\/product\/neutrix\/","url":"https:\/\/inelco-grinders.com\/fr\/product\/neutrix\/","name":"Neutrix | Inelco Grinders","isPartOf":{"@id":"https:\/\/inelco-grinders.com\/fr\/#website"},"primaryImageOfPage":{"@id":"https:\/\/inelco-grinders.com\/fr\/product\/neutrix\/#primaryimage"},"image":{"@id":"https:\/\/inelco-grinders.com\/fr\/product\/neutrix\/#primaryimage"},"thumbnailUrl":"https:\/\/inelco-grinders.com\/wp-content\/uploads\/2021\/07\/Neutrix.png","datePublished":"2021-07-01T16:27:27+00:00","dateModified":"2023-10-13T06:05:59+00:00","description":"Neutrix est notre aff\u00fbteuse portative et manuelle pour l\u00b4aff\u00fbtage d\u00b4\u00e9lectrodes tungst\u00e8ne \u00e0 sec, parfaite pour le soudage sur chantier. Cette aff\u00fbteuse","inLanguage":"fr-FR","potentialAction":[{"@type":"ReadAction","target":["https:\/\/inelco-grinders.com\/fr\/product\/neutrix\/"]}]},{"@type":"ImageObject","inLanguage":"fr-FR","@id":"https:\/\/inelco-grinders.com\/fr\/product\/neutrix\/#primaryimage","url":"https:\/\/inelco-grinders.com\/wp-content\/uploads\/2021\/07\/Neutrix.png","contentUrl":"https:\/\/inelco-grinders.com\/wp-content\/uploads\/2021\/07\/Neutrix.png","width":272,"height":290},{"@type":"WebSite","@id":"https:\/\/inelco-grinders.com\/fr\/#website","url":"https:\/\/inelco-grinders.com\/fr\/","name":"Inelco Grinders","description":"Grind tungsten electrodes safely &amp; economically","publisher":{"@id":"https:\/\/inelco-grinders.com\/fr\/#organization"},"potentialAction":[{"@type":"SearchAction","target":{"@type":"EntryPoint","urlTemplate":"https:\/\/inelco-grinders.com\/fr\/?s={search_term_string}"},"query-input":{"@type":"PropertyValueSpecification","valueRequired":true,"valueName":"search_term_string"}}],"inLanguage":"fr-FR"},{"@type":"Organization","@id":"https:\/\/inelco-grinders.com\/fr\/#organization","name":"Inelco Grinders","url":"https:\/\/inelco-grinders.com\/fr\/","logo":{"@type":"ImageObject","inLanguage":"fr-FR","@id":"https:\/\/inelco-grinders.com\/fr\/#\/schema\/logo\/image\/","url":"https:\/\/inelco-grinders.com\/wp-content\/uploads\/2025\/10\/favicon-196x196-1.png","contentUrl":"https:\/\/inelco-grinders.com\/wp-content\/uploads\/2025\/10\/favicon-196x196-1.png","width":196,"height":196,"caption":"Inelco Grinders"},"image":{"@id":"https:\/\/inelco-grinders.com\/fr\/#\/schema\/logo\/image\/"},"sameAs":["https:\/\/www.facebook.com\/inelcogrinders"]}]}},"_links":{"self":[{"href":"https:\/\/inelco-grinders.com\/fr\/wp-json\/wp\/v2\/product\/1417","targetHints":{"allow":["GET"]}}],"collection":[{"href":"https:\/\/inelco-grinders.com\/fr\/wp-json\/wp\/v2\/product"}],"about":[{"href":"https:\/\/inelco-grinders.com\/fr\/wp-json\/wp\/v2\/types\/product"}],"wp:featuredmedia":[{"embeddable":true,"href":"https:\/\/inelco-grinders.com\/fr\/wp-json\/wp\/v2\/media\/616"}],"wp:attachment":[{"href":"https:\/\/inelco-grinders.com\/fr\/wp-json\/wp\/v2\/media?parent=1417"}],"curies":[{"name":"wp","href":"https:\/\/api.w.org\/{rel}","templated":true}]}}