{"id":1422,"date":"2021-07-01T16:29:35","date_gmt":"2021-07-01T16:29:35","guid":{"rendered":"https:\/\/inelcogrinders.wpengine.com\/product\/truncator\/"},"modified":"2023-10-13T06:06:26","modified_gmt":"2023-10-13T06:06:26","slug":"truncator","status":"publish","type":"product","link":"https:\/\/inelco-grinders.com\/fr\/product\/truncator\/","title":{"rendered":"Tronquateur"},"content":{"rendered":"\n<p>Le module de Tronquateur a \u00e9t\u00e9 con\u00e7u pour \u00e9viter les 2 situations stressant r\u00e9ellement votre \u00e9lectrode tungst\u00e8ne sous le soudage TIG. Ces situations sont le soudage \u00e0 haut amp\u00e9rage et le soudage AC de l\u00b4aluminium, par exemple. Dans ces deux situations, vous pouvez r\u00e9duire le risque de fonte de la pointe en tronquant l\u00b4 \u00e9lectrode tungst\u00e8ne.<\/p>\n\n\n\n<h4 class=\"wp-block-heading\"><strong>Caract\u00e9ristiques<\/strong><\/h4>\n\n\n\n<ul class=\"wp-block-list\">\n<li>Troncage pr\u00e9cis des \u00e9lectrodes tungst\u00e8ne aff\u00fbt\u00e9es<\/li>\n\n\n\n<li>Positions variables sur le disque d\u00b4aff\u00fbtage&nbsp;<\/li>\n\n\n\n<li>\u00c9limination du risque de fonte de la pointe dans le bain de fusion causant des contaminations<\/li>\n\n\n\n<li>Id\u00e9al pour le soudage AC r\u00e9duisant le risque de formation de boule \u00e0 la pointe<\/li>\n<\/ul>\n","protected":false},"featured_media":581,"parent":0,"template":"","class_list":["post-1422","product","type-product","status-publish","has-post-thumbnail","hentry"],"acf":[],"yoast_head":"<!-- This site is optimized with the Yoast SEO plugin v27.0 - https:\/\/yoast.com\/product\/yoast-seo-wordpress\/ -->\n<title>Tronquateur | Inelco Grinders<\/title>\n<meta name=\"description\" content=\"Le module de Tronquateur a \u00e9t\u00e9 con\u00e7u pour \u00e9viter les 2 situations stressant r\u00e9ellement votre \u00e9lectrode tungst\u00e8ne sous le soudage TIG. Ces situations sont\" \/>\n<meta name=\"robots\" content=\"index, follow, max-snippet:-1, max-image-preview:large, max-video-preview:-1\" \/>\n<link rel=\"canonical\" href=\"https:\/\/inelco-grinders.com\/fr\/product\/truncator\/\" \/>\n<meta property=\"og:locale\" content=\"fr_FR\" \/>\n<meta property=\"og:type\" content=\"article\" \/>\n<meta property=\"og:title\" content=\"Tronquateur | Inelco Grinders\" \/>\n<meta property=\"og:description\" content=\"Le module de Tronquateur a \u00e9t\u00e9 con\u00e7u pour \u00e9viter les 2 situations stressant r\u00e9ellement votre \u00e9lectrode tungst\u00e8ne sous le soudage TIG. Ces situations sont\" \/>\n<meta property=\"og:url\" content=\"https:\/\/inelco-grinders.com\/fr\/product\/truncator\/\" \/>\n<meta property=\"og:site_name\" content=\"Inelco Grinders\" \/>\n<meta property=\"article:publisher\" content=\"https:\/\/www.facebook.com\/inelcogrinders\" \/>\n<meta property=\"article:modified_time\" content=\"2023-10-13T06:06:26+00:00\" \/>\n<meta property=\"og:image\" content=\"https:\/\/inelco-grinders.com\/wp-content\/uploads\/2021\/07\/Truncator.png\" \/>\n\t<meta property=\"og:image:width\" content=\"246\" \/>\n\t<meta property=\"og:image:height\" content=\"322\" \/>\n\t<meta property=\"og:image:type\" content=\"image\/png\" \/>\n<meta name=\"twitter:card\" content=\"summary_large_image\" \/>\n<meta name=\"twitter:label1\" content=\"Dur\u00e9e de lecture estim\u00e9e\" \/>\n\t<meta name=\"twitter:data1\" content=\"1 minute\" \/>\n<!-- \/ Yoast SEO plugin. -->","yoast_head_json":{"title":"Tronquateur | Inelco Grinders","description":"Le module de Tronquateur a \u00e9t\u00e9 con\u00e7u pour \u00e9viter les 2 situations stressant r\u00e9ellement votre \u00e9lectrode tungst\u00e8ne sous le soudage TIG. Ces situations sont","robots":{"index":"index","follow":"follow","max-snippet":"max-snippet:-1","max-image-preview":"max-image-preview:large","max-video-preview":"max-video-preview:-1"},"canonical":"https:\/\/inelco-grinders.com\/fr\/product\/truncator\/","og_locale":"fr_FR","og_type":"article","og_title":"Tronquateur | Inelco Grinders","og_description":"Le module de Tronquateur a \u00e9t\u00e9 con\u00e7u pour \u00e9viter les 2 situations stressant r\u00e9ellement votre \u00e9lectrode tungst\u00e8ne sous le soudage TIG. Ces situations sont","og_url":"https:\/\/inelco-grinders.com\/fr\/product\/truncator\/","og_site_name":"Inelco Grinders","article_publisher":"https:\/\/www.facebook.com\/inelcogrinders","article_modified_time":"2023-10-13T06:06:26+00:00","og_image":[{"width":246,"height":322,"url":"https:\/\/inelco-grinders.com\/wp-content\/uploads\/2021\/07\/Truncator.png","type":"image\/png"}],"twitter_card":"summary_large_image","twitter_misc":{"Dur\u00e9e de lecture estim\u00e9e":"1 minute"},"schema":{"@context":"https:\/\/schema.org","@graph":[{"@type":"WebPage","@id":"https:\/\/inelco-grinders.com\/fr\/product\/truncator\/","url":"https:\/\/inelco-grinders.com\/fr\/product\/truncator\/","name":"Tronquateur | Inelco Grinders","isPartOf":{"@id":"https:\/\/inelco-grinders.com\/fr\/#website"},"primaryImageOfPage":{"@id":"https:\/\/inelco-grinders.com\/fr\/product\/truncator\/#primaryimage"},"image":{"@id":"https:\/\/inelco-grinders.com\/fr\/product\/truncator\/#primaryimage"},"thumbnailUrl":"https:\/\/inelco-grinders.com\/wp-content\/uploads\/2021\/07\/Truncator.png","datePublished":"2021-07-01T16:29:35+00:00","dateModified":"2023-10-13T06:06:26+00:00","description":"Le module de Tronquateur a \u00e9t\u00e9 con\u00e7u pour \u00e9viter les 2 situations stressant r\u00e9ellement votre \u00e9lectrode tungst\u00e8ne sous le soudage TIG. Ces situations sont","inLanguage":"fr-FR","potentialAction":[{"@type":"ReadAction","target":["https:\/\/inelco-grinders.com\/fr\/product\/truncator\/"]}]},{"@type":"ImageObject","inLanguage":"fr-FR","@id":"https:\/\/inelco-grinders.com\/fr\/product\/truncator\/#primaryimage","url":"https:\/\/inelco-grinders.com\/wp-content\/uploads\/2021\/07\/Truncator.png","contentUrl":"https:\/\/inelco-grinders.com\/wp-content\/uploads\/2021\/07\/Truncator.png","width":246,"height":322},{"@type":"WebSite","@id":"https:\/\/inelco-grinders.com\/fr\/#website","url":"https:\/\/inelco-grinders.com\/fr\/","name":"Inelco Grinders","description":"Grind tungsten electrodes safely &amp; economically","publisher":{"@id":"https:\/\/inelco-grinders.com\/fr\/#organization"},"potentialAction":[{"@type":"SearchAction","target":{"@type":"EntryPoint","urlTemplate":"https:\/\/inelco-grinders.com\/fr\/?s={search_term_string}"},"query-input":{"@type":"PropertyValueSpecification","valueRequired":true,"valueName":"search_term_string"}}],"inLanguage":"fr-FR"},{"@type":"Organization","@id":"https:\/\/inelco-grinders.com\/fr\/#organization","name":"Inelco Grinders","url":"https:\/\/inelco-grinders.com\/fr\/","logo":{"@type":"ImageObject","inLanguage":"fr-FR","@id":"https:\/\/inelco-grinders.com\/fr\/#\/schema\/logo\/image\/","url":"https:\/\/inelco-grinders.com\/wp-content\/uploads\/2025\/10\/favicon-196x196-1.png","contentUrl":"https:\/\/inelco-grinders.com\/wp-content\/uploads\/2025\/10\/favicon-196x196-1.png","width":196,"height":196,"caption":"Inelco Grinders"},"image":{"@id":"https:\/\/inelco-grinders.com\/fr\/#\/schema\/logo\/image\/"},"sameAs":["https:\/\/www.facebook.com\/inelcogrinders"]}]}},"_links":{"self":[{"href":"https:\/\/inelco-grinders.com\/fr\/wp-json\/wp\/v2\/product\/1422","targetHints":{"allow":["GET"]}}],"collection":[{"href":"https:\/\/inelco-grinders.com\/fr\/wp-json\/wp\/v2\/product"}],"about":[{"href":"https:\/\/inelco-grinders.com\/fr\/wp-json\/wp\/v2\/types\/product"}],"wp:featuredmedia":[{"embeddable":true,"href":"https:\/\/inelco-grinders.com\/fr\/wp-json\/wp\/v2\/media\/581"}],"wp:attachment":[{"href":"https:\/\/inelco-grinders.com\/fr\/wp-json\/wp\/v2\/media?parent=1422"}],"curies":[{"name":"wp","href":"https:\/\/api.w.org\/{rel}","templated":true}]}}