{"id":1427,"date":"2021-06-29T10:52:18","date_gmt":"2021-06-29T10:52:18","guid":{"rendered":"https:\/\/inelcogrinders.wpengine.com\/product\/ultima-tig\/"},"modified":"2024-01-05T10:08:09","modified_gmt":"2024-01-05T10:08:09","slug":"ultima-tig","status":"publish","type":"product","link":"https:\/\/inelco-grinders.com\/fr\/product\/ultima-tig\/","title":{"rendered":"Ultima-TIG<sup>\u00ae<\/sup>"},"content":{"rendered":"\n<p>Ultima-TIG<sup>\u00ae<\/sup> est notre aff\u00fbteuse d\u2019atelier \u00e0 bain liquide pour \u00e9lectrodes tungst\u00e8ne permettant un aff\u00fbtage pr\u00e9cis \u00e0 un angle souhait\u00e9 et un centrage parfait de la pointe d\u00b4\u00e9lectrode. Elle aff\u00fbte jusqu\u00b4\u00e0 8 mm assurant ainsi un minimum d\u00b4usure de l\u00b4\u00e9lectrode.<\/p>\n\n\n\n<h4 class=\"wp-block-heading\"><strong>Caract\u00e9ristiques<\/strong><\/h4>\n\n\n\n<ul class=\"wp-block-list\">\n<li>Chambre d\u00b4aff\u00fbtage ferm\u00e9e pourvue d\u00b4un r\u00e9ceptacle de poussi\u00e8re pour prot\u00e9ger l\u00b4utilisateur<\/li>\n\n\n\n<li>Positionnement variable de l\u2019angle pour une plus grande flexibilit\u00e9<\/li>\n\n\n\n<li>Aff\u00fbtage \u00e0 bain liquide pour emp\u00eacher la surchauffe de l\u00b4\u00e9lectrode pendant l\u00b4aff\u00fbtage<\/li>\n\n\n\n<li>Aff\u00fbtage&nbsp;\u00e0 haute vitesse pour un aff\u00fbtage rapide et une surface lisse<\/li>\n\n\n\n<li>Le porte-\u00e9lectrode assure un centrage de la pointe et r\u00e9duit l\u00b4usure<\/li>\n\n\n\n<li>Une usure d\u00b4\u00e9lectrode r\u00e9duite permet un rapide amortissement<\/li>\n<\/ul>\n","protected":false},"featured_media":1161,"parent":0,"template":"","class_list":["post-1427","product","type-product","status-publish","has-post-thumbnail","hentry"],"acf":[],"yoast_head":"<!-- This site is optimized with the Yoast SEO plugin v27.0 - https:\/\/yoast.com\/product\/yoast-seo-wordpress\/ -->\n<title>Ultima-TIG\u00ae | Inelco Grinders<\/title>\n<meta name=\"description\" content=\"Ultima-TIG\u00ae est notre aff\u00fbteuse d\u2019atelier \u00e0 bain liquide pour \u00e9lectrodes tungst\u00e8ne permettant un aff\u00fbtage pr\u00e9cis \u00e0 un angle souhait\u00e9 et un centrage\" \/>\n<meta name=\"robots\" content=\"index, follow, max-snippet:-1, max-image-preview:large, max-video-preview:-1\" \/>\n<link rel=\"canonical\" href=\"https:\/\/inelco-grinders.com\/fr\/product\/ultima-tig\/\" \/>\n<meta property=\"og:locale\" content=\"fr_FR\" \/>\n<meta property=\"og:type\" content=\"article\" \/>\n<meta property=\"og:title\" content=\"Ultima-TIG\u00ae | Inelco Grinders\" \/>\n<meta property=\"og:description\" content=\"Ultima-TIG\u00ae est notre aff\u00fbteuse d\u2019atelier \u00e0 bain liquide pour \u00e9lectrodes tungst\u00e8ne permettant un aff\u00fbtage pr\u00e9cis \u00e0 un angle souhait\u00e9 et un centrage\" \/>\n<meta property=\"og:url\" content=\"https:\/\/inelco-grinders.com\/fr\/product\/ultima-tig\/\" \/>\n<meta property=\"og:site_name\" content=\"Inelco Grinders\" \/>\n<meta property=\"article:publisher\" content=\"https:\/\/www.facebook.com\/inelcogrinders\" \/>\n<meta property=\"article:modified_time\" content=\"2024-01-05T10:08:09+00:00\" \/>\n<meta property=\"og:image\" content=\"https:\/\/inelco-grinders.com\/wp-content\/uploads\/2021\/06\/Ultima-TIG.png\" \/>\n\t<meta property=\"og:image:width\" content=\"242\" \/>\n\t<meta property=\"og:image:height\" content=\"338\" \/>\n\t<meta property=\"og:image:type\" content=\"image\/png\" \/>\n<meta name=\"twitter:card\" content=\"summary_large_image\" \/>\n<meta name=\"twitter:label1\" content=\"Dur\u00e9e de lecture estim\u00e9e\" \/>\n\t<meta name=\"twitter:data1\" content=\"1 minute\" \/>\n<!-- \/ Yoast SEO plugin. -->","yoast_head_json":{"title":"Ultima-TIG\u00ae | Inelco Grinders","description":"Ultima-TIG\u00ae est notre aff\u00fbteuse d\u2019atelier \u00e0 bain liquide pour \u00e9lectrodes tungst\u00e8ne permettant un aff\u00fbtage pr\u00e9cis \u00e0 un angle souhait\u00e9 et un centrage","robots":{"index":"index","follow":"follow","max-snippet":"max-snippet:-1","max-image-preview":"max-image-preview:large","max-video-preview":"max-video-preview:-1"},"canonical":"https:\/\/inelco-grinders.com\/fr\/product\/ultima-tig\/","og_locale":"fr_FR","og_type":"article","og_title":"Ultima-TIG\u00ae | Inelco Grinders","og_description":"Ultima-TIG\u00ae est notre aff\u00fbteuse d\u2019atelier \u00e0 bain liquide pour \u00e9lectrodes tungst\u00e8ne permettant un aff\u00fbtage pr\u00e9cis \u00e0 un angle souhait\u00e9 et un centrage","og_url":"https:\/\/inelco-grinders.com\/fr\/product\/ultima-tig\/","og_site_name":"Inelco Grinders","article_publisher":"https:\/\/www.facebook.com\/inelcogrinders","article_modified_time":"2024-01-05T10:08:09+00:00","og_image":[{"width":242,"height":338,"url":"https:\/\/inelco-grinders.com\/wp-content\/uploads\/2021\/06\/Ultima-TIG.png","type":"image\/png"}],"twitter_card":"summary_large_image","twitter_misc":{"Dur\u00e9e de lecture estim\u00e9e":"1 minute"},"schema":{"@context":"https:\/\/schema.org","@graph":[{"@type":"WebPage","@id":"https:\/\/inelco-grinders.com\/fr\/product\/ultima-tig\/","url":"https:\/\/inelco-grinders.com\/fr\/product\/ultima-tig\/","name":"Ultima-TIG\u00ae | Inelco Grinders","isPartOf":{"@id":"https:\/\/inelco-grinders.com\/fr\/#website"},"primaryImageOfPage":{"@id":"https:\/\/inelco-grinders.com\/fr\/product\/ultima-tig\/#primaryimage"},"image":{"@id":"https:\/\/inelco-grinders.com\/fr\/product\/ultima-tig\/#primaryimage"},"thumbnailUrl":"https:\/\/inelco-grinders.com\/wp-content\/uploads\/2021\/06\/Ultima-TIG.png","datePublished":"2021-06-29T10:52:18+00:00","dateModified":"2024-01-05T10:08:09+00:00","description":"Ultima-TIG\u00ae est notre aff\u00fbteuse d\u2019atelier \u00e0 bain liquide pour \u00e9lectrodes tungst\u00e8ne permettant un aff\u00fbtage pr\u00e9cis \u00e0 un angle souhait\u00e9 et un centrage","inLanguage":"fr-FR","potentialAction":[{"@type":"ReadAction","target":["https:\/\/inelco-grinders.com\/fr\/product\/ultima-tig\/"]}]},{"@type":"ImageObject","inLanguage":"fr-FR","@id":"https:\/\/inelco-grinders.com\/fr\/product\/ultima-tig\/#primaryimage","url":"https:\/\/inelco-grinders.com\/wp-content\/uploads\/2021\/06\/Ultima-TIG.png","contentUrl":"https:\/\/inelco-grinders.com\/wp-content\/uploads\/2021\/06\/Ultima-TIG.png","width":242,"height":338,"caption":"Ultima TIG"},{"@type":"WebSite","@id":"https:\/\/inelco-grinders.com\/fr\/#website","url":"https:\/\/inelco-grinders.com\/fr\/","name":"Inelco Grinders","description":"Grind tungsten electrodes safely &amp; economically","publisher":{"@id":"https:\/\/inelco-grinders.com\/fr\/#organization"},"potentialAction":[{"@type":"SearchAction","target":{"@type":"EntryPoint","urlTemplate":"https:\/\/inelco-grinders.com\/fr\/?s={search_term_string}"},"query-input":{"@type":"PropertyValueSpecification","valueRequired":true,"valueName":"search_term_string"}}],"inLanguage":"fr-FR"},{"@type":"Organization","@id":"https:\/\/inelco-grinders.com\/fr\/#organization","name":"Inelco Grinders","url":"https:\/\/inelco-grinders.com\/fr\/","logo":{"@type":"ImageObject","inLanguage":"fr-FR","@id":"https:\/\/inelco-grinders.com\/fr\/#\/schema\/logo\/image\/","url":"https:\/\/inelco-grinders.com\/wp-content\/uploads\/2025\/10\/favicon-196x196-1.png","contentUrl":"https:\/\/inelco-grinders.com\/wp-content\/uploads\/2025\/10\/favicon-196x196-1.png","width":196,"height":196,"caption":"Inelco Grinders"},"image":{"@id":"https:\/\/inelco-grinders.com\/fr\/#\/schema\/logo\/image\/"},"sameAs":["https:\/\/www.facebook.com\/inelcogrinders"]}]}},"_links":{"self":[{"href":"https:\/\/inelco-grinders.com\/fr\/wp-json\/wp\/v2\/product\/1427","targetHints":{"allow":["GET"]}}],"collection":[{"href":"https:\/\/inelco-grinders.com\/fr\/wp-json\/wp\/v2\/product"}],"about":[{"href":"https:\/\/inelco-grinders.com\/fr\/wp-json\/wp\/v2\/types\/product"}],"wp:featuredmedia":[{"embeddable":true,"href":"https:\/\/inelco-grinders.com\/fr\/wp-json\/wp\/v2\/media\/1161"}],"wp:attachment":[{"href":"https:\/\/inelco-grinders.com\/fr\/wp-json\/wp\/v2\/media?parent=1427"}],"curies":[{"name":"wp","href":"https:\/\/api.w.org\/{rel}","templated":true}]}}