{"id":1432,"date":"2021-07-01T16:28:16","date_gmt":"2021-07-01T16:28:16","guid":{"rendered":"https:\/\/inelcogrinders.wpengine.com\/product\/ultima-tig-cut\/"},"modified":"2023-10-13T06:07:42","modified_gmt":"2023-10-13T06:07:42","slug":"ultima-tig-cut","status":"publish","type":"product","link":"https:\/\/inelco-grinders.com\/fr\/product\/ultima-tig-cut\/","title":{"rendered":"Ultima-TIG<sup>\u00ae<\/sup>-Cut"},"content":{"rendered":"\n<p>L\u2019aff\u00fbteuse Ultima-TIG<sup>\u00ae<\/sup>-Cut est notre aff\u00fbteuse d\u2019atelier \u00e0 bain liquide pour \u00e9lectrodes tungst\u00e8ne avec un module de tronquage assurant un aff\u00fbtage pr\u00e9cis \u00e0 angle correct et un centrage parfait de la pointe ainsi qu\u00b4une coupe pr\u00e9cise de l\u00b4\u00e9lectrode en toute s\u00e9curit\u00e9.&nbsp;<\/p>\n\n\n\n<h4 class=\"wp-block-heading\"><strong>Caract\u00e9ristiques<\/strong><\/h4>\n\n\n\n<ul class=\"wp-block-list\">\n<li>Tronquage en s\u00e9curit\u00e9 sans fissuration de l\u00b4\u00e9lectrode<\/li>\n\n\n\n<li>Chambre d\u00b4aff\u00fbtage et de tronquage ferm\u00e9e avec r\u00e9ceptacle de poussi\u00e8res pour prot\u00e9ger l\u00b4utilisateur<\/li>\n\n\n\n<li>Longueur de coupe et angle variables pour une plus grande flexibilit\u00e9<\/li>\n\n\n\n<li>Aff\u00fbtage \u00e0 bain liquide pour emp\u00eacher la surchauffe de l\u00b4\u00e9lectrode pendant l\u00b4aff\u00fbtage<\/li>\n\n\n\n<li>Aff\u00fbtage&nbsp;\u00e0 haute vitesse pour un aff\u00fbtage plus rapide et une surface lisse<\/li>\n\n\n\n<li>Le porte-\u00e9lectrode assure un centrage de la pointe et r\u00e9duit l\u00b4usure de l\u00b4\u00e9lectrode<\/li>\n\n\n\n<li>Une usure d\u00b4\u00e9lectrode r\u00e9duite permet un rapide amortissement<\/li>\n<\/ul>\n","protected":false},"featured_media":601,"parent":0,"template":"","class_list":["post-1432","product","type-product","status-publish","has-post-thumbnail","hentry"],"acf":[],"yoast_head":"<!-- This site is optimized with the Yoast SEO plugin v27.0 - https:\/\/yoast.com\/product\/yoast-seo-wordpress\/ -->\n<title>Ultima-TIG\u00ae-Cut | Inelco Grinders<\/title>\n<meta name=\"description\" content=\"L\u2019aff\u00fbteuse Ultima-TIG\u00ae-Cut est notre aff\u00fbteuse d\u2019atelier \u00e0 bain liquide pour \u00e9lectrodes tungst\u00e8ne avec un module de tronquage assurant un aff\u00fbtage pr\u00e9cis\" \/>\n<meta name=\"robots\" content=\"index, follow, max-snippet:-1, max-image-preview:large, max-video-preview:-1\" \/>\n<link rel=\"canonical\" href=\"https:\/\/inelco-grinders.com\/fr\/product\/ultima-tig-cut\/\" \/>\n<meta property=\"og:locale\" content=\"fr_FR\" \/>\n<meta property=\"og:type\" content=\"article\" \/>\n<meta property=\"og:title\" content=\"Ultima-TIG\u00ae-Cut | Inelco Grinders\" \/>\n<meta property=\"og:description\" content=\"L\u2019aff\u00fbteuse Ultima-TIG\u00ae-Cut est notre aff\u00fbteuse d\u2019atelier \u00e0 bain liquide pour \u00e9lectrodes tungst\u00e8ne avec un module de tronquage assurant un aff\u00fbtage pr\u00e9cis\" \/>\n<meta property=\"og:url\" content=\"https:\/\/inelco-grinders.com\/fr\/product\/ultima-tig-cut\/\" \/>\n<meta property=\"og:site_name\" content=\"Inelco Grinders\" \/>\n<meta property=\"article:publisher\" content=\"https:\/\/www.facebook.com\/inelcogrinders\" \/>\n<meta property=\"article:modified_time\" content=\"2023-10-13T06:07:42+00:00\" \/>\n<meta property=\"og:image\" content=\"https:\/\/inelco-grinders.com\/wp-content\/uploads\/2021\/07\/Ultima-TIG-Cut.png\" \/>\n\t<meta property=\"og:image:width\" content=\"253\" \/>\n\t<meta property=\"og:image:height\" content=\"327\" \/>\n\t<meta property=\"og:image:type\" content=\"image\/png\" \/>\n<meta name=\"twitter:card\" content=\"summary_large_image\" \/>\n<meta name=\"twitter:label1\" content=\"Dur\u00e9e de lecture estim\u00e9e\" \/>\n\t<meta name=\"twitter:data1\" content=\"1 minute\" \/>\n<!-- \/ Yoast SEO plugin. -->","yoast_head_json":{"title":"Ultima-TIG\u00ae-Cut | Inelco Grinders","description":"L\u2019aff\u00fbteuse Ultima-TIG\u00ae-Cut est notre aff\u00fbteuse d\u2019atelier \u00e0 bain liquide pour \u00e9lectrodes tungst\u00e8ne avec un module de tronquage assurant un aff\u00fbtage pr\u00e9cis","robots":{"index":"index","follow":"follow","max-snippet":"max-snippet:-1","max-image-preview":"max-image-preview:large","max-video-preview":"max-video-preview:-1"},"canonical":"https:\/\/inelco-grinders.com\/fr\/product\/ultima-tig-cut\/","og_locale":"fr_FR","og_type":"article","og_title":"Ultima-TIG\u00ae-Cut | Inelco Grinders","og_description":"L\u2019aff\u00fbteuse Ultima-TIG\u00ae-Cut est notre aff\u00fbteuse d\u2019atelier \u00e0 bain liquide pour \u00e9lectrodes tungst\u00e8ne avec un module de tronquage assurant un aff\u00fbtage pr\u00e9cis","og_url":"https:\/\/inelco-grinders.com\/fr\/product\/ultima-tig-cut\/","og_site_name":"Inelco Grinders","article_publisher":"https:\/\/www.facebook.com\/inelcogrinders","article_modified_time":"2023-10-13T06:07:42+00:00","og_image":[{"width":253,"height":327,"url":"https:\/\/inelco-grinders.com\/wp-content\/uploads\/2021\/07\/Ultima-TIG-Cut.png","type":"image\/png"}],"twitter_card":"summary_large_image","twitter_misc":{"Dur\u00e9e de lecture estim\u00e9e":"1 minute"},"schema":{"@context":"https:\/\/schema.org","@graph":[{"@type":"WebPage","@id":"https:\/\/inelco-grinders.com\/fr\/product\/ultima-tig-cut\/","url":"https:\/\/inelco-grinders.com\/fr\/product\/ultima-tig-cut\/","name":"Ultima-TIG\u00ae-Cut | Inelco Grinders","isPartOf":{"@id":"https:\/\/inelco-grinders.com\/fr\/#website"},"primaryImageOfPage":{"@id":"https:\/\/inelco-grinders.com\/fr\/product\/ultima-tig-cut\/#primaryimage"},"image":{"@id":"https:\/\/inelco-grinders.com\/fr\/product\/ultima-tig-cut\/#primaryimage"},"thumbnailUrl":"https:\/\/inelco-grinders.com\/wp-content\/uploads\/2021\/07\/Ultima-TIG-Cut.png","datePublished":"2021-07-01T16:28:16+00:00","dateModified":"2023-10-13T06:07:42+00:00","description":"L\u2019aff\u00fbteuse Ultima-TIG\u00ae-Cut est notre aff\u00fbteuse d\u2019atelier \u00e0 bain liquide pour \u00e9lectrodes tungst\u00e8ne avec un module de tronquage assurant un aff\u00fbtage pr\u00e9cis","inLanguage":"fr-FR","potentialAction":[{"@type":"ReadAction","target":["https:\/\/inelco-grinders.com\/fr\/product\/ultima-tig-cut\/"]}]},{"@type":"ImageObject","inLanguage":"fr-FR","@id":"https:\/\/inelco-grinders.com\/fr\/product\/ultima-tig-cut\/#primaryimage","url":"https:\/\/inelco-grinders.com\/wp-content\/uploads\/2021\/07\/Ultima-TIG-Cut.png","contentUrl":"https:\/\/inelco-grinders.com\/wp-content\/uploads\/2021\/07\/Ultima-TIG-Cut.png","width":253,"height":327,"caption":"Ultima TIG CUT"},{"@type":"WebSite","@id":"https:\/\/inelco-grinders.com\/fr\/#website","url":"https:\/\/inelco-grinders.com\/fr\/","name":"Inelco Grinders","description":"Grind tungsten electrodes safely &amp; economically","publisher":{"@id":"https:\/\/inelco-grinders.com\/fr\/#organization"},"potentialAction":[{"@type":"SearchAction","target":{"@type":"EntryPoint","urlTemplate":"https:\/\/inelco-grinders.com\/fr\/?s={search_term_string}"},"query-input":{"@type":"PropertyValueSpecification","valueRequired":true,"valueName":"search_term_string"}}],"inLanguage":"fr-FR"},{"@type":"Organization","@id":"https:\/\/inelco-grinders.com\/fr\/#organization","name":"Inelco Grinders","url":"https:\/\/inelco-grinders.com\/fr\/","logo":{"@type":"ImageObject","inLanguage":"fr-FR","@id":"https:\/\/inelco-grinders.com\/fr\/#\/schema\/logo\/image\/","url":"https:\/\/inelco-grinders.com\/wp-content\/uploads\/2025\/10\/favicon-196x196-1.png","contentUrl":"https:\/\/inelco-grinders.com\/wp-content\/uploads\/2025\/10\/favicon-196x196-1.png","width":196,"height":196,"caption":"Inelco Grinders"},"image":{"@id":"https:\/\/inelco-grinders.com\/fr\/#\/schema\/logo\/image\/"},"sameAs":["https:\/\/www.facebook.com\/inelcogrinders"]}]}},"_links":{"self":[{"href":"https:\/\/inelco-grinders.com\/fr\/wp-json\/wp\/v2\/product\/1432","targetHints":{"allow":["GET"]}}],"collection":[{"href":"https:\/\/inelco-grinders.com\/fr\/wp-json\/wp\/v2\/product"}],"about":[{"href":"https:\/\/inelco-grinders.com\/fr\/wp-json\/wp\/v2\/types\/product"}],"wp:featuredmedia":[{"embeddable":true,"href":"https:\/\/inelco-grinders.com\/fr\/wp-json\/wp\/v2\/media\/601"}],"wp:attachment":[{"href":"https:\/\/inelco-grinders.com\/fr\/wp-json\/wp\/v2\/media?parent=1432"}],"curies":[{"name":"wp","href":"https:\/\/api.w.org\/{rel}","templated":true}]}}