{"id":1442,"date":"2021-07-01T16:30:04","date_gmt":"2021-07-01T16:30:04","guid":{"rendered":"https:\/\/inelcogrinders.wpengine.com\/product\/autogrind-digital\/"},"modified":"2026-03-18T12:12:44","modified_gmt":"2026-03-18T12:12:44","slug":"autogrind-digital","status":"publish","type":"product","link":"https:\/\/inelco-grinders.com\/fr\/product\/autogrind-digital\/","title":{"rendered":"AutoGrind Digital"},"content":{"rendered":"\n<p>L\u2019 AutoGrind Digital est un module s\u00e9par\u00e9 pour l\u00b4aff\u00fbtage automatique d\u00b4\u00e9lectrodes tungst\u00e8ne s\u2019int\u00e9grant sur les aff\u00fbteuses d\u2019ateliers, &nbsp;Ultima-TIG<sup>\u00ae<\/sup> et Ultima-TIG<sup>\u00ae<\/sup>-Cut. L\u2019AutoGrind-S Digital est disponible pour l\u2019aff\u00fbteuse Ultima-TIG<sup>\u00ae<\/sup>-S. L\u00b4aff\u00fbtage automatique permet un temps d\u00b4aff\u00fbtage \u00e9court\u00e9 et offre une meilleure solution ergonomique \u00e0 l\u00b4utilisateur pour l\u00b4aff\u00fbtage de nombreuses \u00e9lectrodes. L\u2019AutoGrind Digital permet de r\u00e9gler facilement le temps d\u00b4aff\u00fbtage.<\/p>\n\n\n\n<h4 class=\"wp-block-heading\"><strong><strong>Caract\u00e9ristiques<\/strong><\/strong><\/h4>\n\n\n\n<ul class=\"wp-block-list\">\n<li>Un aff\u00fbtage automatique de l\u00b4\u00e9lectrode assure un r\u00e9sultat pr\u00e9cis et uniforme<\/li>\n\n\n\n<li>Une vitesse de rotation \u00e9lev\u00e9e r\u00e9duit le temps d\u00b4aff\u00fbtage&nbsp;&nbsp;<\/li>\n\n\n\n<li>L\u00b4aff\u00fbteuse s\u00b4\u00e9teint automatiquement, lorsque l\u00b4aff\u00fbtage est effectu\u00e9&nbsp;<\/li>\n\n\n\n<li>L\u00b4utilisateur peut pr\u00e9parer la prochaine \u00e9lectrode pendant le processus d\u00b4aff\u00fbtage<\/li>\n<\/ul>\n\n\n\n<p><\/p>\n","protected":false},"featured_media":1291,"parent":0,"template":"","class_list":["post-1442","product","type-product","status-publish","has-post-thumbnail","hentry"],"acf":[],"yoast_head":"<!-- This site is optimized with the Yoast SEO plugin v27.0 - https:\/\/yoast.com\/product\/yoast-seo-wordpress\/ -->\n<title>AutoGrind Digital | Inelco Grinders<\/title>\n<meta name=\"description\" content=\"AutoGrind Digital est un module compl\u00e9mentaire pour Ultima-TIG. Il assure l\u2019aff\u00fbtage automatique de l\u2019\u00e9lectrode en tungst\u00e8ne. R\u00e9servez une d\u00e9mo gratuite !\" \/>\n<meta name=\"robots\" content=\"index, follow, max-snippet:-1, max-image-preview:large, max-video-preview:-1\" \/>\n<link rel=\"canonical\" href=\"https:\/\/inelco-grinders.com\/fr\/product\/autogrind-digital\/\" \/>\n<meta property=\"og:locale\" content=\"fr_FR\" \/>\n<meta property=\"og:type\" content=\"article\" \/>\n<meta property=\"og:title\" content=\"AutoGrind Digital | Inelco Grinders\" \/>\n<meta property=\"og:description\" content=\"AutoGrind Digital est un module compl\u00e9mentaire pour Ultima-TIG. Il assure l\u2019aff\u00fbtage automatique de l\u2019\u00e9lectrode en tungst\u00e8ne. R\u00e9servez une d\u00e9mo gratuite !\" \/>\n<meta property=\"og:url\" content=\"https:\/\/inelco-grinders.com\/fr\/product\/autogrind-digital\/\" \/>\n<meta property=\"og:site_name\" content=\"Inelco Grinders\" \/>\n<meta property=\"article:publisher\" content=\"https:\/\/www.facebook.com\/inelcogrinders\" \/>\n<meta property=\"article:modified_time\" content=\"2026-03-18T12:12:44+00:00\" \/>\n<meta property=\"og:image\" content=\"https:\/\/inelco-grinders.com\/wp-content\/uploads\/2021\/08\/autogrind-digital-featuredd.png\" \/>\n\t<meta property=\"og:image:width\" content=\"492\" \/>\n\t<meta property=\"og:image:height\" content=\"644\" \/>\n\t<meta property=\"og:image:type\" content=\"image\/png\" \/>\n<meta name=\"twitter:card\" content=\"summary_large_image\" \/>\n<meta name=\"twitter:label1\" content=\"Dur\u00e9e de lecture estim\u00e9e\" \/>\n\t<meta name=\"twitter:data1\" content=\"8 minutes\" \/>\n<!-- \/ Yoast SEO plugin. -->","yoast_head_json":{"title":"AutoGrind Digital | Inelco Grinders","description":"AutoGrind Digital est un module compl\u00e9mentaire pour Ultima-TIG. Il assure l\u2019aff\u00fbtage automatique de l\u2019\u00e9lectrode en tungst\u00e8ne. R\u00e9servez une d\u00e9mo gratuite !","robots":{"index":"index","follow":"follow","max-snippet":"max-snippet:-1","max-image-preview":"max-image-preview:large","max-video-preview":"max-video-preview:-1"},"canonical":"https:\/\/inelco-grinders.com\/fr\/product\/autogrind-digital\/","og_locale":"fr_FR","og_type":"article","og_title":"AutoGrind Digital | Inelco Grinders","og_description":"AutoGrind Digital est un module compl\u00e9mentaire pour Ultima-TIG. Il assure l\u2019aff\u00fbtage automatique de l\u2019\u00e9lectrode en tungst\u00e8ne. R\u00e9servez une d\u00e9mo gratuite !","og_url":"https:\/\/inelco-grinders.com\/fr\/product\/autogrind-digital\/","og_site_name":"Inelco Grinders","article_publisher":"https:\/\/www.facebook.com\/inelcogrinders","article_modified_time":"2026-03-18T12:12:44+00:00","og_image":[{"width":492,"height":644,"url":"https:\/\/inelco-grinders.com\/wp-content\/uploads\/2021\/08\/autogrind-digital-featuredd.png","type":"image\/png"}],"twitter_card":"summary_large_image","twitter_misc":{"Dur\u00e9e de lecture estim\u00e9e":"8 minutes"},"schema":{"@context":"https:\/\/schema.org","@graph":[{"@type":"WebPage","@id":"https:\/\/inelco-grinders.com\/fr\/product\/autogrind-digital\/","url":"https:\/\/inelco-grinders.com\/fr\/product\/autogrind-digital\/","name":"AutoGrind Digital | Inelco Grinders","isPartOf":{"@id":"https:\/\/inelco-grinders.com\/fr\/#website"},"primaryImageOfPage":{"@id":"https:\/\/inelco-grinders.com\/fr\/product\/autogrind-digital\/#primaryimage"},"image":{"@id":"https:\/\/inelco-grinders.com\/fr\/product\/autogrind-digital\/#primaryimage"},"thumbnailUrl":"https:\/\/inelco-grinders.com\/wp-content\/uploads\/2021\/08\/autogrind-digital-featuredd.png","datePublished":"2021-07-01T16:30:04+00:00","dateModified":"2026-03-18T12:12:44+00:00","description":"AutoGrind Digital est un module compl\u00e9mentaire pour Ultima-TIG. Il assure l\u2019aff\u00fbtage automatique de l\u2019\u00e9lectrode en tungst\u00e8ne. R\u00e9servez une d\u00e9mo gratuite !","inLanguage":"fr-FR","potentialAction":[{"@type":"ReadAction","target":["https:\/\/inelco-grinders.com\/fr\/product\/autogrind-digital\/"]}]},{"@type":"ImageObject","inLanguage":"fr-FR","@id":"https:\/\/inelco-grinders.com\/fr\/product\/autogrind-digital\/#primaryimage","url":"https:\/\/inelco-grinders.com\/wp-content\/uploads\/2021\/08\/autogrind-digital-featuredd.png","contentUrl":"https:\/\/inelco-grinders.com\/wp-content\/uploads\/2021\/08\/autogrind-digital-featuredd.png","width":492,"height":644,"caption":"AutoGrind Digital"},{"@type":"WebSite","@id":"https:\/\/inelco-grinders.com\/fr\/#website","url":"https:\/\/inelco-grinders.com\/fr\/","name":"Inelco Grinders","description":"Grind tungsten electrodes safely &amp; economically","publisher":{"@id":"https:\/\/inelco-grinders.com\/fr\/#organization"},"potentialAction":[{"@type":"SearchAction","target":{"@type":"EntryPoint","urlTemplate":"https:\/\/inelco-grinders.com\/fr\/?s={search_term_string}"},"query-input":{"@type":"PropertyValueSpecification","valueRequired":true,"valueName":"search_term_string"}}],"inLanguage":"fr-FR"},{"@type":"Organization","@id":"https:\/\/inelco-grinders.com\/fr\/#organization","name":"Inelco Grinders","url":"https:\/\/inelco-grinders.com\/fr\/","logo":{"@type":"ImageObject","inLanguage":"fr-FR","@id":"https:\/\/inelco-grinders.com\/fr\/#\/schema\/logo\/image\/","url":"https:\/\/inelco-grinders.com\/wp-content\/uploads\/2025\/10\/favicon-196x196-1.png","contentUrl":"https:\/\/inelco-grinders.com\/wp-content\/uploads\/2025\/10\/favicon-196x196-1.png","width":196,"height":196,"caption":"Inelco Grinders"},"image":{"@id":"https:\/\/inelco-grinders.com\/fr\/#\/schema\/logo\/image\/"},"sameAs":["https:\/\/www.facebook.com\/inelcogrinders"]}]}},"_links":{"self":[{"href":"https:\/\/inelco-grinders.com\/fr\/wp-json\/wp\/v2\/product\/1442","targetHints":{"allow":["GET"]}}],"collection":[{"href":"https:\/\/inelco-grinders.com\/fr\/wp-json\/wp\/v2\/product"}],"about":[{"href":"https:\/\/inelco-grinders.com\/fr\/wp-json\/wp\/v2\/types\/product"}],"wp:featuredmedia":[{"embeddable":true,"href":"https:\/\/inelco-grinders.com\/fr\/wp-json\/wp\/v2\/media\/1291"}],"wp:attachment":[{"href":"https:\/\/inelco-grinders.com\/fr\/wp-json\/wp\/v2\/media?parent=1442"}],"curies":[{"name":"wp","href":"https:\/\/api.w.org\/{rel}","templated":true}]}}