{"id":16986,"date":"2026-03-10T09:40:29","date_gmt":"2026-03-10T09:40:29","guid":{"rendered":"https:\/\/inelco-grinders.com\/?post_type=product&#038;p=16986"},"modified":"2026-03-10T10:01:38","modified_gmt":"2026-03-10T10:01:38","slug":"trolley","status":"publish","type":"product","link":"https:\/\/inelco-grinders.com\/fr\/product\/trolley\/","title":{"rendered":"Trolley"},"content":{"rendered":"\n<p>Procurez-vous un chariot pour votre aff\u00fbtage de vos \u00e9l\u00e9ctrodes en tungstene et vos accessoires de soudage.<\/p>\n\n\n\n<p>Gardez vos \u00e9quipements essentiels a portee de main grace a notre chariot. Concu pour transporter votre aff\u00fbteuse de tungstene, le liquide d\u00b4aff\u00fbtage, les pieces de rechange, la cagoule, les electrodes de tungstene et bien plus encore \u2013 tout reuni au meme endroit. Solide, compact et facile a deplacer, ce chariot vous accompagne dans tout l\u2019atelier afin que vous puissiez vous concentrer sur votre aff\u00fbtage plutot que sur la recherche de vos outils.<\/p>\n\n\n\n<h4 class=\"wp-block-heading\">Caract\u00e9ristiques<\/h4>\n\n\n\n<ul class=\"wp-block-list\">\n<li>Emportez tout ce dont vous avez besoin avec vous<\/li>\n\n\n\n<li>Solution mobile et flexible<\/li>\n\n\n\n<li>Facile \u00e0 d\u00e9placer<\/li>\n<\/ul>\n","protected":false},"featured_media":16849,"parent":0,"template":"","class_list":["post-16986","product","type-product","status-publish","has-post-thumbnail","hentry"],"acf":[],"yoast_head":"<!-- This site is optimized with the Yoast SEO plugin v27.0 - https:\/\/yoast.com\/product\/yoast-seo-wordpress\/ -->\n<title>Inelco Grinders&#039; Trolley<\/title>\n<meta name=\"description\" content=\"Procurez-vous un chariot pour votre aff\u00fbtage de vos \u00e9l\u00e9ctrodes en tungstene et vos accessoires de soudage. Gardez vos \u00e9quipements essentiels a portee de\" \/>\n<meta name=\"robots\" content=\"index, follow, max-snippet:-1, max-image-preview:large, max-video-preview:-1\" \/>\n<link rel=\"canonical\" href=\"https:\/\/inelco-grinders.com\/fr\/product\/trolley\/\" \/>\n<meta property=\"og:locale\" content=\"fr_FR\" \/>\n<meta property=\"og:type\" content=\"article\" \/>\n<meta property=\"og:title\" content=\"Inelco Grinders&#039; Trolley\" \/>\n<meta property=\"og:description\" content=\"Procurez-vous un chariot pour votre aff\u00fbtage de vos \u00e9l\u00e9ctrodes en tungstene et vos accessoires de soudage. Gardez vos \u00e9quipements essentiels a portee de\" \/>\n<meta property=\"og:url\" content=\"https:\/\/inelco-grinders.com\/fr\/product\/trolley\/\" \/>\n<meta property=\"og:site_name\" content=\"Inelco Grinders\" \/>\n<meta property=\"article:publisher\" content=\"https:\/\/www.facebook.com\/inelcogrinders\" \/>\n<meta property=\"article:modified_time\" content=\"2026-03-10T10:01:38+00:00\" \/>\n<meta property=\"og:image\" content=\"https:\/\/inelco-grinders.com\/wp-content\/uploads\/2026\/02\/trolley_t_img1.jpg\" \/>\n\t<meta property=\"og:image:width\" content=\"288\" \/>\n\t<meta property=\"og:image:height\" content=\"234\" \/>\n\t<meta property=\"og:image:type\" content=\"image\/jpeg\" \/>\n<meta name=\"twitter:card\" content=\"summary_large_image\" \/>\n<meta name=\"twitter:label1\" content=\"Dur\u00e9e de lecture estim\u00e9e\" \/>\n\t<meta name=\"twitter:data1\" content=\"5 minutes\" \/>\n<!-- \/ Yoast SEO plugin. -->","yoast_head_json":{"title":"Inelco Grinders' Trolley","description":"Procurez-vous un chariot pour votre aff\u00fbtage de vos \u00e9l\u00e9ctrodes en tungstene et vos accessoires de soudage. Gardez vos \u00e9quipements essentiels a portee de","robots":{"index":"index","follow":"follow","max-snippet":"max-snippet:-1","max-image-preview":"max-image-preview:large","max-video-preview":"max-video-preview:-1"},"canonical":"https:\/\/inelco-grinders.com\/fr\/product\/trolley\/","og_locale":"fr_FR","og_type":"article","og_title":"Inelco Grinders' Trolley","og_description":"Procurez-vous un chariot pour votre aff\u00fbtage de vos \u00e9l\u00e9ctrodes en tungstene et vos accessoires de soudage. Gardez vos \u00e9quipements essentiels a portee de","og_url":"https:\/\/inelco-grinders.com\/fr\/product\/trolley\/","og_site_name":"Inelco Grinders","article_publisher":"https:\/\/www.facebook.com\/inelcogrinders","article_modified_time":"2026-03-10T10:01:38+00:00","og_image":[{"width":288,"height":234,"url":"https:\/\/inelco-grinders.com\/wp-content\/uploads\/2026\/02\/trolley_t_img1.jpg","type":"image\/jpeg"}],"twitter_card":"summary_large_image","twitter_misc":{"Dur\u00e9e de lecture estim\u00e9e":"5 minutes"},"schema":{"@context":"https:\/\/schema.org","@graph":[{"@type":"WebPage","@id":"https:\/\/inelco-grinders.com\/fr\/product\/trolley\/","url":"https:\/\/inelco-grinders.com\/fr\/product\/trolley\/","name":"Inelco Grinders' Trolley","isPartOf":{"@id":"https:\/\/inelco-grinders.com\/fr\/#website"},"primaryImageOfPage":{"@id":"https:\/\/inelco-grinders.com\/fr\/product\/trolley\/#primaryimage"},"image":{"@id":"https:\/\/inelco-grinders.com\/fr\/product\/trolley\/#primaryimage"},"thumbnailUrl":"https:\/\/inelco-grinders.com\/wp-content\/uploads\/2026\/02\/trolley_t_img1.jpg","datePublished":"2026-03-10T09:40:29+00:00","dateModified":"2026-03-10T10:01:38+00:00","description":"Procurez-vous un chariot pour votre aff\u00fbtage de vos \u00e9l\u00e9ctrodes en tungstene et vos accessoires de soudage. Gardez vos \u00e9quipements essentiels a portee de","inLanguage":"fr-FR","potentialAction":[{"@type":"ReadAction","target":["https:\/\/inelco-grinders.com\/fr\/product\/trolley\/"]}]},{"@type":"ImageObject","inLanguage":"fr-FR","@id":"https:\/\/inelco-grinders.com\/fr\/product\/trolley\/#primaryimage","url":"https:\/\/inelco-grinders.com\/wp-content\/uploads\/2026\/02\/trolley_t_img1.jpg","contentUrl":"https:\/\/inelco-grinders.com\/wp-content\/uploads\/2026\/02\/trolley_t_img1.jpg","width":288,"height":234},{"@type":"WebSite","@id":"https:\/\/inelco-grinders.com\/fr\/#website","url":"https:\/\/inelco-grinders.com\/fr\/","name":"Inelco Grinders","description":"Grind tungsten electrodes safely &amp; economically","publisher":{"@id":"https:\/\/inelco-grinders.com\/fr\/#organization"},"potentialAction":[{"@type":"SearchAction","target":{"@type":"EntryPoint","urlTemplate":"https:\/\/inelco-grinders.com\/fr\/?s={search_term_string}"},"query-input":{"@type":"PropertyValueSpecification","valueRequired":true,"valueName":"search_term_string"}}],"inLanguage":"fr-FR"},{"@type":"Organization","@id":"https:\/\/inelco-grinders.com\/fr\/#organization","name":"Inelco Grinders","url":"https:\/\/inelco-grinders.com\/fr\/","logo":{"@type":"ImageObject","inLanguage":"fr-FR","@id":"https:\/\/inelco-grinders.com\/fr\/#\/schema\/logo\/image\/","url":"https:\/\/inelco-grinders.com\/wp-content\/uploads\/2025\/10\/favicon-196x196-1.png","contentUrl":"https:\/\/inelco-grinders.com\/wp-content\/uploads\/2025\/10\/favicon-196x196-1.png","width":196,"height":196,"caption":"Inelco Grinders"},"image":{"@id":"https:\/\/inelco-grinders.com\/fr\/#\/schema\/logo\/image\/"},"sameAs":["https:\/\/www.facebook.com\/inelcogrinders"]}]}},"_links":{"self":[{"href":"https:\/\/inelco-grinders.com\/fr\/wp-json\/wp\/v2\/product\/16986","targetHints":{"allow":["GET"]}}],"collection":[{"href":"https:\/\/inelco-grinders.com\/fr\/wp-json\/wp\/v2\/product"}],"about":[{"href":"https:\/\/inelco-grinders.com\/fr\/wp-json\/wp\/v2\/types\/product"}],"wp:featuredmedia":[{"embeddable":true,"href":"https:\/\/inelco-grinders.com\/fr\/wp-json\/wp\/v2\/media\/16849"}],"wp:attachment":[{"href":"https:\/\/inelco-grinders.com\/fr\/wp-json\/wp\/v2\/media?parent=16986"}],"curies":[{"name":"wp","href":"https:\/\/api.w.org\/{rel}","templated":true}]}}