{"id":1324,"date":"2021-08-10T08:46:51","date_gmt":"2021-08-10T08:46:51","guid":{"rendered":"https:\/\/inelcogrinders.wpengine.com\/parts-for-ultima-tig-s\/"},"modified":"2026-03-12T14:41:48","modified_gmt":"2026-03-12T14:41:48","slug":"parts-for-ultima-tig-s","status":"publish","type":"page","link":"https:\/\/inelco-grinders.com\/pt-pt\/parts-for-ultima-tig-s\/","title":{"rendered":"Pe\u00e7as para o Ultima-TIG<sup>\u00ae<\/sup>-S"},"content":{"rendered":"\n<p>Aqui encontrar\u00e1 v\u00e1rias pe\u00e7as e acess\u00f3rios para o nosso afiador Ultima-TIG<sup>\u00ae<\/sup>-S, entretanto caso esteja a procurar algo que n\u00e3o se encontra nesta p\u00e1gina, <a href=\"https:\/\/inelco-grinders.com\/contact\/\">entre em contato connosco<\/a> para a sua encomenda.<\/p>\n","protected":false},"excerpt":{"rendered":"<p>Aqui encontrar\u00e1 v\u00e1rias pe\u00e7as e acess\u00f3rios para o nosso afiador Ultima-TIG\u00ae-S, entretanto caso esteja a procurar algo que n\u00e3o se encontra nesta p\u00e1gina, entre em contato connosco para a sua encomenda.<\/p>\n","protected":false},"author":1,"featured_media":0,"parent":0,"menu_order":18,"comment_status":"closed","ping_status":"closed","template":"parts-template.php","meta":{"_acf_changed":false,"inline_featured_image":false,"footnotes":""},"class_list":["post-1324","page","type-page","status-publish","hentry"],"acf":[],"yoast_head":"<!-- This site is optimized with the Yoast SEO plugin v27.0 - https:\/\/yoast.com\/product\/yoast-seo-wordpress\/ -->\n<title>Pe\u00e7as e Acess\u00f3rios Ultima-TIG-S | Inelco Grinders<\/title>\n<meta name=\"description\" content=\"Encontre pe\u00e7as e acess\u00f3rios para o afiador Ultima-TIG-S. Descubra discos de diamante, suportes de el\u00e9trodos e consum\u00edveis da Inelco.\" \/>\n<meta name=\"robots\" content=\"index, follow, max-snippet:-1, max-image-preview:large, max-video-preview:-1\" \/>\n<link rel=\"canonical\" href=\"https:\/\/inelco-grinders.com\/pt-pt\/parts-for-ultima-tig-s\/\" \/>\n<meta property=\"og:locale\" content=\"pt_PT\" \/>\n<meta property=\"og:type\" content=\"article\" \/>\n<meta property=\"og:title\" content=\"Pe\u00e7as e Acess\u00f3rios Ultima-TIG-S | Inelco Grinders\" \/>\n<meta property=\"og:description\" content=\"Encontre pe\u00e7as e acess\u00f3rios para o afiador Ultima-TIG-S. Descubra discos de diamante, suportes de el\u00e9trodos e consum\u00edveis da Inelco.\" \/>\n<meta property=\"og:url\" content=\"https:\/\/inelco-grinders.com\/pt-pt\/parts-for-ultima-tig-s\/\" \/>\n<meta property=\"og:site_name\" content=\"Inelco Grinders\" \/>\n<meta property=\"article:publisher\" content=\"https:\/\/www.facebook.com\/inelcogrinders\" \/>\n<meta property=\"article:modified_time\" content=\"2026-03-12T14:41:48+00:00\" \/>\n<meta property=\"og:image\" content=\"https:\/\/inelco-grinders.com\/wp-content\/uploads\/2025\/10\/default_media_image.jpg\" \/>\n\t<meta property=\"og:image:width\" content=\"1200\" \/>\n\t<meta property=\"og:image:height\" content=\"675\" \/>\n\t<meta property=\"og:image:type\" content=\"image\/jpeg\" \/>\n<meta name=\"twitter:card\" content=\"summary_large_image\" \/>\n<meta name=\"twitter:label1\" content=\"Tempo estimado de leitura\" \/>\n\t<meta name=\"twitter:data1\" content=\"1 minuto\" \/>\n<!-- \/ Yoast SEO plugin. -->","yoast_head_json":{"title":"Pe\u00e7as e Acess\u00f3rios Ultima-TIG-S | Inelco Grinders","description":"Encontre pe\u00e7as e acess\u00f3rios para o afiador Ultima-TIG-S. Descubra discos de diamante, suportes de el\u00e9trodos e consum\u00edveis da Inelco.","robots":{"index":"index","follow":"follow","max-snippet":"max-snippet:-1","max-image-preview":"max-image-preview:large","max-video-preview":"max-video-preview:-1"},"canonical":"https:\/\/inelco-grinders.com\/pt-pt\/parts-for-ultima-tig-s\/","og_locale":"pt_PT","og_type":"article","og_title":"Pe\u00e7as e Acess\u00f3rios Ultima-TIG-S | Inelco Grinders","og_description":"Encontre pe\u00e7as e acess\u00f3rios para o afiador Ultima-TIG-S. Descubra discos de diamante, suportes de el\u00e9trodos e consum\u00edveis da Inelco.","og_url":"https:\/\/inelco-grinders.com\/pt-pt\/parts-for-ultima-tig-s\/","og_site_name":"Inelco Grinders","article_publisher":"https:\/\/www.facebook.com\/inelcogrinders","article_modified_time":"2026-03-12T14:41:48+00:00","og_image":[{"width":1200,"height":675,"url":"https:\/\/inelco-grinders.com\/wp-content\/uploads\/2025\/10\/default_media_image.jpg","type":"image\/jpeg"}],"twitter_card":"summary_large_image","twitter_misc":{"Tempo estimado de leitura":"1 minuto"},"schema":{"@context":"https:\/\/schema.org","@graph":[{"@type":"WebPage","@id":"https:\/\/inelco-grinders.com\/pt-pt\/parts-for-ultima-tig-s\/","url":"https:\/\/inelco-grinders.com\/pt-pt\/parts-for-ultima-tig-s\/","name":"Pe\u00e7as e Acess\u00f3rios Ultima-TIG-S | Inelco Grinders","isPartOf":{"@id":"https:\/\/inelco-grinders.com\/pt-pt\/#website"},"datePublished":"2021-08-10T08:46:51+00:00","dateModified":"2026-03-12T14:41:48+00:00","description":"Encontre pe\u00e7as e acess\u00f3rios para o afiador Ultima-TIG-S. Descubra discos de diamante, suportes de el\u00e9trodos e consum\u00edveis da Inelco.","inLanguage":"pt-PT","potentialAction":[{"@type":"ReadAction","target":["https:\/\/inelco-grinders.com\/pt-pt\/parts-for-ultima-tig-s\/"]}]},{"@type":"WebSite","@id":"https:\/\/inelco-grinders.com\/pt-pt\/#website","url":"https:\/\/inelco-grinders.com\/pt-pt\/","name":"Inelco Grinders","description":"Grind tungsten electrodes safely &amp; economically","publisher":{"@id":"https:\/\/inelco-grinders.com\/pt-pt\/#organization"},"potentialAction":[{"@type":"SearchAction","target":{"@type":"EntryPoint","urlTemplate":"https:\/\/inelco-grinders.com\/pt-pt\/?s={search_term_string}"},"query-input":{"@type":"PropertyValueSpecification","valueRequired":true,"valueName":"search_term_string"}}],"inLanguage":"pt-PT"},{"@type":"Organization","@id":"https:\/\/inelco-grinders.com\/pt-pt\/#organization","name":"Inelco Grinders","url":"https:\/\/inelco-grinders.com\/pt-pt\/","logo":{"@type":"ImageObject","inLanguage":"pt-PT","@id":"https:\/\/inelco-grinders.com\/pt-pt\/#\/schema\/logo\/image\/","url":"https:\/\/inelco-grinders.com\/wp-content\/uploads\/2025\/10\/favicon-196x196-1.png","contentUrl":"https:\/\/inelco-grinders.com\/wp-content\/uploads\/2025\/10\/favicon-196x196-1.png","width":196,"height":196,"caption":"Inelco Grinders"},"image":{"@id":"https:\/\/inelco-grinders.com\/pt-pt\/#\/schema\/logo\/image\/"},"sameAs":["https:\/\/www.facebook.com\/inelcogrinders"]}]}},"featured_image_src":null,"featured_image_src_square":null,"_links":{"self":[{"href":"https:\/\/inelco-grinders.com\/pt-pt\/wp-json\/wp\/v2\/pages\/1324","targetHints":{"allow":["GET"]}}],"collection":[{"href":"https:\/\/inelco-grinders.com\/pt-pt\/wp-json\/wp\/v2\/pages"}],"about":[{"href":"https:\/\/inelco-grinders.com\/pt-pt\/wp-json\/wp\/v2\/types\/page"}],"author":[{"embeddable":true,"href":"https:\/\/inelco-grinders.com\/pt-pt\/wp-json\/wp\/v2\/users\/1"}],"replies":[{"embeddable":true,"href":"https:\/\/inelco-grinders.com\/pt-pt\/wp-json\/wp\/v2\/comments?post=1324"}],"version-history":[{"count":0,"href":"https:\/\/inelco-grinders.com\/pt-pt\/wp-json\/wp\/v2\/pages\/1324\/revisions"}],"wp:attachment":[{"href":"https:\/\/inelco-grinders.com\/pt-pt\/wp-json\/wp\/v2\/media?parent=1324"}],"curies":[{"name":"wp","href":"https:\/\/api.w.org\/{rel}","templated":true}]}}