{"id":1359,"date":"2021-07-16T06:11:31","date_gmt":"2021-07-16T06:11:31","guid":{"rendered":"https:\/\/inelcogrinders.wpengine.com\/robot-automated-welding\/"},"modified":"2026-03-12T14:41:43","modified_gmt":"2026-03-12T14:41:43","slug":"robot-automated-welding","status":"publish","type":"page","link":"https:\/\/inelco-grinders.com\/pt-pt\/applications\/robot-automated-welding\/","title":{"rendered":"Soldadura com rob\u00f4 \/ automatizada"},"content":{"rendered":"","protected":false},"excerpt":{"rendered":"","protected":false},"author":1,"featured_media":8264,"parent":1399,"menu_order":2,"comment_status":"closed","ping_status":"closed","template":"","meta":{"_acf_changed":true,"inline_featured_image":false,"footnotes":""},"class_list":["post-1359","page","type-page","status-publish","has-post-thumbnail","hentry"],"acf":[],"yoast_head":"<!-- This site is optimized with the Yoast SEO plugin v27.0 - https:\/\/yoast.com\/product\/yoast-seo-wordpress\/ -->\n<title>Soldadura robotizada | Afia\u00e7\u00e3o tungst\u00e9nio Inelco<\/title>\n<meta name=\"description\" content=\"Melhore a soldadura TIG robotizada com afia\u00e7\u00e3o precisa de el\u00e9trodos de tungst\u00e9nio. \u00c2ngulo constante, arco est\u00e1vel e qualidade.\" \/>\n<meta name=\"robots\" content=\"index, follow, max-snippet:-1, max-image-preview:large, max-video-preview:-1\" \/>\n<link rel=\"canonical\" href=\"https:\/\/inelco-grinders.com\/pt-pt\/applications\/robot-automated-welding\/\" \/>\n<meta property=\"og:locale\" content=\"pt_PT\" \/>\n<meta property=\"og:type\" content=\"article\" \/>\n<meta property=\"og:title\" content=\"Soldadura robotizada | Afia\u00e7\u00e3o tungst\u00e9nio Inelco\" \/>\n<meta property=\"og:description\" content=\"Melhore a soldadura TIG robotizada com afia\u00e7\u00e3o precisa de el\u00e9trodos de tungst\u00e9nio. \u00c2ngulo constante, arco est\u00e1vel e qualidade.\" \/>\n<meta property=\"og:url\" content=\"https:\/\/inelco-grinders.com\/pt-pt\/applications\/robot-automated-welding\/\" \/>\n<meta property=\"og:site_name\" content=\"Inelco Grinders\" \/>\n<meta property=\"article:publisher\" content=\"https:\/\/www.facebook.com\/inelcogrinders\" \/>\n<meta property=\"article:modified_time\" content=\"2026-03-12T14:41:43+00:00\" \/>\n<meta property=\"og:image\" content=\"https:\/\/inelco-grinders.com\/wp-content\/uploads\/2021\/09\/Robot-Automated-welding.jpg\" \/>\n\t<meta property=\"og:image:width\" content=\"586\" \/>\n\t<meta property=\"og:image:height\" content=\"382\" \/>\n\t<meta property=\"og:image:type\" content=\"image\/jpeg\" \/>\n<meta name=\"twitter:card\" content=\"summary_large_image\" \/>\n<meta name=\"twitter:label1\" content=\"Tempo estimado de leitura\" \/>\n\t<meta name=\"twitter:data1\" content=\"5 minutos\" \/>\n<!-- \/ Yoast SEO plugin. -->","yoast_head_json":{"title":"Soldadura robotizada | Afia\u00e7\u00e3o tungst\u00e9nio Inelco","description":"Melhore a soldadura TIG robotizada com afia\u00e7\u00e3o precisa de el\u00e9trodos de tungst\u00e9nio. \u00c2ngulo constante, arco est\u00e1vel e qualidade.","robots":{"index":"index","follow":"follow","max-snippet":"max-snippet:-1","max-image-preview":"max-image-preview:large","max-video-preview":"max-video-preview:-1"},"canonical":"https:\/\/inelco-grinders.com\/pt-pt\/applications\/robot-automated-welding\/","og_locale":"pt_PT","og_type":"article","og_title":"Soldadura robotizada | Afia\u00e7\u00e3o tungst\u00e9nio Inelco","og_description":"Melhore a soldadura TIG robotizada com afia\u00e7\u00e3o precisa de el\u00e9trodos de tungst\u00e9nio. \u00c2ngulo constante, arco est\u00e1vel e qualidade.","og_url":"https:\/\/inelco-grinders.com\/pt-pt\/applications\/robot-automated-welding\/","og_site_name":"Inelco Grinders","article_publisher":"https:\/\/www.facebook.com\/inelcogrinders","article_modified_time":"2026-03-12T14:41:43+00:00","og_image":[{"width":586,"height":382,"url":"https:\/\/inelco-grinders.com\/wp-content\/uploads\/2021\/09\/Robot-Automated-welding.jpg","type":"image\/jpeg"}],"twitter_card":"summary_large_image","twitter_misc":{"Tempo estimado de leitura":"5 minutos"},"schema":{"@context":"https:\/\/schema.org","@graph":[{"@type":"WebPage","@id":"https:\/\/inelco-grinders.com\/pt-pt\/applications\/robot-automated-welding\/","url":"https:\/\/inelco-grinders.com\/pt-pt\/applications\/robot-automated-welding\/","name":"Soldadura robotizada | Afia\u00e7\u00e3o tungst\u00e9nio Inelco","isPartOf":{"@id":"https:\/\/inelco-grinders.com\/pt-pt\/#website"},"primaryImageOfPage":{"@id":"https:\/\/inelco-grinders.com\/pt-pt\/applications\/robot-automated-welding\/#primaryimage"},"image":{"@id":"https:\/\/inelco-grinders.com\/pt-pt\/applications\/robot-automated-welding\/#primaryimage"},"thumbnailUrl":"https:\/\/inelco-grinders.com\/wp-content\/uploads\/2021\/09\/Robot-Automated-welding.jpg","datePublished":"2021-07-16T06:11:31+00:00","dateModified":"2026-03-12T14:41:43+00:00","description":"Melhore a soldadura TIG robotizada com afia\u00e7\u00e3o precisa de el\u00e9trodos de tungst\u00e9nio. \u00c2ngulo constante, arco est\u00e1vel e qualidade.","breadcrumb":{"@id":"https:\/\/inelco-grinders.com\/pt-pt\/applications\/robot-automated-welding\/#breadcrumb"},"inLanguage":"pt-PT","potentialAction":[{"@type":"ReadAction","target":["https:\/\/inelco-grinders.com\/pt-pt\/applications\/robot-automated-welding\/"]}]},{"@type":"ImageObject","inLanguage":"pt-PT","@id":"https:\/\/inelco-grinders.com\/pt-pt\/applications\/robot-automated-welding\/#primaryimage","url":"https:\/\/inelco-grinders.com\/wp-content\/uploads\/2021\/09\/Robot-Automated-welding.jpg","contentUrl":"https:\/\/inelco-grinders.com\/wp-content\/uploads\/2021\/09\/Robot-Automated-welding.jpg","width":586,"height":382,"caption":"Automated robot welding"},{"@type":"BreadcrumbList","@id":"https:\/\/inelco-grinders.com\/pt-pt\/applications\/robot-automated-welding\/#breadcrumb","itemListElement":[{"@type":"ListItem","position":1,"name":"Aplica\u00e7\u00f5es","item":"https:\/\/inelco-grinders.com\/pt-pt\/applications\/"},{"@type":"ListItem","position":2,"name":"Soldadura com rob\u00f4 \/ automatizada"}]},{"@type":"WebSite","@id":"https:\/\/inelco-grinders.com\/pt-pt\/#website","url":"https:\/\/inelco-grinders.com\/pt-pt\/","name":"Inelco Grinders","description":"Grind tungsten electrodes safely &amp; economically","publisher":{"@id":"https:\/\/inelco-grinders.com\/pt-pt\/#organization"},"potentialAction":[{"@type":"SearchAction","target":{"@type":"EntryPoint","urlTemplate":"https:\/\/inelco-grinders.com\/pt-pt\/?s={search_term_string}"},"query-input":{"@type":"PropertyValueSpecification","valueRequired":true,"valueName":"search_term_string"}}],"inLanguage":"pt-PT"},{"@type":"Organization","@id":"https:\/\/inelco-grinders.com\/pt-pt\/#organization","name":"Inelco Grinders","url":"https:\/\/inelco-grinders.com\/pt-pt\/","logo":{"@type":"ImageObject","inLanguage":"pt-PT","@id":"https:\/\/inelco-grinders.com\/pt-pt\/#\/schema\/logo\/image\/","url":"https:\/\/inelco-grinders.com\/wp-content\/uploads\/2025\/10\/favicon-196x196-1.png","contentUrl":"https:\/\/inelco-grinders.com\/wp-content\/uploads\/2025\/10\/favicon-196x196-1.png","width":196,"height":196,"caption":"Inelco Grinders"},"image":{"@id":"https:\/\/inelco-grinders.com\/pt-pt\/#\/schema\/logo\/image\/"},"sameAs":["https:\/\/www.facebook.com\/inelcogrinders"]}]}},"featured_image_src":"https:\/\/inelco-grinders.com\/wp-content\/uploads\/2021\/09\/Robot-Automated-welding.jpg","featured_image_src_square":"https:\/\/inelco-grinders.com\/wp-content\/uploads\/2021\/09\/Robot-Automated-welding.jpg","_links":{"self":[{"href":"https:\/\/inelco-grinders.com\/pt-pt\/wp-json\/wp\/v2\/pages\/1359","targetHints":{"allow":["GET"]}}],"collection":[{"href":"https:\/\/inelco-grinders.com\/pt-pt\/wp-json\/wp\/v2\/pages"}],"about":[{"href":"https:\/\/inelco-grinders.com\/pt-pt\/wp-json\/wp\/v2\/types\/page"}],"author":[{"embeddable":true,"href":"https:\/\/inelco-grinders.com\/pt-pt\/wp-json\/wp\/v2\/users\/1"}],"replies":[{"embeddable":true,"href":"https:\/\/inelco-grinders.com\/pt-pt\/wp-json\/wp\/v2\/comments?post=1359"}],"version-history":[{"count":0,"href":"https:\/\/inelco-grinders.com\/pt-pt\/wp-json\/wp\/v2\/pages\/1359\/revisions"}],"up":[{"embeddable":true,"href":"https:\/\/inelco-grinders.com\/pt-pt\/wp-json\/wp\/v2\/pages\/1399"}],"wp:featuredmedia":[{"embeddable":true,"href":"https:\/\/inelco-grinders.com\/pt-pt\/wp-json\/wp\/v2\/media\/8264"}],"wp:attachment":[{"href":"https:\/\/inelco-grinders.com\/pt-pt\/wp-json\/wp\/v2\/media?parent=1359"}],"curies":[{"name":"wp","href":"https:\/\/api.w.org\/{rel}","templated":true}]}}