{"id":1409,"date":"2021-07-08T10:58:07","date_gmt":"2021-07-08T10:58:07","guid":{"rendered":"https:\/\/inelcogrinders.wpengine.com\/product\/ep770-grinding-fluid\/"},"modified":"2025-05-14T06:19:46","modified_gmt":"2025-05-14T06:19:46","slug":"ep770-grinding-fluid","status":"publish","type":"product","link":"https:\/\/inelco-grinders.com\/pt-pt\/product\/ep770-grinding-fluid\/","title":{"rendered":"EP770 \u2013 L\u00edquido abrasivo"},"content":{"rendered":"\n<p>O nosso l\u00edquido abrasivo foi desenvolvido especificamente para os nossos afiadores por via h\u00famida \u2013 Ultima-TIG<sup>\u00ae<\/sup>, Ultima-TIG<sup>\u00ae<\/sup>-Cut, Ultima-TIG<sup>\u00ae<\/sup>&#8211; S e Neutra; arrefece e lubrifica o processo de afia\u00e7\u00e3o para assegurar condi\u00e7\u00f5es \u00f3timas para afia\u00e7\u00e3o.<\/p>\n\n\n\n<h4 class=\"wp-block-heading\"><strong>Caracter\u00edsticas relevantes<\/strong><\/h4>\n\n\n\n<ul class=\"wp-block-list\"><li>Protege todos os componentes da c\u00e2mara de afia\u00e7\u00e3o contra a corros\u00e3o.<\/li><li>Tem um efeito de arrefecimento quer no disco de diamante quer no el\u00e9trodo, durante as opera\u00e7\u00f5es de afia\u00e7\u00e3o.<\/li><li>Melhora os resultados porque mant\u00e9m os el\u00e9trodos mais afiados.<\/li><li>Pode ser armazenado fechado por pelo menos 6 meses e 1 m\u00eas se aberto.<\/li><\/ul>\n","protected":false},"featured_media":838,"parent":0,"template":"","class_list":["post-1409","product","type-product","status-publish","has-post-thumbnail","hentry"],"acf":[],"yoast_head":"<!-- This site is optimized with the Yoast SEO plugin v27.0 - https:\/\/yoast.com\/product\/yoast-seo-wordpress\/ -->\n<title>EP770 \u2013 L\u00edquido abrasivo | Inelco Grinders<\/title>\n<meta name=\"description\" content=\"O nosso l\u00edquido abrasivo foi desenvolvido especificamente para os nossos afiadores por via h\u00famida \u2013 Ultima-TIG\u00ae, Ultima-TIG\u00ae-Cut, Ultima-TIG\u00ae- S e Neutra;\" \/>\n<meta name=\"robots\" content=\"index, follow, max-snippet:-1, max-image-preview:large, max-video-preview:-1\" \/>\n<link rel=\"canonical\" href=\"https:\/\/inelco-grinders.com\/pt-pt\/product\/ep770-grinding-fluid\/\" \/>\n<meta property=\"og:locale\" content=\"pt_PT\" \/>\n<meta property=\"og:type\" content=\"article\" \/>\n<meta property=\"og:title\" content=\"EP770 \u2013 L\u00edquido abrasivo | Inelco Grinders\" \/>\n<meta property=\"og:description\" content=\"O nosso l\u00edquido abrasivo foi desenvolvido especificamente para os nossos afiadores por via h\u00famida \u2013 Ultima-TIG\u00ae, Ultima-TIG\u00ae-Cut, Ultima-TIG\u00ae- S e Neutra;\" \/>\n<meta property=\"og:url\" content=\"https:\/\/inelco-grinders.com\/pt-pt\/product\/ep770-grinding-fluid\/\" \/>\n<meta property=\"og:site_name\" content=\"Inelco Grinders\" \/>\n<meta property=\"article:publisher\" content=\"https:\/\/www.facebook.com\/inelcogrinders\" \/>\n<meta property=\"article:modified_time\" content=\"2025-05-14T06:19:46+00:00\" \/>\n<meta property=\"og:image\" content=\"https:\/\/inelco-grinders.com\/wp-content\/uploads\/2021\/07\/grinding-liquid-1.png\" \/>\n\t<meta property=\"og:image:width\" content=\"246\" \/>\n\t<meta property=\"og:image:height\" content=\"343\" \/>\n\t<meta property=\"og:image:type\" content=\"image\/png\" \/>\n<meta name=\"twitter:card\" content=\"summary_large_image\" \/>\n<meta name=\"twitter:label1\" content=\"Tempo estimado de leitura\" \/>\n\t<meta name=\"twitter:data1\" content=\"5 minutos\" \/>\n<!-- \/ Yoast SEO plugin. -->","yoast_head_json":{"title":"EP770 \u2013 L\u00edquido abrasivo | Inelco Grinders","description":"O nosso l\u00edquido abrasivo foi desenvolvido especificamente para os nossos afiadores por via h\u00famida \u2013 Ultima-TIG\u00ae, Ultima-TIG\u00ae-Cut, Ultima-TIG\u00ae- S e Neutra;","robots":{"index":"index","follow":"follow","max-snippet":"max-snippet:-1","max-image-preview":"max-image-preview:large","max-video-preview":"max-video-preview:-1"},"canonical":"https:\/\/inelco-grinders.com\/pt-pt\/product\/ep770-grinding-fluid\/","og_locale":"pt_PT","og_type":"article","og_title":"EP770 \u2013 L\u00edquido abrasivo | Inelco Grinders","og_description":"O nosso l\u00edquido abrasivo foi desenvolvido especificamente para os nossos afiadores por via h\u00famida \u2013 Ultima-TIG\u00ae, Ultima-TIG\u00ae-Cut, Ultima-TIG\u00ae- S e Neutra;","og_url":"https:\/\/inelco-grinders.com\/pt-pt\/product\/ep770-grinding-fluid\/","og_site_name":"Inelco Grinders","article_publisher":"https:\/\/www.facebook.com\/inelcogrinders","article_modified_time":"2025-05-14T06:19:46+00:00","og_image":[{"width":246,"height":343,"url":"https:\/\/inelco-grinders.com\/wp-content\/uploads\/2021\/07\/grinding-liquid-1.png","type":"image\/png"}],"twitter_card":"summary_large_image","twitter_misc":{"Tempo estimado de leitura":"5 minutos"},"schema":{"@context":"https:\/\/schema.org","@graph":[{"@type":"WebPage","@id":"https:\/\/inelco-grinders.com\/pt-pt\/product\/ep770-grinding-fluid\/","url":"https:\/\/inelco-grinders.com\/pt-pt\/product\/ep770-grinding-fluid\/","name":"EP770 \u2013 L\u00edquido abrasivo | Inelco Grinders","isPartOf":{"@id":"https:\/\/inelco-grinders.com\/pt-pt\/#website"},"primaryImageOfPage":{"@id":"https:\/\/inelco-grinders.com\/pt-pt\/product\/ep770-grinding-fluid\/#primaryimage"},"image":{"@id":"https:\/\/inelco-grinders.com\/pt-pt\/product\/ep770-grinding-fluid\/#primaryimage"},"thumbnailUrl":"https:\/\/inelco-grinders.com\/wp-content\/uploads\/2021\/07\/grinding-liquid-1.png","datePublished":"2021-07-08T10:58:07+00:00","dateModified":"2025-05-14T06:19:46+00:00","description":"O nosso l\u00edquido abrasivo foi desenvolvido especificamente para os nossos afiadores por via h\u00famida \u2013 Ultima-TIG\u00ae, Ultima-TIG\u00ae-Cut, Ultima-TIG\u00ae- S e Neutra;","inLanguage":"pt-PT","potentialAction":[{"@type":"ReadAction","target":["https:\/\/inelco-grinders.com\/pt-pt\/product\/ep770-grinding-fluid\/"]}]},{"@type":"ImageObject","inLanguage":"pt-PT","@id":"https:\/\/inelco-grinders.com\/pt-pt\/product\/ep770-grinding-fluid\/#primaryimage","url":"https:\/\/inelco-grinders.com\/wp-content\/uploads\/2021\/07\/grinding-liquid-1.png","contentUrl":"https:\/\/inelco-grinders.com\/wp-content\/uploads\/2021\/07\/grinding-liquid-1.png","width":246,"height":343},{"@type":"WebSite","@id":"https:\/\/inelco-grinders.com\/pt-pt\/#website","url":"https:\/\/inelco-grinders.com\/pt-pt\/","name":"Inelco Grinders","description":"Grind tungsten electrodes safely &amp; economically","publisher":{"@id":"https:\/\/inelco-grinders.com\/pt-pt\/#organization"},"potentialAction":[{"@type":"SearchAction","target":{"@type":"EntryPoint","urlTemplate":"https:\/\/inelco-grinders.com\/pt-pt\/?s={search_term_string}"},"query-input":{"@type":"PropertyValueSpecification","valueRequired":true,"valueName":"search_term_string"}}],"inLanguage":"pt-PT"},{"@type":"Organization","@id":"https:\/\/inelco-grinders.com\/pt-pt\/#organization","name":"Inelco Grinders","url":"https:\/\/inelco-grinders.com\/pt-pt\/","logo":{"@type":"ImageObject","inLanguage":"pt-PT","@id":"https:\/\/inelco-grinders.com\/pt-pt\/#\/schema\/logo\/image\/","url":"https:\/\/inelco-grinders.com\/wp-content\/uploads\/2025\/10\/favicon-196x196-1.png","contentUrl":"https:\/\/inelco-grinders.com\/wp-content\/uploads\/2025\/10\/favicon-196x196-1.png","width":196,"height":196,"caption":"Inelco Grinders"},"image":{"@id":"https:\/\/inelco-grinders.com\/pt-pt\/#\/schema\/logo\/image\/"},"sameAs":["https:\/\/www.facebook.com\/inelcogrinders"]}]}},"_links":{"self":[{"href":"https:\/\/inelco-grinders.com\/pt-pt\/wp-json\/wp\/v2\/product\/1409","targetHints":{"allow":["GET"]}}],"collection":[{"href":"https:\/\/inelco-grinders.com\/pt-pt\/wp-json\/wp\/v2\/product"}],"about":[{"href":"https:\/\/inelco-grinders.com\/pt-pt\/wp-json\/wp\/v2\/types\/product"}],"wp:featuredmedia":[{"embeddable":true,"href":"https:\/\/inelco-grinders.com\/pt-pt\/wp-json\/wp\/v2\/media\/838"}],"wp:attachment":[{"href":"https:\/\/inelco-grinders.com\/pt-pt\/wp-json\/wp\/v2\/media?parent=1409"}],"curies":[{"name":"wp","href":"https:\/\/api.w.org\/{rel}","templated":true}]}}