{"id":1419,"date":"2021-07-01T16:27:27","date_gmt":"2021-07-01T16:27:27","guid":{"rendered":"https:\/\/inelcogrinders.wpengine.com\/product\/neutrix\/"},"modified":"2023-10-13T06:13:38","modified_gmt":"2023-10-13T06:13:38","slug":"neutrix","status":"publish","type":"product","link":"https:\/\/inelco-grinders.com\/pt-pt\/product\/neutrix\/","title":{"rendered":"Neutrix"},"content":{"rendered":"\n<p>O Neutrix \u00e9 o nosso equipamento port\u00e1til de m\u00e3o para afia\u00e7\u00e3o a seco de el\u00e9trodos de tungst\u00e9nio, \u00e9 perfeito para soldadura fora da oficina. Este afiador melhora a afia\u00e7\u00e3o de el\u00e9trodos no campo e disp\u00f5e de um filtro para o p\u00f3 e de um coletor para o p\u00f3 para garantir um meio de afia\u00e7\u00e3o seguro para o soldador.<\/p>\n\n\n\n<h4 class=\"wp-block-heading\"><strong>Caracter\u00edsticas relevantes<\/strong><\/h4>\n\n\n\n<ul class=\"wp-block-list\">\n<li>C\u00e2mara de afia\u00e7\u00e3o herm\u00e9tica com coletor de p\u00f3 para proteger o utilizador<\/li>\n\n\n\n<li>Ajuste vari\u00e1vel do \u00e2ngulo que proporciona maior flexibilidade<\/li>\n\n\n\n<li>Janela de inspe\u00e7\u00e3o para poder seguir o processo de afia\u00e7\u00e3o<\/li>\n\n\n\n<li>O suporte do el\u00e9trodo assegura a centragem da ponta e diminui os desperd\u00edcios<\/li>\n\n\n\n<li>O disco de diamante com tr\u00eas posi\u00e7\u00f5es proporciona uma utiliza\u00e7\u00e3o \u00f3tima<\/li>\n\n\n\n<li>Motor potente com ajuste da velocidade<\/li>\n<\/ul>\n","protected":false},"featured_media":618,"parent":0,"template":"","class_list":["post-1419","product","type-product","status-publish","has-post-thumbnail","hentry"],"acf":[],"yoast_head":"<!-- This site is optimized with the Yoast SEO plugin v27.0 - https:\/\/yoast.com\/product\/yoast-seo-wordpress\/ -->\n<title>Neutrix | Inelco Grinders<\/title>\n<meta name=\"description\" content=\"O Neutrix \u00e9 o nosso equipamento port\u00e1til de m\u00e3o para afia\u00e7\u00e3o a seco de el\u00e9trodos de tungst\u00e9nio, \u00e9 perfeito para soldadura fora da oficina. Este afiador\" \/>\n<meta name=\"robots\" content=\"index, follow, max-snippet:-1, max-image-preview:large, max-video-preview:-1\" \/>\n<link rel=\"canonical\" href=\"https:\/\/inelco-grinders.com\/pt-pt\/product\/neutrix\/\" \/>\n<meta property=\"og:locale\" content=\"pt_PT\" \/>\n<meta property=\"og:type\" content=\"article\" \/>\n<meta property=\"og:title\" content=\"Neutrix | Inelco Grinders\" \/>\n<meta property=\"og:description\" content=\"O Neutrix \u00e9 o nosso equipamento port\u00e1til de m\u00e3o para afia\u00e7\u00e3o a seco de el\u00e9trodos de tungst\u00e9nio, \u00e9 perfeito para soldadura fora da oficina. Este afiador\" \/>\n<meta property=\"og:url\" content=\"https:\/\/inelco-grinders.com\/pt-pt\/product\/neutrix\/\" \/>\n<meta property=\"og:site_name\" content=\"Inelco Grinders\" \/>\n<meta property=\"article:publisher\" content=\"https:\/\/www.facebook.com\/inelcogrinders\" \/>\n<meta property=\"article:modified_time\" content=\"2023-10-13T06:13:38+00:00\" \/>\n<meta property=\"og:image\" content=\"https:\/\/inelco-grinders.com\/wp-content\/uploads\/2021\/07\/Neutrix.png\" \/>\n\t<meta property=\"og:image:width\" content=\"272\" \/>\n\t<meta property=\"og:image:height\" content=\"290\" \/>\n\t<meta property=\"og:image:type\" content=\"image\/png\" \/>\n<meta name=\"twitter:card\" content=\"summary_large_image\" \/>\n<meta name=\"twitter:label1\" content=\"Tempo estimado de leitura\" \/>\n\t<meta name=\"twitter:data1\" content=\"1 minuto\" \/>\n<!-- \/ Yoast SEO plugin. -->","yoast_head_json":{"title":"Neutrix | Inelco Grinders","description":"O Neutrix \u00e9 o nosso equipamento port\u00e1til de m\u00e3o para afia\u00e7\u00e3o a seco de el\u00e9trodos de tungst\u00e9nio, \u00e9 perfeito para soldadura fora da oficina. Este afiador","robots":{"index":"index","follow":"follow","max-snippet":"max-snippet:-1","max-image-preview":"max-image-preview:large","max-video-preview":"max-video-preview:-1"},"canonical":"https:\/\/inelco-grinders.com\/pt-pt\/product\/neutrix\/","og_locale":"pt_PT","og_type":"article","og_title":"Neutrix | Inelco Grinders","og_description":"O Neutrix \u00e9 o nosso equipamento port\u00e1til de m\u00e3o para afia\u00e7\u00e3o a seco de el\u00e9trodos de tungst\u00e9nio, \u00e9 perfeito para soldadura fora da oficina. Este afiador","og_url":"https:\/\/inelco-grinders.com\/pt-pt\/product\/neutrix\/","og_site_name":"Inelco Grinders","article_publisher":"https:\/\/www.facebook.com\/inelcogrinders","article_modified_time":"2023-10-13T06:13:38+00:00","og_image":[{"width":272,"height":290,"url":"https:\/\/inelco-grinders.com\/wp-content\/uploads\/2021\/07\/Neutrix.png","type":"image\/png"}],"twitter_card":"summary_large_image","twitter_misc":{"Tempo estimado de leitura":"1 minuto"},"schema":{"@context":"https:\/\/schema.org","@graph":[{"@type":"WebPage","@id":"https:\/\/inelco-grinders.com\/pt-pt\/product\/neutrix\/","url":"https:\/\/inelco-grinders.com\/pt-pt\/product\/neutrix\/","name":"Neutrix | Inelco Grinders","isPartOf":{"@id":"https:\/\/inelco-grinders.com\/pt-pt\/#website"},"primaryImageOfPage":{"@id":"https:\/\/inelco-grinders.com\/pt-pt\/product\/neutrix\/#primaryimage"},"image":{"@id":"https:\/\/inelco-grinders.com\/pt-pt\/product\/neutrix\/#primaryimage"},"thumbnailUrl":"https:\/\/inelco-grinders.com\/wp-content\/uploads\/2021\/07\/Neutrix.png","datePublished":"2021-07-01T16:27:27+00:00","dateModified":"2023-10-13T06:13:38+00:00","description":"O Neutrix \u00e9 o nosso equipamento port\u00e1til de m\u00e3o para afia\u00e7\u00e3o a seco de el\u00e9trodos de tungst\u00e9nio, \u00e9 perfeito para soldadura fora da oficina. Este afiador","inLanguage":"pt-PT","potentialAction":[{"@type":"ReadAction","target":["https:\/\/inelco-grinders.com\/pt-pt\/product\/neutrix\/"]}]},{"@type":"ImageObject","inLanguage":"pt-PT","@id":"https:\/\/inelco-grinders.com\/pt-pt\/product\/neutrix\/#primaryimage","url":"https:\/\/inelco-grinders.com\/wp-content\/uploads\/2021\/07\/Neutrix.png","contentUrl":"https:\/\/inelco-grinders.com\/wp-content\/uploads\/2021\/07\/Neutrix.png","width":272,"height":290},{"@type":"WebSite","@id":"https:\/\/inelco-grinders.com\/pt-pt\/#website","url":"https:\/\/inelco-grinders.com\/pt-pt\/","name":"Inelco Grinders","description":"Grind tungsten electrodes safely &amp; economically","publisher":{"@id":"https:\/\/inelco-grinders.com\/pt-pt\/#organization"},"potentialAction":[{"@type":"SearchAction","target":{"@type":"EntryPoint","urlTemplate":"https:\/\/inelco-grinders.com\/pt-pt\/?s={search_term_string}"},"query-input":{"@type":"PropertyValueSpecification","valueRequired":true,"valueName":"search_term_string"}}],"inLanguage":"pt-PT"},{"@type":"Organization","@id":"https:\/\/inelco-grinders.com\/pt-pt\/#organization","name":"Inelco Grinders","url":"https:\/\/inelco-grinders.com\/pt-pt\/","logo":{"@type":"ImageObject","inLanguage":"pt-PT","@id":"https:\/\/inelco-grinders.com\/pt-pt\/#\/schema\/logo\/image\/","url":"https:\/\/inelco-grinders.com\/wp-content\/uploads\/2025\/10\/favicon-196x196-1.png","contentUrl":"https:\/\/inelco-grinders.com\/wp-content\/uploads\/2025\/10\/favicon-196x196-1.png","width":196,"height":196,"caption":"Inelco Grinders"},"image":{"@id":"https:\/\/inelco-grinders.com\/pt-pt\/#\/schema\/logo\/image\/"},"sameAs":["https:\/\/www.facebook.com\/inelcogrinders"]}]}},"_links":{"self":[{"href":"https:\/\/inelco-grinders.com\/pt-pt\/wp-json\/wp\/v2\/product\/1419","targetHints":{"allow":["GET"]}}],"collection":[{"href":"https:\/\/inelco-grinders.com\/pt-pt\/wp-json\/wp\/v2\/product"}],"about":[{"href":"https:\/\/inelco-grinders.com\/pt-pt\/wp-json\/wp\/v2\/types\/product"}],"wp:featuredmedia":[{"embeddable":true,"href":"https:\/\/inelco-grinders.com\/pt-pt\/wp-json\/wp\/v2\/media\/618"}],"wp:attachment":[{"href":"https:\/\/inelco-grinders.com\/pt-pt\/wp-json\/wp\/v2\/media?parent=1419"}],"curies":[{"name":"wp","href":"https:\/\/api.w.org\/{rel}","templated":true}]}}