{"id":1424,"date":"2021-07-01T16:29:35","date_gmt":"2021-07-01T16:29:35","guid":{"rendered":"https:\/\/inelcogrinders.wpengine.com\/product\/truncator\/"},"modified":"2023-10-13T06:13:59","modified_gmt":"2023-10-13T06:13:59","slug":"truncator","status":"publish","type":"product","link":"https:\/\/inelco-grinders.com\/pt-pt\/product\/truncator\/","title":{"rendered":"Truncador"},"content":{"rendered":"\n<p>Este m\u00f3dulo de retifica\u00e7\u00e3o foi desenvolvido para evitar as 2 situa\u00e7\u00f5es que costumam for\u00e7ar os el\u00e9trodos de tungst\u00e9nio na soldadura TIG. Designadamente: soldadura com muita intensidade de corrente, e soldadura CA, por ex.: com o alum\u00ednio. Nestas duas situa\u00e7\u00f5es o nosso m\u00f3dulo diminui o risco de fus\u00e3o porque se tronca a ponta do el\u00e9trodo de tungst\u00e9nio.<\/p>\n\n\n\n<h4 class=\"wp-block-heading\"><strong>Caracter\u00edsticas relevantes<\/strong><\/h4>\n\n\n\n<ul class=\"wp-block-list\">\n<li>Truncagem de precis\u00e3o dos el\u00e9trodos de tungst\u00e9nio afiados<\/li>\n\n\n\n<li>V\u00e1rias posi\u00e7\u00f5es no disco de afia\u00e7\u00e3o<\/li>\n\n\n\n<li>Elimina o risco de fus\u00e3o da ponta no banho e de causar contamina\u00e7\u00e3o<\/li>\n\n\n\n<li>Ideal para soldadura CA porque diminui o risco de obter-se uma \u201cbola\u201d excessiva na ponta<\/li>\n<\/ul>\n","protected":false},"featured_media":583,"parent":0,"template":"","class_list":["post-1424","product","type-product","status-publish","has-post-thumbnail","hentry"],"acf":[],"yoast_head":"<!-- This site is optimized with the Yoast SEO plugin v27.0 - https:\/\/yoast.com\/product\/yoast-seo-wordpress\/ -->\n<title>Truncador | Inelco Grinders<\/title>\n<meta name=\"description\" content=\"Este m\u00f3dulo de retifica\u00e7\u00e3o foi desenvolvido para evitar as 2 situa\u00e7\u00f5es que costumam for\u00e7ar os el\u00e9trodos de tungst\u00e9nio na soldadura TIG. Designadamente:\" \/>\n<meta name=\"robots\" content=\"index, follow, max-snippet:-1, max-image-preview:large, max-video-preview:-1\" \/>\n<link rel=\"canonical\" href=\"https:\/\/inelco-grinders.com\/pt-pt\/product\/truncator\/\" \/>\n<meta property=\"og:locale\" content=\"pt_PT\" \/>\n<meta property=\"og:type\" content=\"article\" \/>\n<meta property=\"og:title\" content=\"Truncador | Inelco Grinders\" \/>\n<meta property=\"og:description\" content=\"Este m\u00f3dulo de retifica\u00e7\u00e3o foi desenvolvido para evitar as 2 situa\u00e7\u00f5es que costumam for\u00e7ar os el\u00e9trodos de tungst\u00e9nio na soldadura TIG. Designadamente:\" \/>\n<meta property=\"og:url\" content=\"https:\/\/inelco-grinders.com\/pt-pt\/product\/truncator\/\" \/>\n<meta property=\"og:site_name\" content=\"Inelco Grinders\" \/>\n<meta property=\"article:publisher\" content=\"https:\/\/www.facebook.com\/inelcogrinders\" \/>\n<meta property=\"article:modified_time\" content=\"2023-10-13T06:13:59+00:00\" \/>\n<meta property=\"og:image\" content=\"https:\/\/inelco-grinders.com\/wp-content\/uploads\/2021\/07\/Truncator.png\" \/>\n\t<meta property=\"og:image:width\" content=\"246\" \/>\n\t<meta property=\"og:image:height\" content=\"322\" \/>\n\t<meta property=\"og:image:type\" content=\"image\/png\" \/>\n<meta name=\"twitter:card\" content=\"summary_large_image\" \/>\n<meta name=\"twitter:label1\" content=\"Tempo estimado de leitura\" \/>\n\t<meta name=\"twitter:data1\" content=\"1 minuto\" \/>\n<!-- \/ Yoast SEO plugin. -->","yoast_head_json":{"title":"Truncador | Inelco Grinders","description":"Este m\u00f3dulo de retifica\u00e7\u00e3o foi desenvolvido para evitar as 2 situa\u00e7\u00f5es que costumam for\u00e7ar os el\u00e9trodos de tungst\u00e9nio na soldadura TIG. Designadamente:","robots":{"index":"index","follow":"follow","max-snippet":"max-snippet:-1","max-image-preview":"max-image-preview:large","max-video-preview":"max-video-preview:-1"},"canonical":"https:\/\/inelco-grinders.com\/pt-pt\/product\/truncator\/","og_locale":"pt_PT","og_type":"article","og_title":"Truncador | Inelco Grinders","og_description":"Este m\u00f3dulo de retifica\u00e7\u00e3o foi desenvolvido para evitar as 2 situa\u00e7\u00f5es que costumam for\u00e7ar os el\u00e9trodos de tungst\u00e9nio na soldadura TIG. Designadamente:","og_url":"https:\/\/inelco-grinders.com\/pt-pt\/product\/truncator\/","og_site_name":"Inelco Grinders","article_publisher":"https:\/\/www.facebook.com\/inelcogrinders","article_modified_time":"2023-10-13T06:13:59+00:00","og_image":[{"width":246,"height":322,"url":"https:\/\/inelco-grinders.com\/wp-content\/uploads\/2021\/07\/Truncator.png","type":"image\/png"}],"twitter_card":"summary_large_image","twitter_misc":{"Tempo estimado de leitura":"1 minuto"},"schema":{"@context":"https:\/\/schema.org","@graph":[{"@type":"WebPage","@id":"https:\/\/inelco-grinders.com\/pt-pt\/product\/truncator\/","url":"https:\/\/inelco-grinders.com\/pt-pt\/product\/truncator\/","name":"Truncador | Inelco Grinders","isPartOf":{"@id":"https:\/\/inelco-grinders.com\/pt-pt\/#website"},"primaryImageOfPage":{"@id":"https:\/\/inelco-grinders.com\/pt-pt\/product\/truncator\/#primaryimage"},"image":{"@id":"https:\/\/inelco-grinders.com\/pt-pt\/product\/truncator\/#primaryimage"},"thumbnailUrl":"https:\/\/inelco-grinders.com\/wp-content\/uploads\/2021\/07\/Truncator.png","datePublished":"2021-07-01T16:29:35+00:00","dateModified":"2023-10-13T06:13:59+00:00","description":"Este m\u00f3dulo de retifica\u00e7\u00e3o foi desenvolvido para evitar as 2 situa\u00e7\u00f5es que costumam for\u00e7ar os el\u00e9trodos de tungst\u00e9nio na soldadura TIG. Designadamente:","inLanguage":"pt-PT","potentialAction":[{"@type":"ReadAction","target":["https:\/\/inelco-grinders.com\/pt-pt\/product\/truncator\/"]}]},{"@type":"ImageObject","inLanguage":"pt-PT","@id":"https:\/\/inelco-grinders.com\/pt-pt\/product\/truncator\/#primaryimage","url":"https:\/\/inelco-grinders.com\/wp-content\/uploads\/2021\/07\/Truncator.png","contentUrl":"https:\/\/inelco-grinders.com\/wp-content\/uploads\/2021\/07\/Truncator.png","width":246,"height":322},{"@type":"WebSite","@id":"https:\/\/inelco-grinders.com\/pt-pt\/#website","url":"https:\/\/inelco-grinders.com\/pt-pt\/","name":"Inelco Grinders","description":"Grind tungsten electrodes safely &amp; economically","publisher":{"@id":"https:\/\/inelco-grinders.com\/pt-pt\/#organization"},"potentialAction":[{"@type":"SearchAction","target":{"@type":"EntryPoint","urlTemplate":"https:\/\/inelco-grinders.com\/pt-pt\/?s={search_term_string}"},"query-input":{"@type":"PropertyValueSpecification","valueRequired":true,"valueName":"search_term_string"}}],"inLanguage":"pt-PT"},{"@type":"Organization","@id":"https:\/\/inelco-grinders.com\/pt-pt\/#organization","name":"Inelco Grinders","url":"https:\/\/inelco-grinders.com\/pt-pt\/","logo":{"@type":"ImageObject","inLanguage":"pt-PT","@id":"https:\/\/inelco-grinders.com\/pt-pt\/#\/schema\/logo\/image\/","url":"https:\/\/inelco-grinders.com\/wp-content\/uploads\/2025\/10\/favicon-196x196-1.png","contentUrl":"https:\/\/inelco-grinders.com\/wp-content\/uploads\/2025\/10\/favicon-196x196-1.png","width":196,"height":196,"caption":"Inelco Grinders"},"image":{"@id":"https:\/\/inelco-grinders.com\/pt-pt\/#\/schema\/logo\/image\/"},"sameAs":["https:\/\/www.facebook.com\/inelcogrinders"]}]}},"_links":{"self":[{"href":"https:\/\/inelco-grinders.com\/pt-pt\/wp-json\/wp\/v2\/product\/1424","targetHints":{"allow":["GET"]}}],"collection":[{"href":"https:\/\/inelco-grinders.com\/pt-pt\/wp-json\/wp\/v2\/product"}],"about":[{"href":"https:\/\/inelco-grinders.com\/pt-pt\/wp-json\/wp\/v2\/types\/product"}],"wp:featuredmedia":[{"embeddable":true,"href":"https:\/\/inelco-grinders.com\/pt-pt\/wp-json\/wp\/v2\/media\/583"}],"wp:attachment":[{"href":"https:\/\/inelco-grinders.com\/pt-pt\/wp-json\/wp\/v2\/media?parent=1424"}],"curies":[{"name":"wp","href":"https:\/\/api.w.org\/{rel}","templated":true}]}}