{"id":1429,"date":"2021-06-29T10:52:18","date_gmt":"2021-06-29T10:52:18","guid":{"rendered":"https:\/\/inelcogrinders.wpengine.com\/product\/ultima-tig\/"},"modified":"2023-11-01T09:05:36","modified_gmt":"2023-11-01T09:05:36","slug":"ultima-tig","status":"publish","type":"product","link":"https:\/\/inelco-grinders.com\/pt-pt\/product\/ultima-tig\/","title":{"rendered":"Ultima-TIG<sup>\u00ae<\/sup>"},"content":{"rendered":"\n<p>O Ultima-TIG<sup>\u00ae<\/sup> \u00e9 o nosso afiador por via h\u00famida para os el\u00e9trodos de tungst\u00e9nio que assegura uma afia\u00e7\u00e3o de precis\u00e3o no \u00e2ngulo correto, e uma centragem perfeita da ponta do el\u00e9trodo. Afia at\u00e9 8 mm com o resultado de o m\u00ednimo desperd\u00edcio de el\u00e9trodo.<\/p>\n\n\n\n<h4 class=\"wp-block-heading\"><strong>Caracter\u00edsticas relevantes<\/strong><\/h4>\n\n\n\n<ul class=\"wp-block-list\">\n<li>C\u00e2mara de afia\u00e7\u00e3o herm\u00e9tica com coletor de p\u00f3 para proteger o utilizador<\/li>\n\n\n\n<li>Ajuste vari\u00e1vel do \u00e2ngulo que proporciona maior flexibilidade<\/li>\n\n\n\n<li>A afia\u00e7\u00e3o por via h\u00famida evita o aquecimento excessivo do el\u00e9trodo durante a afia\u00e7\u00e3o<\/li>\n\n\n\n<li>A alta velocidade de afia\u00e7\u00e3o proporciona uma afia\u00e7\u00e3o mais r\u00e1pida e uma superf\u00edcie lisa<\/li>\n\n\n\n<li>O suporte do el\u00e9trodo assegura a centragem da ponta e diminui os desperd\u00edcios<\/li>\n\n\n\n<li>Menos desperd\u00edcios de el\u00e9trodo o que significa um prazo mais curto para amortizar o custo<\/li>\n<\/ul>\n","protected":false},"featured_media":1163,"parent":0,"template":"","class_list":["post-1429","product","type-product","status-publish","has-post-thumbnail","hentry"],"acf":[],"yoast_head":"<!-- This site is optimized with the Yoast SEO plugin v27.0 - https:\/\/yoast.com\/product\/yoast-seo-wordpress\/ -->\n<title>Ultima-TIG\u00ae | Inelco Grinders<\/title>\n<meta name=\"description\" content=\"O Ultima-TIG\u00ae \u00e9 o nosso afiador por via h\u00famida para os el\u00e9trodos de tungst\u00e9nio que assegura uma afia\u00e7\u00e3o de precis\u00e3o no \u00e2ngulo correto, e uma centragem\" \/>\n<meta name=\"robots\" content=\"index, follow, max-snippet:-1, max-image-preview:large, max-video-preview:-1\" \/>\n<link rel=\"canonical\" href=\"https:\/\/inelco-grinders.com\/pt-pt\/product\/ultima-tig\/\" \/>\n<meta property=\"og:locale\" content=\"pt_PT\" \/>\n<meta property=\"og:type\" content=\"article\" \/>\n<meta property=\"og:title\" content=\"Ultima-TIG\u00ae | Inelco Grinders\" \/>\n<meta property=\"og:description\" content=\"O Ultima-TIG\u00ae \u00e9 o nosso afiador por via h\u00famida para os el\u00e9trodos de tungst\u00e9nio que assegura uma afia\u00e7\u00e3o de precis\u00e3o no \u00e2ngulo correto, e uma centragem\" \/>\n<meta property=\"og:url\" content=\"https:\/\/inelco-grinders.com\/pt-pt\/product\/ultima-tig\/\" \/>\n<meta property=\"og:site_name\" content=\"Inelco Grinders\" \/>\n<meta property=\"article:publisher\" content=\"https:\/\/www.facebook.com\/inelcogrinders\" \/>\n<meta property=\"article:modified_time\" content=\"2023-11-01T09:05:36+00:00\" \/>\n<meta property=\"og:image\" content=\"https:\/\/inelco-grinders.com\/wp-content\/uploads\/2021\/06\/Ultima-TIG.png\" \/>\n\t<meta property=\"og:image:width\" content=\"242\" \/>\n\t<meta property=\"og:image:height\" content=\"338\" \/>\n\t<meta property=\"og:image:type\" content=\"image\/png\" \/>\n<meta name=\"twitter:card\" content=\"summary_large_image\" \/>\n<meta name=\"twitter:label1\" content=\"Tempo estimado de leitura\" \/>\n\t<meta name=\"twitter:data1\" content=\"1 minuto\" \/>\n<!-- \/ Yoast SEO plugin. -->","yoast_head_json":{"title":"Ultima-TIG\u00ae | Inelco Grinders","description":"O Ultima-TIG\u00ae \u00e9 o nosso afiador por via h\u00famida para os el\u00e9trodos de tungst\u00e9nio que assegura uma afia\u00e7\u00e3o de precis\u00e3o no \u00e2ngulo correto, e uma centragem","robots":{"index":"index","follow":"follow","max-snippet":"max-snippet:-1","max-image-preview":"max-image-preview:large","max-video-preview":"max-video-preview:-1"},"canonical":"https:\/\/inelco-grinders.com\/pt-pt\/product\/ultima-tig\/","og_locale":"pt_PT","og_type":"article","og_title":"Ultima-TIG\u00ae | Inelco Grinders","og_description":"O Ultima-TIG\u00ae \u00e9 o nosso afiador por via h\u00famida para os el\u00e9trodos de tungst\u00e9nio que assegura uma afia\u00e7\u00e3o de precis\u00e3o no \u00e2ngulo correto, e uma centragem","og_url":"https:\/\/inelco-grinders.com\/pt-pt\/product\/ultima-tig\/","og_site_name":"Inelco Grinders","article_publisher":"https:\/\/www.facebook.com\/inelcogrinders","article_modified_time":"2023-11-01T09:05:36+00:00","og_image":[{"width":242,"height":338,"url":"https:\/\/inelco-grinders.com\/wp-content\/uploads\/2021\/06\/Ultima-TIG.png","type":"image\/png"}],"twitter_card":"summary_large_image","twitter_misc":{"Tempo estimado de leitura":"1 minuto"},"schema":{"@context":"https:\/\/schema.org","@graph":[{"@type":"WebPage","@id":"https:\/\/inelco-grinders.com\/pt-pt\/product\/ultima-tig\/","url":"https:\/\/inelco-grinders.com\/pt-pt\/product\/ultima-tig\/","name":"Ultima-TIG\u00ae | Inelco Grinders","isPartOf":{"@id":"https:\/\/inelco-grinders.com\/pt-pt\/#website"},"primaryImageOfPage":{"@id":"https:\/\/inelco-grinders.com\/pt-pt\/product\/ultima-tig\/#primaryimage"},"image":{"@id":"https:\/\/inelco-grinders.com\/pt-pt\/product\/ultima-tig\/#primaryimage"},"thumbnailUrl":"https:\/\/inelco-grinders.com\/wp-content\/uploads\/2021\/06\/Ultima-TIG.png","datePublished":"2021-06-29T10:52:18+00:00","dateModified":"2023-11-01T09:05:36+00:00","description":"O Ultima-TIG\u00ae \u00e9 o nosso afiador por via h\u00famida para os el\u00e9trodos de tungst\u00e9nio que assegura uma afia\u00e7\u00e3o de precis\u00e3o no \u00e2ngulo correto, e uma centragem","inLanguage":"pt-PT","potentialAction":[{"@type":"ReadAction","target":["https:\/\/inelco-grinders.com\/pt-pt\/product\/ultima-tig\/"]}]},{"@type":"ImageObject","inLanguage":"pt-PT","@id":"https:\/\/inelco-grinders.com\/pt-pt\/product\/ultima-tig\/#primaryimage","url":"https:\/\/inelco-grinders.com\/wp-content\/uploads\/2021\/06\/Ultima-TIG.png","contentUrl":"https:\/\/inelco-grinders.com\/wp-content\/uploads\/2021\/06\/Ultima-TIG.png","width":242,"height":338,"caption":"Ultima TIG"},{"@type":"WebSite","@id":"https:\/\/inelco-grinders.com\/pt-pt\/#website","url":"https:\/\/inelco-grinders.com\/pt-pt\/","name":"Inelco Grinders","description":"Grind tungsten electrodes safely &amp; economically","publisher":{"@id":"https:\/\/inelco-grinders.com\/pt-pt\/#organization"},"potentialAction":[{"@type":"SearchAction","target":{"@type":"EntryPoint","urlTemplate":"https:\/\/inelco-grinders.com\/pt-pt\/?s={search_term_string}"},"query-input":{"@type":"PropertyValueSpecification","valueRequired":true,"valueName":"search_term_string"}}],"inLanguage":"pt-PT"},{"@type":"Organization","@id":"https:\/\/inelco-grinders.com\/pt-pt\/#organization","name":"Inelco Grinders","url":"https:\/\/inelco-grinders.com\/pt-pt\/","logo":{"@type":"ImageObject","inLanguage":"pt-PT","@id":"https:\/\/inelco-grinders.com\/pt-pt\/#\/schema\/logo\/image\/","url":"https:\/\/inelco-grinders.com\/wp-content\/uploads\/2025\/10\/favicon-196x196-1.png","contentUrl":"https:\/\/inelco-grinders.com\/wp-content\/uploads\/2025\/10\/favicon-196x196-1.png","width":196,"height":196,"caption":"Inelco Grinders"},"image":{"@id":"https:\/\/inelco-grinders.com\/pt-pt\/#\/schema\/logo\/image\/"},"sameAs":["https:\/\/www.facebook.com\/inelcogrinders"]}]}},"_links":{"self":[{"href":"https:\/\/inelco-grinders.com\/pt-pt\/wp-json\/wp\/v2\/product\/1429","targetHints":{"allow":["GET"]}}],"collection":[{"href":"https:\/\/inelco-grinders.com\/pt-pt\/wp-json\/wp\/v2\/product"}],"about":[{"href":"https:\/\/inelco-grinders.com\/pt-pt\/wp-json\/wp\/v2\/types\/product"}],"wp:featuredmedia":[{"embeddable":true,"href":"https:\/\/inelco-grinders.com\/pt-pt\/wp-json\/wp\/v2\/media\/1163"}],"wp:attachment":[{"href":"https:\/\/inelco-grinders.com\/pt-pt\/wp-json\/wp\/v2\/media?parent=1429"}],"curies":[{"name":"wp","href":"https:\/\/api.w.org\/{rel}","templated":true}]}}