{"id":1434,"date":"2021-07-01T16:28:16","date_gmt":"2021-07-01T16:28:16","guid":{"rendered":"https:\/\/inelcogrinders.wpengine.com\/product\/ultima-tig-cut\/"},"modified":"2023-10-13T06:14:44","modified_gmt":"2023-10-13T06:14:44","slug":"ultima-tig-cut","status":"publish","type":"product","link":"https:\/\/inelco-grinders.com\/pt-pt\/product\/ultima-tig-cut\/","title":{"rendered":"Ultima-TIG<sup>\u00ae<\/sup>-Cut"},"content":{"rendered":"\n<p>O Ultima-TIG<sup>\u00ae<\/sup>-Cut \u00e9 o nosso afiador por via h\u00famida para os el\u00e9trodos de tungst\u00e9nio com um m\u00f3dulo de corte que assegura uma afia\u00e7\u00e3o de precis\u00e3o no \u00e2ngulo correto e uma centragem perfeita da ponta, bem como um corte do el\u00e9trodo de precis\u00e3o e seguro.<\/p>\n\n\n\n<h4 class=\"wp-block-heading\"><strong>Caracter\u00edsticas relevantes<\/strong><\/h4>\n\n\n\n<ul class=\"wp-block-list\">\n<li>Corte seguro sem causar fissuras no el\u00e9trodo<\/li>\n\n\n\n<li>C\u00e2mara herm\u00e9tica para afia\u00e7\u00e3o e corte com coletor de p\u00f3 para proteger o utilizador<\/li>\n\n\n\n<li>Ajuste do comprimento e do \u00e2ngulo de cortes vari\u00e1veis o que proporciona maior flexibilidade<\/li>\n\n\n\n<li>A afia\u00e7\u00e3o por via h\u00famida evita o aquecimento excessivo do el\u00e9trodo durante a afia\u00e7\u00e3o<\/li>\n\n\n\n<li>A alta velocidade de afia\u00e7\u00e3o proporciona uma afia\u00e7\u00e3o mais r\u00e1pida e uma superf\u00edcie lisa<\/li>\n\n\n\n<li>O suporte do el\u00e9trodo assegura a centragem da ponta e diminui o desperd\u00edcio de el\u00e9trodos<\/li>\n\n\n\n<li>Menos desperd\u00edcios de el\u00e9trodo levam a um prazo mais curto para amortizar o custo<\/li>\n<\/ul>\n","protected":false},"featured_media":603,"parent":0,"template":"","class_list":["post-1434","product","type-product","status-publish","has-post-thumbnail","hentry"],"acf":[],"yoast_head":"<!-- This site is optimized with the Yoast SEO plugin v27.0 - https:\/\/yoast.com\/product\/yoast-seo-wordpress\/ -->\n<title>Ultima-TIG\u00ae-Cut | Inelco Grinders<\/title>\n<meta name=\"description\" content=\"O Ultima-TIG\u00ae-Cut \u00e9 o nosso afiador por via h\u00famida para os el\u00e9trodos de tungst\u00e9nio com um m\u00f3dulo de corte que assegura uma afia\u00e7\u00e3o de precis\u00e3o no \u00e2ngulo\" \/>\n<meta name=\"robots\" content=\"index, follow, max-snippet:-1, max-image-preview:large, max-video-preview:-1\" \/>\n<link rel=\"canonical\" href=\"https:\/\/inelco-grinders.com\/pt-pt\/product\/ultima-tig-cut\/\" \/>\n<meta property=\"og:locale\" content=\"pt_PT\" \/>\n<meta property=\"og:type\" content=\"article\" \/>\n<meta property=\"og:title\" content=\"Ultima-TIG\u00ae-Cut | Inelco Grinders\" \/>\n<meta property=\"og:description\" content=\"O Ultima-TIG\u00ae-Cut \u00e9 o nosso afiador por via h\u00famida para os el\u00e9trodos de tungst\u00e9nio com um m\u00f3dulo de corte que assegura uma afia\u00e7\u00e3o de precis\u00e3o no \u00e2ngulo\" \/>\n<meta property=\"og:url\" content=\"https:\/\/inelco-grinders.com\/pt-pt\/product\/ultima-tig-cut\/\" \/>\n<meta property=\"og:site_name\" content=\"Inelco Grinders\" \/>\n<meta property=\"article:publisher\" content=\"https:\/\/www.facebook.com\/inelcogrinders\" \/>\n<meta property=\"article:modified_time\" content=\"2023-10-13T06:14:44+00:00\" \/>\n<meta property=\"og:image\" content=\"https:\/\/inelco-grinders.com\/wp-content\/uploads\/2021\/07\/Ultima-TIG-Cut.png\" \/>\n\t<meta property=\"og:image:width\" content=\"253\" \/>\n\t<meta property=\"og:image:height\" content=\"327\" \/>\n\t<meta property=\"og:image:type\" content=\"image\/png\" \/>\n<meta name=\"twitter:card\" content=\"summary_large_image\" \/>\n<meta name=\"twitter:label1\" content=\"Tempo estimado de leitura\" \/>\n\t<meta name=\"twitter:data1\" content=\"1 minuto\" \/>\n<!-- \/ Yoast SEO plugin. -->","yoast_head_json":{"title":"Ultima-TIG\u00ae-Cut | Inelco Grinders","description":"O Ultima-TIG\u00ae-Cut \u00e9 o nosso afiador por via h\u00famida para os el\u00e9trodos de tungst\u00e9nio com um m\u00f3dulo de corte que assegura uma afia\u00e7\u00e3o de precis\u00e3o no \u00e2ngulo","robots":{"index":"index","follow":"follow","max-snippet":"max-snippet:-1","max-image-preview":"max-image-preview:large","max-video-preview":"max-video-preview:-1"},"canonical":"https:\/\/inelco-grinders.com\/pt-pt\/product\/ultima-tig-cut\/","og_locale":"pt_PT","og_type":"article","og_title":"Ultima-TIG\u00ae-Cut | Inelco Grinders","og_description":"O Ultima-TIG\u00ae-Cut \u00e9 o nosso afiador por via h\u00famida para os el\u00e9trodos de tungst\u00e9nio com um m\u00f3dulo de corte que assegura uma afia\u00e7\u00e3o de precis\u00e3o no \u00e2ngulo","og_url":"https:\/\/inelco-grinders.com\/pt-pt\/product\/ultima-tig-cut\/","og_site_name":"Inelco Grinders","article_publisher":"https:\/\/www.facebook.com\/inelcogrinders","article_modified_time":"2023-10-13T06:14:44+00:00","og_image":[{"width":253,"height":327,"url":"https:\/\/inelco-grinders.com\/wp-content\/uploads\/2021\/07\/Ultima-TIG-Cut.png","type":"image\/png"}],"twitter_card":"summary_large_image","twitter_misc":{"Tempo estimado de leitura":"1 minuto"},"schema":{"@context":"https:\/\/schema.org","@graph":[{"@type":"WebPage","@id":"https:\/\/inelco-grinders.com\/pt-pt\/product\/ultima-tig-cut\/","url":"https:\/\/inelco-grinders.com\/pt-pt\/product\/ultima-tig-cut\/","name":"Ultima-TIG\u00ae-Cut | Inelco Grinders","isPartOf":{"@id":"https:\/\/inelco-grinders.com\/pt-pt\/#website"},"primaryImageOfPage":{"@id":"https:\/\/inelco-grinders.com\/pt-pt\/product\/ultima-tig-cut\/#primaryimage"},"image":{"@id":"https:\/\/inelco-grinders.com\/pt-pt\/product\/ultima-tig-cut\/#primaryimage"},"thumbnailUrl":"https:\/\/inelco-grinders.com\/wp-content\/uploads\/2021\/07\/Ultima-TIG-Cut.png","datePublished":"2021-07-01T16:28:16+00:00","dateModified":"2023-10-13T06:14:44+00:00","description":"O Ultima-TIG\u00ae-Cut \u00e9 o nosso afiador por via h\u00famida para os el\u00e9trodos de tungst\u00e9nio com um m\u00f3dulo de corte que assegura uma afia\u00e7\u00e3o de precis\u00e3o no \u00e2ngulo","inLanguage":"pt-PT","potentialAction":[{"@type":"ReadAction","target":["https:\/\/inelco-grinders.com\/pt-pt\/product\/ultima-tig-cut\/"]}]},{"@type":"ImageObject","inLanguage":"pt-PT","@id":"https:\/\/inelco-grinders.com\/pt-pt\/product\/ultima-tig-cut\/#primaryimage","url":"https:\/\/inelco-grinders.com\/wp-content\/uploads\/2021\/07\/Ultima-TIG-Cut.png","contentUrl":"https:\/\/inelco-grinders.com\/wp-content\/uploads\/2021\/07\/Ultima-TIG-Cut.png","width":253,"height":327,"caption":"Ultima TIG CUT"},{"@type":"WebSite","@id":"https:\/\/inelco-grinders.com\/pt-pt\/#website","url":"https:\/\/inelco-grinders.com\/pt-pt\/","name":"Inelco Grinders","description":"Grind tungsten electrodes safely &amp; economically","publisher":{"@id":"https:\/\/inelco-grinders.com\/pt-pt\/#organization"},"potentialAction":[{"@type":"SearchAction","target":{"@type":"EntryPoint","urlTemplate":"https:\/\/inelco-grinders.com\/pt-pt\/?s={search_term_string}"},"query-input":{"@type":"PropertyValueSpecification","valueRequired":true,"valueName":"search_term_string"}}],"inLanguage":"pt-PT"},{"@type":"Organization","@id":"https:\/\/inelco-grinders.com\/pt-pt\/#organization","name":"Inelco Grinders","url":"https:\/\/inelco-grinders.com\/pt-pt\/","logo":{"@type":"ImageObject","inLanguage":"pt-PT","@id":"https:\/\/inelco-grinders.com\/pt-pt\/#\/schema\/logo\/image\/","url":"https:\/\/inelco-grinders.com\/wp-content\/uploads\/2025\/10\/favicon-196x196-1.png","contentUrl":"https:\/\/inelco-grinders.com\/wp-content\/uploads\/2025\/10\/favicon-196x196-1.png","width":196,"height":196,"caption":"Inelco Grinders"},"image":{"@id":"https:\/\/inelco-grinders.com\/pt-pt\/#\/schema\/logo\/image\/"},"sameAs":["https:\/\/www.facebook.com\/inelcogrinders"]}]}},"_links":{"self":[{"href":"https:\/\/inelco-grinders.com\/pt-pt\/wp-json\/wp\/v2\/product\/1434","targetHints":{"allow":["GET"]}}],"collection":[{"href":"https:\/\/inelco-grinders.com\/pt-pt\/wp-json\/wp\/v2\/product"}],"about":[{"href":"https:\/\/inelco-grinders.com\/pt-pt\/wp-json\/wp\/v2\/types\/product"}],"wp:featuredmedia":[{"embeddable":true,"href":"https:\/\/inelco-grinders.com\/pt-pt\/wp-json\/wp\/v2\/media\/603"}],"wp:attachment":[{"href":"https:\/\/inelco-grinders.com\/pt-pt\/wp-json\/wp\/v2\/media?parent=1434"}],"curies":[{"name":"wp","href":"https:\/\/api.w.org\/{rel}","templated":true}]}}