{"id":1444,"date":"2021-07-01T16:30:04","date_gmt":"2021-07-01T16:30:04","guid":{"rendered":"https:\/\/inelcogrinders.wpengine.com\/product\/autogrind-digital\/"},"modified":"2026-03-18T12:14:41","modified_gmt":"2026-03-18T12:14:41","slug":"autogrind-digital","status":"publish","type":"product","link":"https:\/\/inelco-grinders.com\/pt-pt\/product\/autogrind-digital\/","title":{"rendered":"AutoGrind Digital"},"content":{"rendered":"\n<p>O AutoGrind Digital \u00e9 um m\u00f3dulo separado para afia\u00e7\u00e3o autom\u00e1tica de el\u00e9trodos de tungst\u00e9nio no Ultima-TIG<sup>\u00ae<\/sup> e no Ultima-TIG<sup>\u00ae<\/sup>-Cut. O AutoGrind-S Digital est\u00e1 dispon\u00edvel para o Ultima-TIG<sup>\u00ae<\/sup>-S. A afia\u00e7\u00e3o autom\u00e1tica abrevia o tempo de afia\u00e7\u00e3o e tamb\u00e9m \u00e9 uma solu\u00e7\u00e3o ergon\u00f3mica melhor para o utilizador afiar v\u00e1rios el\u00e9trodos. Com o AutoGrind Digital \u00e9 f\u00e1cil ajustar o tempo de afia\u00e7\u00e3o.<\/p>\n\n\n\n<h4 class=\"wp-block-heading\"><strong>Caracter\u00edsticas relevantes<\/strong><\/h4>\n\n\n\n<ul class=\"wp-block-list\">\n<li>A afia\u00e7\u00e3o autom\u00e1tica dos el\u00e9trodos assegura um resultado de precis\u00e3o e uniforme.<\/li>\n\n\n\n<li>A alta velocidade de rota\u00e7\u00e3o diminui o tempo para afiar<\/li>\n\n\n\n<li>O afiador \u00e9 desativado automaticamente quando a afia\u00e7\u00e3o termina<\/li>\n\n\n\n<li>O utilizador pode preparar a pr\u00f3ximo el\u00e9trodo durante o processo automatizado de afia\u00e7\u00e3o<\/li>\n<\/ul>\n\n\n\n<p><\/p>\n","protected":false},"featured_media":1293,"parent":0,"template":"","class_list":["post-1444","product","type-product","status-publish","has-post-thumbnail","hentry"],"acf":[],"yoast_head":"<!-- This site is optimized with the Yoast SEO plugin v27.0 - https:\/\/yoast.com\/product\/yoast-seo-wordpress\/ -->\n<title>AutoGrind Digital | Inelco Grinders<\/title>\n<meta name=\"description\" content=\"AutoGrind Digital \u00e9 um complemento para o Ultima-TIG. Garante a afia\u00e7\u00e3o autom\u00e1tica do el\u00e9trodo de tungst\u00e9nio. Marque uma demonstra\u00e7\u00e3o gratuita hoje!\" \/>\n<meta name=\"robots\" content=\"index, follow, max-snippet:-1, max-image-preview:large, max-video-preview:-1\" \/>\n<link rel=\"canonical\" href=\"https:\/\/inelco-grinders.com\/pt-pt\/product\/autogrind-digital\/\" \/>\n<meta property=\"og:locale\" content=\"pt_PT\" \/>\n<meta property=\"og:type\" content=\"article\" \/>\n<meta property=\"og:title\" content=\"AutoGrind Digital | Inelco Grinders\" \/>\n<meta property=\"og:description\" content=\"AutoGrind Digital \u00e9 um complemento para o Ultima-TIG. Garante a afia\u00e7\u00e3o autom\u00e1tica do el\u00e9trodo de tungst\u00e9nio. Marque uma demonstra\u00e7\u00e3o gratuita hoje!\" \/>\n<meta property=\"og:url\" content=\"https:\/\/inelco-grinders.com\/pt-pt\/product\/autogrind-digital\/\" \/>\n<meta property=\"og:site_name\" content=\"Inelco Grinders\" \/>\n<meta property=\"article:publisher\" content=\"https:\/\/www.facebook.com\/inelcogrinders\" \/>\n<meta property=\"article:modified_time\" content=\"2026-03-18T12:14:41+00:00\" \/>\n<meta property=\"og:image\" content=\"https:\/\/inelco-grinders.com\/wp-content\/uploads\/2021\/08\/autogrind-digital-featuredd.png\" \/>\n\t<meta property=\"og:image:width\" content=\"492\" \/>\n\t<meta property=\"og:image:height\" content=\"644\" \/>\n\t<meta property=\"og:image:type\" content=\"image\/png\" \/>\n<meta name=\"twitter:card\" content=\"summary_large_image\" \/>\n<meta name=\"twitter:label1\" content=\"Tempo estimado de leitura\" \/>\n\t<meta name=\"twitter:data1\" content=\"9 minutos\" \/>\n<!-- \/ Yoast SEO plugin. -->","yoast_head_json":{"title":"AutoGrind Digital | Inelco Grinders","description":"AutoGrind Digital \u00e9 um complemento para o Ultima-TIG. Garante a afia\u00e7\u00e3o autom\u00e1tica do el\u00e9trodo de tungst\u00e9nio. Marque uma demonstra\u00e7\u00e3o gratuita hoje!","robots":{"index":"index","follow":"follow","max-snippet":"max-snippet:-1","max-image-preview":"max-image-preview:large","max-video-preview":"max-video-preview:-1"},"canonical":"https:\/\/inelco-grinders.com\/pt-pt\/product\/autogrind-digital\/","og_locale":"pt_PT","og_type":"article","og_title":"AutoGrind Digital | Inelco Grinders","og_description":"AutoGrind Digital \u00e9 um complemento para o Ultima-TIG. Garante a afia\u00e7\u00e3o autom\u00e1tica do el\u00e9trodo de tungst\u00e9nio. Marque uma demonstra\u00e7\u00e3o gratuita hoje!","og_url":"https:\/\/inelco-grinders.com\/pt-pt\/product\/autogrind-digital\/","og_site_name":"Inelco Grinders","article_publisher":"https:\/\/www.facebook.com\/inelcogrinders","article_modified_time":"2026-03-18T12:14:41+00:00","og_image":[{"width":492,"height":644,"url":"https:\/\/inelco-grinders.com\/wp-content\/uploads\/2021\/08\/autogrind-digital-featuredd.png","type":"image\/png"}],"twitter_card":"summary_large_image","twitter_misc":{"Tempo estimado de leitura":"9 minutos"},"schema":{"@context":"https:\/\/schema.org","@graph":[{"@type":"WebPage","@id":"https:\/\/inelco-grinders.com\/pt-pt\/product\/autogrind-digital\/","url":"https:\/\/inelco-grinders.com\/pt-pt\/product\/autogrind-digital\/","name":"AutoGrind Digital | Inelco Grinders","isPartOf":{"@id":"https:\/\/inelco-grinders.com\/pt-pt\/#website"},"primaryImageOfPage":{"@id":"https:\/\/inelco-grinders.com\/pt-pt\/product\/autogrind-digital\/#primaryimage"},"image":{"@id":"https:\/\/inelco-grinders.com\/pt-pt\/product\/autogrind-digital\/#primaryimage"},"thumbnailUrl":"https:\/\/inelco-grinders.com\/wp-content\/uploads\/2021\/08\/autogrind-digital-featuredd.png","datePublished":"2021-07-01T16:30:04+00:00","dateModified":"2026-03-18T12:14:41+00:00","description":"AutoGrind Digital \u00e9 um complemento para o Ultima-TIG. Garante a afia\u00e7\u00e3o autom\u00e1tica do el\u00e9trodo de tungst\u00e9nio. Marque uma demonstra\u00e7\u00e3o gratuita hoje!","inLanguage":"pt-PT","potentialAction":[{"@type":"ReadAction","target":["https:\/\/inelco-grinders.com\/pt-pt\/product\/autogrind-digital\/"]}]},{"@type":"ImageObject","inLanguage":"pt-PT","@id":"https:\/\/inelco-grinders.com\/pt-pt\/product\/autogrind-digital\/#primaryimage","url":"https:\/\/inelco-grinders.com\/wp-content\/uploads\/2021\/08\/autogrind-digital-featuredd.png","contentUrl":"https:\/\/inelco-grinders.com\/wp-content\/uploads\/2021\/08\/autogrind-digital-featuredd.png","width":492,"height":644,"caption":"AutoGrind Digital"},{"@type":"WebSite","@id":"https:\/\/inelco-grinders.com\/pt-pt\/#website","url":"https:\/\/inelco-grinders.com\/pt-pt\/","name":"Inelco Grinders","description":"Grind tungsten electrodes safely &amp; economically","publisher":{"@id":"https:\/\/inelco-grinders.com\/pt-pt\/#organization"},"potentialAction":[{"@type":"SearchAction","target":{"@type":"EntryPoint","urlTemplate":"https:\/\/inelco-grinders.com\/pt-pt\/?s={search_term_string}"},"query-input":{"@type":"PropertyValueSpecification","valueRequired":true,"valueName":"search_term_string"}}],"inLanguage":"pt-PT"},{"@type":"Organization","@id":"https:\/\/inelco-grinders.com\/pt-pt\/#organization","name":"Inelco Grinders","url":"https:\/\/inelco-grinders.com\/pt-pt\/","logo":{"@type":"ImageObject","inLanguage":"pt-PT","@id":"https:\/\/inelco-grinders.com\/pt-pt\/#\/schema\/logo\/image\/","url":"https:\/\/inelco-grinders.com\/wp-content\/uploads\/2025\/10\/favicon-196x196-1.png","contentUrl":"https:\/\/inelco-grinders.com\/wp-content\/uploads\/2025\/10\/favicon-196x196-1.png","width":196,"height":196,"caption":"Inelco Grinders"},"image":{"@id":"https:\/\/inelco-grinders.com\/pt-pt\/#\/schema\/logo\/image\/"},"sameAs":["https:\/\/www.facebook.com\/inelcogrinders"]}]}},"_links":{"self":[{"href":"https:\/\/inelco-grinders.com\/pt-pt\/wp-json\/wp\/v2\/product\/1444","targetHints":{"allow":["GET"]}}],"collection":[{"href":"https:\/\/inelco-grinders.com\/pt-pt\/wp-json\/wp\/v2\/product"}],"about":[{"href":"https:\/\/inelco-grinders.com\/pt-pt\/wp-json\/wp\/v2\/types\/product"}],"wp:featuredmedia":[{"embeddable":true,"href":"https:\/\/inelco-grinders.com\/pt-pt\/wp-json\/wp\/v2\/media\/1293"}],"wp:attachment":[{"href":"https:\/\/inelco-grinders.com\/pt-pt\/wp-json\/wp\/v2\/media?parent=1444"}],"curies":[{"name":"wp","href":"https:\/\/api.w.org\/{rel}","templated":true}]}}