{"id":16988,"date":"2026-03-10T09:44:27","date_gmt":"2026-03-10T09:44:27","guid":{"rendered":"https:\/\/inelco-grinders.com\/?post_type=product&#038;p=16988"},"modified":"2026-03-10T10:07:41","modified_gmt":"2026-03-10T10:07:41","slug":"carrinho","status":"publish","type":"product","link":"https:\/\/inelco-grinders.com\/pt-pt\/product\/carrinho\/","title":{"rendered":"Carrinho"},"content":{"rendered":"\n<p>Obt\u00e9m um carrinho para o teu afiador de tungst\u00e9nio e os teus essenciais de soldadura.<\/p>\n\n\n\n<p>Mant\u00e9m as ferramentas sempre \u00e0 m\u00e3o com o nosso carrinho. Foi concebido para transportar o teu afiador de tungst\u00e9nio, l\u00edquido de afia\u00e7\u00e3o, pe\u00e7as sobressalentes, capacete de soldadura, el\u00e9trodos de tungst\u00e9nio e muito mais &#8211; tudo num s\u00f3 lugar. Robusto, compacto e f\u00e1cil de mover, este carrinho acompanha-te por toda a oficina para que possas concentrar-te no trabalho e n\u00e3o em procurar as tuas ferramentas.<\/p>\n\n\n\n<h4 class=\"wp-block-heading\">Caracter\u00edsticas<\/h4>\n\n\n\n<ul class=\"wp-block-list\">\n<li>Leva contigo tudo o que precisas<\/li>\n\n\n\n<li>Solu\u00e7\u00e3o m\u00f3vel e flex\u00edvel<\/li>\n\n\n\n<li>F\u00e1cil de mover na oficina<\/li>\n<\/ul>\n","protected":false},"featured_media":16851,"parent":0,"template":"","class_list":["post-16988","product","type-product","status-publish","has-post-thumbnail","hentry"],"acf":[],"yoast_head":"<!-- This site is optimized with the Yoast SEO plugin v27.0 - https:\/\/yoast.com\/product\/yoast-seo-wordpress\/ -->\n<title>Inelco Grinders&#039; Trolley<\/title>\n<meta name=\"description\" content=\"Obt\u00e9m um carrinho para o teu afiador de tungst\u00e9nio e os teus essenciais de soldadura. Mant\u00e9m as ferramentas sempre \u00e0 m\u00e3o com o nosso carrinho. Foi\" \/>\n<meta name=\"robots\" content=\"index, follow, max-snippet:-1, max-image-preview:large, max-video-preview:-1\" \/>\n<link rel=\"canonical\" href=\"https:\/\/inelco-grinders.com\/pt-pt\/product\/carrinho\/\" \/>\n<meta property=\"og:locale\" content=\"pt_PT\" \/>\n<meta property=\"og:type\" content=\"article\" \/>\n<meta property=\"og:title\" content=\"Inelco Grinders&#039; Trolley\" \/>\n<meta property=\"og:description\" content=\"Obt\u00e9m um carrinho para o teu afiador de tungst\u00e9nio e os teus essenciais de soldadura. Mant\u00e9m as ferramentas sempre \u00e0 m\u00e3o com o nosso carrinho. Foi\" \/>\n<meta property=\"og:url\" content=\"https:\/\/inelco-grinders.com\/pt-pt\/product\/carrinho\/\" \/>\n<meta property=\"og:site_name\" content=\"Inelco Grinders\" \/>\n<meta property=\"article:publisher\" content=\"https:\/\/www.facebook.com\/inelcogrinders\" \/>\n<meta property=\"article:modified_time\" content=\"2026-03-10T10:07:41+00:00\" \/>\n<meta property=\"og:image\" content=\"https:\/\/inelco-grinders.com\/wp-content\/uploads\/2026\/02\/trolley_t_img1.jpg\" \/>\n\t<meta property=\"og:image:width\" content=\"288\" \/>\n\t<meta property=\"og:image:height\" content=\"234\" \/>\n\t<meta property=\"og:image:type\" content=\"image\/jpeg\" \/>\n<meta name=\"twitter:card\" content=\"summary_large_image\" \/>\n<meta name=\"twitter:label1\" content=\"Tempo estimado de leitura\" \/>\n\t<meta name=\"twitter:data1\" content=\"5 minutos\" \/>\n<!-- \/ Yoast SEO plugin. -->","yoast_head_json":{"title":"Inelco Grinders' Trolley","description":"Obt\u00e9m um carrinho para o teu afiador de tungst\u00e9nio e os teus essenciais de soldadura. Mant\u00e9m as ferramentas sempre \u00e0 m\u00e3o com o nosso carrinho. Foi","robots":{"index":"index","follow":"follow","max-snippet":"max-snippet:-1","max-image-preview":"max-image-preview:large","max-video-preview":"max-video-preview:-1"},"canonical":"https:\/\/inelco-grinders.com\/pt-pt\/product\/carrinho\/","og_locale":"pt_PT","og_type":"article","og_title":"Inelco Grinders' Trolley","og_description":"Obt\u00e9m um carrinho para o teu afiador de tungst\u00e9nio e os teus essenciais de soldadura. Mant\u00e9m as ferramentas sempre \u00e0 m\u00e3o com o nosso carrinho. Foi","og_url":"https:\/\/inelco-grinders.com\/pt-pt\/product\/carrinho\/","og_site_name":"Inelco Grinders","article_publisher":"https:\/\/www.facebook.com\/inelcogrinders","article_modified_time":"2026-03-10T10:07:41+00:00","og_image":[{"width":288,"height":234,"url":"https:\/\/inelco-grinders.com\/wp-content\/uploads\/2026\/02\/trolley_t_img1.jpg","type":"image\/jpeg"}],"twitter_card":"summary_large_image","twitter_misc":{"Tempo estimado de leitura":"5 minutos"},"schema":{"@context":"https:\/\/schema.org","@graph":[{"@type":"WebPage","@id":"https:\/\/inelco-grinders.com\/pt-pt\/product\/carrinho\/","url":"https:\/\/inelco-grinders.com\/pt-pt\/product\/carrinho\/","name":"Inelco Grinders' Trolley","isPartOf":{"@id":"https:\/\/inelco-grinders.com\/pt-pt\/#website"},"primaryImageOfPage":{"@id":"https:\/\/inelco-grinders.com\/pt-pt\/product\/carrinho\/#primaryimage"},"image":{"@id":"https:\/\/inelco-grinders.com\/pt-pt\/product\/carrinho\/#primaryimage"},"thumbnailUrl":"https:\/\/inelco-grinders.com\/wp-content\/uploads\/2026\/02\/trolley_t_img1.jpg","datePublished":"2026-03-10T09:44:27+00:00","dateModified":"2026-03-10T10:07:41+00:00","description":"Obt\u00e9m um carrinho para o teu afiador de tungst\u00e9nio e os teus essenciais de soldadura. Mant\u00e9m as ferramentas sempre \u00e0 m\u00e3o com o nosso carrinho. Foi","inLanguage":"pt-PT","potentialAction":[{"@type":"ReadAction","target":["https:\/\/inelco-grinders.com\/pt-pt\/product\/carrinho\/"]}]},{"@type":"ImageObject","inLanguage":"pt-PT","@id":"https:\/\/inelco-grinders.com\/pt-pt\/product\/carrinho\/#primaryimage","url":"https:\/\/inelco-grinders.com\/wp-content\/uploads\/2026\/02\/trolley_t_img1.jpg","contentUrl":"https:\/\/inelco-grinders.com\/wp-content\/uploads\/2026\/02\/trolley_t_img1.jpg","width":288,"height":234},{"@type":"WebSite","@id":"https:\/\/inelco-grinders.com\/pt-pt\/#website","url":"https:\/\/inelco-grinders.com\/pt-pt\/","name":"Inelco Grinders","description":"Grind tungsten electrodes safely &amp; economically","publisher":{"@id":"https:\/\/inelco-grinders.com\/pt-pt\/#organization"},"potentialAction":[{"@type":"SearchAction","target":{"@type":"EntryPoint","urlTemplate":"https:\/\/inelco-grinders.com\/pt-pt\/?s={search_term_string}"},"query-input":{"@type":"PropertyValueSpecification","valueRequired":true,"valueName":"search_term_string"}}],"inLanguage":"pt-PT"},{"@type":"Organization","@id":"https:\/\/inelco-grinders.com\/pt-pt\/#organization","name":"Inelco Grinders","url":"https:\/\/inelco-grinders.com\/pt-pt\/","logo":{"@type":"ImageObject","inLanguage":"pt-PT","@id":"https:\/\/inelco-grinders.com\/pt-pt\/#\/schema\/logo\/image\/","url":"https:\/\/inelco-grinders.com\/wp-content\/uploads\/2025\/10\/favicon-196x196-1.png","contentUrl":"https:\/\/inelco-grinders.com\/wp-content\/uploads\/2025\/10\/favicon-196x196-1.png","width":196,"height":196,"caption":"Inelco Grinders"},"image":{"@id":"https:\/\/inelco-grinders.com\/pt-pt\/#\/schema\/logo\/image\/"},"sameAs":["https:\/\/www.facebook.com\/inelcogrinders"]}]}},"_links":{"self":[{"href":"https:\/\/inelco-grinders.com\/pt-pt\/wp-json\/wp\/v2\/product\/16988","targetHints":{"allow":["GET"]}}],"collection":[{"href":"https:\/\/inelco-grinders.com\/pt-pt\/wp-json\/wp\/v2\/product"}],"about":[{"href":"https:\/\/inelco-grinders.com\/pt-pt\/wp-json\/wp\/v2\/types\/product"}],"wp:featuredmedia":[{"embeddable":true,"href":"https:\/\/inelco-grinders.com\/pt-pt\/wp-json\/wp\/v2\/media\/16851"}],"wp:attachment":[{"href":"https:\/\/inelco-grinders.com\/pt-pt\/wp-json\/wp\/v2\/media?parent=16988"}],"curies":[{"name":"wp","href":"https:\/\/api.w.org\/{rel}","templated":true}]}}